{"id":7689,"date":"2017-09-05T11:40:32","date_gmt":"2017-09-05T11:40:32","guid":{"rendered":"https:\/\/original-militaria.com\/?post_type=product&#038;p=7689"},"modified":"2022-01-31T19:06:26","modified_gmt":"2022-01-31T18:06:26","slug":"nsdap-guila-de-bronce-1er-modelo","status":"publish","type":"product","link":"https:\/\/original-militaria.com\/en\/producto\/nsdap-guila-de-bronce-1er-modelo\/","title":{"rendered":"NSDAP\/  Eagle 1st Model&#8212;NSDAP, \u00c1guila de Bronce 1er Modelo"},"content":{"rendered":"<p align=\"justify\"><span style=\"font-size: 12pt\"><strong><span style=\"font-family: Verdana\">ANTECEDENTES:<\/span><\/strong><span style=\"font-family: Verdana\"> El Partido Nacionalsocialista (tambi\u00e9n traducido por Partido Nacionalsocialista Obrero\u00a0Alem\u00e1n; en alem\u00e1n\u00a0Nationalsozialistische Deutsche Arbeiterpartei, NSDAP), mejor conocido como el Partido nazi, fue el partido pol\u00edtico llevado al poder por Adolf Hitler en 1933. El partido fue la \u00fanica fuerza pol\u00edtica legal en la Alemania Nazi desde la ca\u00edda de la Rep\u00fablica de Weimar (1933)\u00a0hasta el fin de la WW2.\u00a0\u00a0En las elecciones parlamentarias\u00a0de julio de 1932, a pesar de la amenaza de proscripci\u00f3n de las SA (Sturmabteilung, Secciones de Asalto, el ej\u00e9rcito privado del partido) en 1932, los nazis alcanzaron un total de 13,57 millones de votos, y se convirtieron en el bloque m\u00e1s votado en el Parlamento.\u00a0El 30 de enero de 1933, Hitler\u00a0fue nombrado Canciller por el presidente Hindenburg, despu\u00e9s de la proscripci\u00f3n o cancelaci\u00f3n de todos los dem\u00e1s partidos el 5 de julio y la prohibici\u00f3n el 14 de julio de formar nuevos,\u00a0los nacionalsocialistas se convierten en el \u00fanico partido pol\u00edtico restante. Esto era parte de la Gleichschaltung (sincronizaci\u00f3n).\u00a0\u00a0Nombraron a las SA como brazo armado del R\u00e9gimen y a las SS como un organismo auxiliar de las SA, adem\u00e1s de crear la Polic\u00eda Secreta del Estado (Geheime Staats Polizei, Gestapo).\u00a0<\/span><\/span><\/p>\n<p align=\"justify\"><span style=\"font-size: 12pt\"><strong><span style=\"font-family: Verdana\">DESCRIPCION:<\/span><\/strong><span style=\"font-family: Verdana\"> NSDAP, \u00c1guila 1er modelo fabricada en bronce para las puertas de los acuartelamientos del partido, se trata de un \u00e1guila con las alas extendidas sujetando una est\u00e1tica esv\u00e1stica orlada con hojas de roble, es bastante pesada, mide 23,5 cm de ancho por 19 cm de alto. No se ven muchas de estas, se ven de ferrocarriles (las grandes).<\/span><\/span><\/p>\n","protected":false},"excerpt":{"rendered":"<p align=\"justify\"><strong><span style=\"font-size: 9pt;font-family: Verdana\">ANTECEDENTES:<\/span><\/strong><span style=\"font-size: 9pt;font-family: Verdana\"> El Partido Nacionalsocialista (tambi\u00e9n traducido por Partido Nacionalsocialista Obrero\u00a0Alem\u00e1n; en alem\u00e1n\u00a0Nationalsozialistische Deutsche Arbeiterpartei, NSDAP), mejor conocido como el Partido nazi, fue el partido pol\u00edtico llevado al poder por Adolf Hitler en 1933. El partido fue la \u00fanica fuerza pol\u00edtica legal en la Alemania Nazi desde la ca\u00edda de la Rep\u00fablica de Weimar (1933)\u00a0hasta el fin de la WW2.\u00a0\u00a0En las elecciones parlamentarias\u00a0de julio de 1932, a pesar de la amenaza de proscripci\u00f3n de las SA (Sturmabteilung, Secciones de Asalto, el ej\u00e9rcito privado del partido) en 1932, los nazis alcanzaron un total de 13,57 millones de votos, y se convirtieron en el bloque m\u00e1s votado en el Parlamento.\u00a0El 30 de enero de 1933, Hitler\u00a0fue nombrado Canciller por el presidente Hindenburg, despu\u00e9s de la proscripci\u00f3n o cancelaci\u00f3n de todos los dem\u00e1s partidos el 5 de julio y la prohibici\u00f3n el 14 de julio de formar nuevos,\u00a0los nacionalsocialistas se convierten en el \u00fanico partido pol\u00edtico restante. Esto era parte de la Gleichschaltung (sincronizaci\u00f3n).\u00a0\u00a0Nombraron a las SA como brazo armado del R\u00e9gimen y a las SS como un organismo auxiliar de las SA, adem\u00e1s de crear la Polic\u00eda Secreta del Estado (Geheime Staats Polizei, Gestapo).\u00a0<\/span><\/p>\n<p align=\"justify\"><strong><span style=\"font-size: 9pt;font-family: Verdana\">DESCRIPCION:<\/span><\/strong><span style=\"font-size: 9pt;font-family: Verdana\"> NSDAP, \u00c1guila 1er modelo fabricada en bronce\u00a0para las puertas de los acuertelamiento del partido, se trata de un \u00e1guila con las alas extendidas sujetando una est\u00e1tica esv\u00e1stica orlada con hojas de roble, es bastante pesada, <span style=\"color: #ff0000\">mide 23,5 cm<\/span> de ancho por <span style=\"color: #ff0000\">19 cm<\/span> de alto. No se ven muchas de estas, se ven de ferrocarriles (las grandes).<\/span><\/p>\n","protected":false},"featured_media":7690,"template":"","meta":[],"product_brand":[],"product_cat":[224],"product_tag":[],"class_list":{"0":"post-7689","1":"product","2":"type-product","3":"status-publish","4":"has-post-thumbnail","6":"product_cat-archivo-vendidos","7":"sales-flash-overlay","8":"woocommerce-text-align-center","9":"woocommerce-image-align-center","10":"do-quantity-buttons","12":"first","13":"outofstock","14":"purchasable","15":"product-type-simple"},"_links":{"self":[{"href":"https:\/\/original-militaria.com\/en\/wp-json\/wp\/v2\/product\/7689","targetHints":{"allow":["GET"]}}],"collection":[{"href":"https:\/\/original-militaria.com\/en\/wp-json\/wp\/v2\/product"}],"about":[{"href":"https:\/\/original-militaria.com\/en\/wp-json\/wp\/v2\/types\/product"}],"wp:featuredmedia":[{"embeddable":true,"href":"https:\/\/original-militaria.com\/en\/wp-json\/wp\/v2\/media\/7690"}],"wp:attachment":[{"href":"https:\/\/original-militaria.com\/en\/wp-json\/wp\/v2\/media?parent=7689"}],"wp:term":[{"taxonomy":"product_brand","embeddable":true,"href":"https:\/\/original-militaria.com\/en\/wp-json\/wp\/v2\/product_brand?post=7689"},{"taxonomy":"product_cat","embeddable":true,"href":"https:\/\/original-militaria.com\/en\/wp-json\/wp\/v2\/product_cat?post=7689"},{"taxonomy":"product_tag","embeddable":true,"href":"https:\/\/original-militaria.com\/en\/wp-json\/wp\/v2\/product_tag?post=7689"}],"curies":[{"name":"wp","href":"https:\/\/api.w.org\/{rel}","templated":true}]}}