{"id":7585,"date":"2017-09-05T11:40:05","date_gmt":"2017-09-05T11:40:05","guid":{"rendered":"https:\/\/original-militaria.com\/?post_type=product&#038;p=7585"},"modified":"2022-01-31T19:06:24","modified_gmt":"2022-01-31T18:06:24","slug":"distintivo-de-herido-en-plata-ldo-l-22","status":"publish","type":"product","link":"https:\/\/original-militaria.com\/en\/producto\/distintivo-de-herido-en-plata-ldo-l-22\/","title":{"rendered":"Wehrmacht\/ Wound Badge in Silver &#8220;L\/22&#8221; &#8211;WH\/ Distintivo de Herido en Plata &#8220;L\/ 22&#8221;"},"content":{"rendered":"<p class=\"MsoNormal\" style=\"margin: 0cm 0cm 0pt;text-align: justify\" align=\"justify\"><span style=\"font-size: 12pt;font-family: verdana, geneva, sans-serif\"><strong>ANTECEDENTES:<\/strong> La insignia de herido se estableci\u00f3 originalmente el 3 de marzo de 1918 por el Rey Wilhelm II para\u00a0reconocer el sacrificio de aquellos heridos durante\u00a0la Guerra 1914-1918. La insignia se instituy\u00f3 en tres clases o grados, <strong>negro, plata y oro<\/strong> con la idea de reflejar el n\u00famero o severidad de las heridas recibidas. El 22 de mayo de 1939 Adolfo Hitler re-instituy\u00f3 una versi\u00f3n ligeramente modificada de la insignia de herido con el agregado de la esv\u00e1stica al modelo de la primera guerra mundial, para premiar a los voluntarios alemanes que hab\u00edan participado en la Guerra Civil Espa\u00f1ola (Marzo de 1936 a Julio de 1939) del lado del General Francisco Franco, contra el bando Republicano aliado a los comunista. El 1\u00ba de septiembre de 1939, Hitler modific\u00f3 la\u00a0versi\u00f3n de la insignia de herido\u00a0alterando el casco modelo de primera guerra,\u00a0por el casco modelo <strong>M35<\/strong> recientemente dise\u00f1ado. La insignia se otorg\u00f3 a las fuerzas armadas y personal no militar uniformado, y despu\u00e9s de marzo de 1943, al personal civil que recibi\u00f3 heridas como resultado de las acciones del enemigo. La insignia de color negro se otorg\u00f3 para una o dos heridas, la de plata para tres o cuatro heridas, y en oro para mas de cinco heridas, o, si la herida fuera muy severa. S\u00f3lo se entregaron 182 en clase color negro, y 1 en clase color plata, para los veteranos alemanes heridos durante la Guerra Civil Espa\u00f1ola. \u00a0 La insignia del 20\u00a0de julio\u00a0estaba basada en la insignia de herido com\u00fan, pero el casco era ligeramente m\u00e1s alto y m\u00e1s grande,\u00a0ten\u00eda la fecha <strong>\u201c20 Julio 1944\u201d<\/strong> y\u00a0la <strong>firma de Hitler<\/strong> debajo del casco. Hitler entreg\u00f3 este premio a todos los sobrevivientes del atentado\u00a0como insignia de herido especial en una ceremonia el 2 de septiembre de 1944.\u00a0\u00a0\u00a0<\/span><\/p>\n<p style=\"text-align: justify\" align=\"justify\"><span style=\"font-size: 12pt;font-family: verdana, geneva, sans-serif\"><strong>DESCRIPCI\u00d3N:<\/strong> Modelo de 1939 (Verwundeten-Abzeichen, Silber). El distintivo es de forma ovalada y est\u00e1 realzado\u00a0por una guirnalda que abarca un casco M35 realzado y biselado con esv\u00e1stica. Las espadas cruzadas por debajo del casco. El ba\u00f1o\u00a0en plata\u00a0perfecto. Lleva marcaje <strong>&#8220;L\/22&#8221;<\/strong> del fabricante LDO <strong>&#8220;Glaser &amp; Sohn &#8211; Dresden&#8221;<\/strong>.<\/span><\/p>\n","protected":false},"excerpt":{"rendered":"<p class=\"MsoNormal\" style=\"margin: 0cm 0cm 0pt\" align=\"justify\"><strong><span style=\"font-family: Verdana;font-size: 10pt\">ANTECEDENTES:<\/span><\/strong><span style=\"font-family: Verdana;font-size: 10pt\"> La insignia de herido se estableci\u00f3 originalmente el 3 de marzo de 1918 por el Rey Wilhelm II para\u00a0reconocer el sacrificio de aquellos heridos durante\u00a0la Guerra 1914-1918. La insignia se instituy\u00f3 en tres clases o grados, <\/span><strong><span style=\"font-family: Verdana;font-size: 10pt\">negro, plata y oro<\/span><\/strong><span style=\"font-family: Verdana;font-size: 10pt\"> con la idea de reflejar\u00a0el n\u00famero o severidad de las heridas recibidas. El\u00a022 de mayo de\u00a01939 Adolfo Hitler re-instituy\u00f3 una versi\u00f3n ligeramente modificada de la insignia de herido con el agregado\u00a0de la esv\u00e1stica\u00a0al modelo de la primera guerra mundial, para premiar a los voluntarios alemanes que hab\u00edan\u00a0participado en<br \/>\nla Guerra Civil Espa\u00f1ola (Marzo de 1936 a Julio de 1939) del lado del General Francisco Franco, contra el bando Republicano aliado a los comunista. El 1\u00ba de septiembre de 1939, Hitler modific\u00f3 la\u00a0versi\u00f3n de la insignia de herido\u00a0alterando el casco modelo de primera guerra,\u00a0por el casco modelo <\/span><strong><span style=\"font-family: Verdana;font-size: 10pt\">M35<\/span><\/strong><span style=\"font-family: Verdana;font-size: 10pt\"> recientemente dise\u00f1ado. La insignia se otorg\u00f3 a\u00a0las fuerzas armadas\u00a0y personal no militar uniformado, y despu\u00e9s de marzo de 1943, al personal civil que recibi\u00f3 heridas como resultado de las acciones del enemigo. La insignia de color negro se otorg\u00f3 para una o dos\u00a0heridas, la\u00a0de plata para tres o cuatro heridas,\u00a0y en oro para mas de cinco heridas, o, si la herida fuera muy severa. S\u00f3lo se entregaron\u00a0182 en clase color negro, y 1\u00a0en clase color\u00a0plata, para los veteranos alemanes heridos\u00a0durante<br \/>\nla Guerra Civil Espa\u00f1ola. \u00a0 La insignia del 20\u00a0de julio\u00a0estaba basada en la insignia de herido com\u00fan, pero el casco era ligeramente m\u00e1s alto y m\u00e1s grande,\u00a0ten\u00eda la fecha <\/span><strong><span style=\"font-family: Verdana;font-size: 10pt\">\u201c20 Julio 1944\u201d<\/span><\/strong><span style=\"font-family: Verdana;font-size: 10pt\"> y\u00a0la <\/span><strong><span style=\"font-family: Verdana;font-size: 10pt\">firma de Hitler<\/span><\/strong><span style=\"font-family: Verdana;font-size: 10pt\"> debajo del casco. Hitler entreg\u00f3 este premio a todos los sobrevivientes del atentado\u00a0como insignia de herido especial en una ceremonia el 2 de septiembre de 1944.<\/span><span style=\"font-family: Verdana;font-size: 10pt\">\u00a0\u00a0<\/span><\/p>\n<p align=\"justify\"><strong><span style=\"font-family: Verdana;font-size: 10pt\">DESCRIPCI\u00d3N:<\/span><\/strong><span style=\"font-family: Verdana;font-size: 10pt\"> Modelo de 1939.\u00a0<span style=\"font-family: Arial;font-size: small\">\u00a0<\/span><span style=\"font-family: Arial;font-size: small\">(<span style=\"font-family: Verdana\">Verwundeten-Abzeichen, Silber). <\/span><\/span>El distintivo es de forma ovalada y est\u00e1 realzado\u00a0por una guirnalda que abarca un casco M35 realzado y biselado con esv\u00e1stica. Las espadas cruzadas por debajo del casco. El ba\u00f1o\u00a0en plata\u00a0perfecto. Lleva marcaje <span style=\"color: #ff0000\">&#8220;L 22&#8221;<\/span> del fabricante LDO &#8220;Glaser &amp; Sohn &#8211;<br \/>\nDresden&#8221;.<\/span><\/p>\n","protected":false},"featured_media":7586,"template":"","meta":[],"product_brand":[],"product_cat":[224],"product_tag":[],"class_list":{"0":"post-7585","1":"product","2":"type-product","3":"status-publish","4":"has-post-thumbnail","6":"product_cat-archivo-vendidos","7":"sales-flash-overlay","8":"woocommerce-text-align-center","9":"woocommerce-image-align-center","10":"do-quantity-buttons","12":"first","13":"outofstock","14":"purchasable","15":"product-type-simple"},"_links":{"self":[{"href":"https:\/\/original-militaria.com\/en\/wp-json\/wp\/v2\/product\/7585","targetHints":{"allow":["GET"]}}],"collection":[{"href":"https:\/\/original-militaria.com\/en\/wp-json\/wp\/v2\/product"}],"about":[{"href":"https:\/\/original-militaria.com\/en\/wp-json\/wp\/v2\/types\/product"}],"wp:featuredmedia":[{"embeddable":true,"href":"https:\/\/original-militaria.com\/en\/wp-json\/wp\/v2\/media\/7586"}],"wp:attachment":[{"href":"https:\/\/original-militaria.com\/en\/wp-json\/wp\/v2\/media?parent=7585"}],"wp:term":[{"taxonomy":"product_brand","embeddable":true,"href":"https:\/\/original-militaria.com\/en\/wp-json\/wp\/v2\/product_brand?post=7585"},{"taxonomy":"product_cat","embeddable":true,"href":"https:\/\/original-militaria.com\/en\/wp-json\/wp\/v2\/product_cat?post=7585"},{"taxonomy":"product_tag","embeddable":true,"href":"https:\/\/original-militaria.com\/en\/wp-json\/wp\/v2\/product_tag?post=7585"}],"curies":[{"name":"wp","href":"https:\/\/api.w.org\/{rel}","templated":true}]}}