{"id":7559,"date":"2017-09-05T11:39:56","date_gmt":"2017-09-05T11:39:56","guid":{"rendered":"https:\/\/original-militaria.com\/?post_type=product&#038;p=7559"},"modified":"2022-11-17T17:45:22","modified_gmt":"2022-11-17T16:45:22","slug":"luftwaffe-flak-artilleria-lbum-de-fotos","status":"publish","type":"product","link":"https:\/\/original-militaria.com\/en\/producto\/luftwaffe-flak-artilleria-lbum-de-fotos\/","title":{"rendered":"Luftwaffe, Flak Artiller\u00eda, \u00c1lbum de Fotos"},"content":{"rendered":"<p align=\"justify\"><span style=\"font-size: medium;\"><strong><span style=\"font-family: Verdana;\">ANTECEDENTES:<\/span><\/strong><span style=\"font-family: Verdana;\">\u00a0El instinto humano b\u00e1sico dicta los soldados en el campo de batalla independientemente de su nacionalidad el enviar fotos a casa, siempre para sus seres queridos. Como resultado de ello era muy com\u00fan los soldados que se fotografiaban o que fotografiaban a los amigos, escenas de combate, lugares etc las enviaran. Tambi\u00e9n hay muchas otras razones para que se enviaran a casa.<\/span><\/span><\/p>\n<p align=\"justify\"><span style=\"font-size: medium;\"><strong><span style=\"font-family: Verdana;\">DESCRIPCION:<\/span><\/strong><span style=\"font-family: Verdana;\"> Luftwaffe, Flak artiller\u00eda. \u00c1lbum (Photographie Stammbuch) con 47 paginas desmontables y 122 fotograf\u00edas con sus separadores perteneciente a\u00a0un soldado de <\/span><\/span><span style=\"font-size: 9pt; font-family: Verdana;\"><span style=\"font-size: medium;\">la Flak<\/span><\/span><span style=\"font-size: medium;\"><span style=\"font-family: Verdana;\"> durante su vida en su acuartelamiento durante diversos meses, tiene fotos de soldados haciendo practicas y maniobras, de la vida en el cuartel, sus tareas, sus amigos, tiro con antia\u00e9reo, ametralladora etc, no est\u00e1n puestas todas las fotos.<\/span><\/span><\/p>\n","protected":false},"excerpt":{"rendered":"<p align=\"justify\"><span style=\"font-size: medium;\"><strong><span style=\"font-family: Verdana;\">ANTECEDENTES:<\/span><\/strong><span style=\"font-family: Verdana;\">\u00a0El instinto humano b\u00e1sico dicta los soldados en el campo de batalla independientemente de su nacionalidad el enviar fotos a casa, siempre para sus seres queridos. Como resultado de ello era muy com\u00fan los soldados que se fotografiaban o que fotografiaban a los amigos, escenas de combate, lugares etc las enviaran. Tambi\u00e9n hay muchas otras razones para que se enviaran a casa.<\/span><\/span><\/p>\n<p align=\"justify\"><span style=\"font-size: medium;\"><strong><span style=\"font-family: Verdana;\">DESCRIPCION:<\/span><\/strong><span style=\"font-family: Verdana;\"> Luftwaffe, Flak artiller\u00eda. \u00c1lbum (Photographie Stammbuch) con 47 paginas desmontables y 122 fotograf\u00edas con sus separadores perteneciente a\u00a0un soldado de <\/span><\/span><span style=\"font-size: 9pt; font-family: Verdana;\"><span style=\"font-size: medium;\">la Flak<\/span><\/span><span style=\"font-size: medium;\"><span style=\"font-family: Verdana;\"> durante su vida en su acuartelamiento durante diversos meses, tiene fotos de soldados haciendo practicas y maniobras, de la vida en el cuartel, sus tareas, sus amigos, tiro con antia\u00e9reo, ametralladora etc, no est\u00e1n puestas todas las fotos.<\/span><\/span><\/p>\n","protected":false},"featured_media":7560,"template":"","meta":[],"product_brand":[],"product_cat":[172,224],"product_tag":[],"class_list":{"0":"post-7559","1":"product","2":"type-product","3":"status-publish","4":"has-post-thumbnail","6":"product_cat-militaria-alemana-ww2","7":"product_cat-archivo-vendidos","8":"sales-flash-overlay","9":"woocommerce-text-align-center","10":"woocommerce-image-align-center","11":"do-quantity-buttons","13":"first","14":"outofstock","15":"product-type-simple"},"_links":{"self":[{"href":"https:\/\/original-militaria.com\/en\/wp-json\/wp\/v2\/product\/7559","targetHints":{"allow":["GET"]}}],"collection":[{"href":"https:\/\/original-militaria.com\/en\/wp-json\/wp\/v2\/product"}],"about":[{"href":"https:\/\/original-militaria.com\/en\/wp-json\/wp\/v2\/types\/product"}],"wp:featuredmedia":[{"embeddable":true,"href":"https:\/\/original-militaria.com\/en\/wp-json\/wp\/v2\/media\/7560"}],"wp:attachment":[{"href":"https:\/\/original-militaria.com\/en\/wp-json\/wp\/v2\/media?parent=7559"}],"wp:term":[{"taxonomy":"product_brand","embeddable":true,"href":"https:\/\/original-militaria.com\/en\/wp-json\/wp\/v2\/product_brand?post=7559"},{"taxonomy":"product_cat","embeddable":true,"href":"https:\/\/original-militaria.com\/en\/wp-json\/wp\/v2\/product_cat?post=7559"},{"taxonomy":"product_tag","embeddable":true,"href":"https:\/\/original-militaria.com\/en\/wp-json\/wp\/v2\/product_tag?post=7559"}],"curies":[{"name":"wp","href":"https:\/\/api.w.org\/{rel}","templated":true}]}}