{"id":7506,"date":"2017-09-05T11:39:42","date_gmt":"2017-09-05T11:39:42","guid":{"rendered":"https:\/\/original-militaria.com\/?post_type=product&#038;p=7506"},"modified":"2022-01-31T19:06:20","modified_gmt":"2022-01-31T18:06:20","slug":"telefono-de-campana-33","status":"publish","type":"product","link":"https:\/\/original-militaria.com\/en\/producto\/telefono-de-campana-33\/","title":{"rendered":"Wehrmacht\/ F33 Field Telephone&#8212;WH\/ Tel\u00e9fono de Campa\u00f1a &#8220;33&#8221;"},"content":{"rendered":"<p style=\"text-align: justify\" align=\"justify\"><span style=\"font-family: verdana, geneva, sans-serif;font-size: 12pt\"><strong>ANTECEDENTES:<\/strong> Las precisas y seguras l\u00edneas de comunicaci\u00f3n fueron elementos cruciales para el ej\u00e9rcito alem\u00e1n en el campo de batalla durante la Segunda Guerra Mundial y en cada divisi\u00f3n hab\u00eda una unidad de se\u00f1ales y comunicaciones. Generalmente consist\u00eda dentro de cada batall\u00f3n de una Compa\u00f1\u00eda de radio y una compa\u00f1\u00eda de telefon\u00eda. Se utiliz\u00f3 una amplia variedad de receptores de radio, tel\u00e9fonos y asociados al equipo de comunicaciones en todos los teatros de operaciones. El Feldfernsprecher 33, (Tel\u00e9fono M\u00f3vil 33), fue el modelo de tel\u00e9fono est\u00e1ndar utilizado por el ej\u00e9rcito alem\u00e1n durante la Segunda Guerra Mundial. El tel\u00e9fono de campo de inducci\u00f3n magneto\u00f3pticos F33 era alimentado por una bater\u00eda de 1,5 voltios y pod\u00eda utilizarse como un cable de comunicaci\u00f3n y establecer una comunicaci\u00f3n a distancia con la Tornister Funkger\u00e4t D2, y la Tornister Funkger\u00e4t b1 y F.<\/span><\/p>\n<p style=\"text-align: justify\"><span style=\"font-family: verdana, geneva, sans-serif;font-size: 12pt\"><strong>DESCRIPCI\u00d3N:<\/strong> Tel\u00e9fono de Campa\u00f1a &#8220;33&#8221; (Feldfernsprecher 33) completo de la Wehrmacht del a\u00f1o 1939 con su manivela,\u00a0fabricado en baquelita color marr\u00f3n, en la parte superior derecha de la tapa tiene la placa blanca con el alfabeto fon\u00e9tico utilizado por el ej\u00e9rcito alem\u00e1n &#8220;Anton, \u00c4rger, Bertha, Casar &#8230;etc&#8221;, en la parte interior de la tapa se aprecia el nombre del fabricante &#8220;Mix &amp; Gene&#8221;. Dentro se encuentran todas las piezas, el auricular que est\u00e1 bien marcado con el a\u00f1o 1940 y un waffenampt tiene su cable original en excelente estado. En la parte interior del tel\u00e9fono de campa\u00f1a se aprecia junto a la base de conexiones tambi\u00e9n otro waffenampt.\u00a0Tiene sus paneles de circuitos impresos y diagramas esquem\u00e1ticos centrales en\u00a0chapas magn\u00e9ticas. Todav\u00eda funciona la dinamo cuando se le da a la manivela. Cierra perfectamente.<\/span><\/p>\n","protected":false},"excerpt":{"rendered":"<p align=\"justify\"><strong><span style=\"font-family: Verdana;font-size: 9pt\">ANTECEDENTES:<\/span><\/strong><span style=\"font-family: Verdana;font-size: 9pt\"> Las precisas y seguras l\u00edneas de comunicaci\u00f3n\u00a0fueron elementos cruciales para el ej\u00e9rcito alem\u00e1n\u00a0en el campo de batalla durante la Segunda Guerra Mundial y en cada divisi\u00f3n hab\u00eda una unidad de se\u00f1ales y comunicaciones. Generalmente consist\u00eda dentro de cada batall\u00f3n de\u00a0una Compa\u00f1\u00eda de\u00a0radio y una compa\u00f1\u00eda de telefon\u00eda. Se utiliz\u00f3\u00a0una amplia variedad de receptores de radio, tel\u00e9fonos y asociados al equipo de comunicaciones en todos los teatros de operaciones. El Feldfernsprecher 33, (Tel\u00e9fono M\u00f3vil 33), fue el modelo\u00a0de tel\u00e9fono est\u00e1ndar utilizado por el ej\u00e9rcito alem\u00e1n durante la Segunda Guerra Mundial. El tel\u00e9fono de campo de inducci\u00f3n magneto\u00f3pticos F33 era\u00a0alimentado por una bater\u00eda de\u00a01,5 voltios y pod\u00eda utilizarse como un cable de comunicaci\u00f3n y establecer una comunicaci\u00f3n a distancia con la\u00a0Tornister Funkger\u00e4t D2, y la Tornister Funkger\u00e4t b1 y F, (modelos de radios7telefonos port\u00e1tiles\u00a0D2, B1 y F). <\/span><\/p>\n<p><strong><span style=\"font-family: Verdana\">DESCRIPCI\u00d3N:<\/span><\/strong> Tel\u00e9fono de Campa\u00f1a &#8220;33&#8221; (Feldfernsprecher 33) completo de la Wehrmacht del a\u00f1o 1939 con su manivela,\u00a0fabricado en baquelita color marr\u00f3n, en la parte superior derecha de la tapa tiene la placa blanca con el alfabeto fon\u00e9tico utilizado por el ej\u00e9rcito alem\u00e1n &#8220;Anton, \u00c4rger, Bertha, Casar &#8230;etc&#8221;, en la parte interior de la tapa se aprecia el nombre del fabricante &#8220;Mix &amp; Gene&#8221;. Dentro se encuentran todas las piezas, el auricular que est\u00e1 bien marcado con el a\u00f1o 1940 y un waffenampt tiene su cable original en excelente estado. En la parte interior del tel\u00e9fono de campa\u00f1a se aprecia junto a la base de conexiones tambi\u00e9n otro waffenampt.\u00a0Tiene sus paneles de circuitos impresos y diagramas esquem\u00e1ticos centrales en\u00a0chapas magn\u00e9ticas. Todav\u00eda funciona la dinamo cuando se le da a la manivela. Cierra perfectamente.<\/p>\n","protected":false},"featured_media":7507,"template":"","meta":[],"product_brand":[],"product_cat":[224],"product_tag":[],"class_list":{"0":"post-7506","1":"product","2":"type-product","3":"status-publish","4":"has-post-thumbnail","6":"product_cat-archivo-vendidos","7":"sales-flash-overlay","8":"woocommerce-text-align-center","9":"woocommerce-image-align-center","10":"do-quantity-buttons","12":"first","13":"outofstock","14":"purchasable","15":"product-type-simple"},"_links":{"self":[{"href":"https:\/\/original-militaria.com\/en\/wp-json\/wp\/v2\/product\/7506","targetHints":{"allow":["GET"]}}],"collection":[{"href":"https:\/\/original-militaria.com\/en\/wp-json\/wp\/v2\/product"}],"about":[{"href":"https:\/\/original-militaria.com\/en\/wp-json\/wp\/v2\/types\/product"}],"wp:featuredmedia":[{"embeddable":true,"href":"https:\/\/original-militaria.com\/en\/wp-json\/wp\/v2\/media\/7507"}],"wp:attachment":[{"href":"https:\/\/original-militaria.com\/en\/wp-json\/wp\/v2\/media?parent=7506"}],"wp:term":[{"taxonomy":"product_brand","embeddable":true,"href":"https:\/\/original-militaria.com\/en\/wp-json\/wp\/v2\/product_brand?post=7506"},{"taxonomy":"product_cat","embeddable":true,"href":"https:\/\/original-militaria.com\/en\/wp-json\/wp\/v2\/product_cat?post=7506"},{"taxonomy":"product_tag","embeddable":true,"href":"https:\/\/original-militaria.com\/en\/wp-json\/wp\/v2\/product_tag?post=7506"}],"curies":[{"name":"wp","href":"https:\/\/api.w.org\/{rel}","templated":true}]}}