{"id":7504,"date":"2017-09-05T11:39:42","date_gmt":"2017-09-05T11:39:42","guid":{"rendered":"https:\/\/original-militaria.com\/?post_type=product&#038;p=7504"},"modified":"2022-01-31T19:06:20","modified_gmt":"2022-01-31T18:06:20","slug":"cetme-c-el-chopo","status":"publish","type":"product","link":"https:\/\/original-militaria.com\/en\/producto\/cetme-c-el-chopo\/","title":{"rendered":"CETME &#8220;C&#8221; el &#8220;Chopo&#8221;"},"content":{"rendered":"<p align=\"justify\"><span style=\"font-size: 12pt\"><strong><span style=\"font-family: Verdana\">ANTECEDENTES:<\/span><\/strong><span style=\"font-family: Verdana\"> CETME es el nombre por el cual se conoce el que fue el fusil de asalto oficial del Ej\u00e9rcito Espa\u00f1ol desarrollado en Espa\u00f1a por la agencia Centro de Estudios T\u00e9cnicos de Materiales Espaciales. Hist\u00f3ricamente este rifle deriva del fusil de asalto alem\u00e1n Stg 44 y su evoluci\u00f3n al Stg 45. Fue desarrollado a modo de prototipo por la compa\u00f1\u00eda Mauser en 1945, pero el la derrota de Alemania en la II Guerra Mundial detuvo el proyecto. Sin embargo, algunos t\u00e9cnicos de Mauser implicados en el proyecto se refugiaron en Espa\u00f1a. Uno de ellos, Ludwing Vorgrimler, fue su principal desarrollador. El CETME fue creado por orden del Ministerio de Guerra Espa\u00f1ol, y su primer modelo (A) vio la luz en 1952. En 1957 es adoptado por el ej\u00e9rcito de tierra. Sucesivos modelos mejoraron aspectos como la cadencia, alcance, precisi\u00f3n y el tipo de cartucho (adapt\u00e1ndolo al cartucho est\u00e1ndar de la OTAN: 7,62 X 51 mm). Entra en servicio en las Fuerzas Armadas espa\u00f1olas en 1964; se estr\u00eda la rec\u00e1mara, el alza pasa a ser del tipo librillo en distancias de 100, 200, 300 y 400 m, se le incorpora un carril para acoplar una mira telesc\u00f3pica y se le pone el guardamanos y la culata de madera, recuper\u00e1ndose por este motivo el nombre de &#8220;chopo&#8221; de los viejos Mauser.<\/span><\/span><\/p>\n<p align=\"justify\"><span style=\"font-size: 12pt\"><strong><span style=\"font-family: Verdana\">DESCRIPCION:<\/span><\/strong><span style=\"font-family: Verdana\"> CETME tipo &#8220;C&#8221; el &#8220;Chopo&#8221; <span style=\"color: #ff0000\">de estreno<\/span>, sin usar,\u00a0<span style=\"color: #ff0000\">se suministra con su cargador <\/span>(aunque no apadezca en las fotos) y su certificado de desactivaci\u00f3n. Tambi\u00e9n <span style=\"color: #ff0000\">se puede suministrar con su correspondiente porta fusa<\/span> (precio aparte). Todas las partes m\u00f3viles y hace clic, no se aprecia la desactivaci\u00f3n. No se encuentran muchos nuevos a estrenar. <span style=\"color: red\">Es necesario mandar fotocopia del NIF<\/span><\/span><\/span><\/p>\n","protected":false},"excerpt":{"rendered":"<p align=\"justify\"><strong><span style=\"font-family: Verdana;font-size: 9pt\">ANTECEDENTES:<\/span><\/strong><span style=\"font-family: Verdana;font-size: 9pt\"> CETME es el nombre por el cual se conoce el que fue el fusil de asalto oficial del Ej\u00e9rcito Espa\u00f1ol desarrollado en Espa\u00f1a por la agencia Centro de Estudios T\u00e9cnicos de Materiales Espaciales. Hist\u00f3ricamente este rifle deriva del fusil de asalto alem\u00e1n Stg 44 y su evoluci\u00f3n al Stg 45. Fue desarrollado a modo de prototipo por la compa\u00f1\u00eda Mauser en 1945, pero el la derrota de Alemania en la II Guerra Mundial detuvo el proyecto. Sin embargo, algunos t\u00e9cnicos de Mauser implicados en el proyecto se refugiaron en Espa\u00f1a. Uno de ellos, Ludwing Vorgrimler, fue su principal desarrollador. El CETME fue creado por orden del Ministerio de Guerra Espa\u00f1ol, y su primer modelo (A) vio la luz en 1952. En 1957 es adoptado por el ej\u00e9rcito de tierra. Sucesivos modelos mejoraron aspectos como la cadencia, alcance, precisi\u00f3n y el tipo de cartucho (adapt\u00e1ndolo al cartucho est\u00e1ndar de la OTAN: 7,62 X 51 mm). Entra en servicio en las Fuerzas Armadas espa\u00f1olas en 1964; se estr\u00eda la rec\u00e1mara, el alza pasa a ser del tipo librillo en distancias de 100, 200, 300 y 400 m, se le incorpora un carril para acoplar una mira telesc\u00f3pica y se le pone el guardamanos y la culata de madera, recuper\u00e1ndose por este motivo el nombre de &#8220;chopo&#8221; de los viejos Mauser.<\/span><\/p>\n<p align=\"justify\"><strong><span style=\"font-family: Verdana;font-size: 9pt\">DESCRIPCION:<\/span><\/strong><span style=\"font-family: Verdana;font-size: 9pt\"> CETME tipo &#8220;C&#8221; el &#8220;Chopo&#8221; <span style=\"color: #ff0000\">de estreno<\/span>, sin usar,\u00a0<span style=\"color: #ff0000\">se suministra con su cargador <\/span>(aunque no apadezca en las fotos) y su certificado de desactivaci\u00f3n. Tambi\u00e9n <span style=\"color: #ff0000\">se puede suministrar con su correspondiente porta fusa<\/span> (precio aparte). Todas las partes m\u00f3viles y hace clic, no se aprecia la desactivaci\u00f3n. No se encuentran muchos nuevos a estrenar. <span style=\"color: red\">Es necesario mandar fotocopia del NIF<\/span><\/span><\/p>\n","protected":false},"featured_media":7505,"template":"","meta":[],"product_brand":[],"product_cat":[224],"product_tag":[],"class_list":{"0":"post-7504","1":"product","2":"type-product","3":"status-publish","4":"has-post-thumbnail","6":"product_cat-archivo-vendidos","7":"sales-flash-overlay","8":"woocommerce-text-align-center","9":"woocommerce-image-align-center","10":"do-quantity-buttons","12":"first","13":"outofstock","14":"purchasable","15":"product-type-simple"},"_links":{"self":[{"href":"https:\/\/original-militaria.com\/en\/wp-json\/wp\/v2\/product\/7504","targetHints":{"allow":["GET"]}}],"collection":[{"href":"https:\/\/original-militaria.com\/en\/wp-json\/wp\/v2\/product"}],"about":[{"href":"https:\/\/original-militaria.com\/en\/wp-json\/wp\/v2\/types\/product"}],"wp:featuredmedia":[{"embeddable":true,"href":"https:\/\/original-militaria.com\/en\/wp-json\/wp\/v2\/media\/7505"}],"wp:attachment":[{"href":"https:\/\/original-militaria.com\/en\/wp-json\/wp\/v2\/media?parent=7504"}],"wp:term":[{"taxonomy":"product_brand","embeddable":true,"href":"https:\/\/original-militaria.com\/en\/wp-json\/wp\/v2\/product_brand?post=7504"},{"taxonomy":"product_cat","embeddable":true,"href":"https:\/\/original-militaria.com\/en\/wp-json\/wp\/v2\/product_cat?post=7504"},{"taxonomy":"product_tag","embeddable":true,"href":"https:\/\/original-militaria.com\/en\/wp-json\/wp\/v2\/product_tag?post=7504"}],"curies":[{"name":"wp","href":"https:\/\/api.w.org\/{rel}","templated":true}]}}