{"id":7443,"date":"2017-09-05T11:39:23","date_gmt":"2017-09-05T11:39:23","guid":{"rendered":"https:\/\/original-militaria.com\/?post_type=product&#038;p=7443"},"modified":"2022-01-31T19:06:18","modified_gmt":"2022-01-31T18:06:18","slug":"cruz-de-hierro-de-2-clase-modelo-espanol","status":"publish","type":"product","link":"https:\/\/original-militaria.com\/en\/producto\/cruz-de-hierro-de-2-clase-modelo-espanol\/","title":{"rendered":"Wehrmacht\/Blue Division, Iron Cross 2nd Class 1939 &#8212; Wehrmacht\/ Cruz de Hierro 1939 de 2\u00aa Clase, Modelo Espa\u00f1ol"},"content":{"rendered":"<p style=\"text-align: justify\" align=\"justify\"><span style=\"font-family: verdana, geneva, sans-serif;font-size: 12pt\"> Cruz de Hierro de 2\u00aa clase, modelo espa\u00f1ol para la &#8220;DA&#8221;\u00a0con\u00a0cinta,\u00a0metal no ferroso, fabricada en una sola pieza. Raras ya de encontrar.<\/span><\/p>\n","protected":false},"excerpt":{"rendered":"<p align=\"justify\"><strong><span style=\"font-family: Verdana;font-size: 9pt\">ANTECEDENTES:<\/span><\/strong><span style=\"font-family: Verdana;font-size: 9pt\"> Posiblemente la medalla alemana m\u00e1s famosa y conocida de la II\u00aa Guerra Mundial, en cualquiera de sus variantes, as\u00ed como uno de los premios militares mas visualmente potentes de la guerra. Fue instituida por primera vez por el rey de Prusia, Friedrich Wilheilm III, como condecoraci\u00f3n al valor durante la Guerra de Liberaci\u00f3n contra Napole\u00f3n Bonaparte. Se reinstituy\u00f3 en 1870 con motivo de la guerra franco-prusiana, y nuevamente en 1914 durante la I\u00aa Guerra Mundial.\u00a0 Fu\u00e9 dise\u00f1ada desde el principio para ser una condecoraci\u00f3n al valor en combate, por lo que solo se aprobaba su activaci\u00f3n y concesi\u00f3n en tiempos de guerra. Por aquel entonces, las posibles recompensas al valor unificadas en el ej\u00e9rcito imperial eran cuatro: la <strong><span style=\"font-family: Verdana\">cruz de hierro<\/span><\/strong> en sus dos posibles clases (2\u00aa y 1\u00aa), la <strong><span style=\"font-family: Verdana\">Orden Pour<\/span><\/strong><strong><span style=\"font-family: Verdana\"> le Merite<\/span><\/strong> (sola o con hojas de roble), y la <strong><span style=\"font-family: Verdana\">Gran Cruz<\/span><\/strong><strong><span style=\"font-family: Verdana\"> de la Cruz de Hierro<\/span><\/strong>. Id\u00e9ntica a su predecesora, cruz g\u00f3tica negra (44 mm x 44 mm) con ribete plateado. Pero en el centro, en lugar de las iniciales, corona, y hojas de roble de la versi\u00f3n imperial, llevaba una esv\u00e1stica. En la parte superior ten\u00eda una anilla por la que pasaba la cinta. Se fabricaban con un n\u00facleo de hierro (cobre o bronce para la Kriegsmarine, para evitar la corrosi\u00f3n), con aleaciones blancas en los bordes (lat\u00f3n plateado para esta clase). Entregada a: hombres y mujeres de cualquier rango, en cualquier rama de la Wehrmacht, Waffen-SS, u organizaciones uniformadas auxiliares, as\u00ed como unidades de voluntarios extranjeros y miembros de ej\u00e9rcitos aliados. Cantidad concedida: mas de 3.000.000. <\/span><\/p>\n<p align=\"justify\"><strong><span style=\"font-family: Verdana;font-size: 9pt\">DESCRIPCION:<\/span><\/strong><span style=\"font-family: Verdana;font-size: 9pt\"> Cruz de Hierro de 2\u00aa clase, modelo espa\u00f1ol para la &#8220;DA&#8221;\u00a0con\u00a0cinta,\u00a0metal no ferroso, fabricada en una sola pieza. Raras ya de encontrar.<\/span><\/p>\n","protected":false},"featured_media":7444,"template":"","meta":[],"product_brand":[],"product_cat":[224],"product_tag":[],"class_list":{"0":"post-7443","1":"product","2":"type-product","3":"status-publish","4":"has-post-thumbnail","6":"product_cat-archivo-vendidos","7":"sales-flash-overlay","8":"woocommerce-text-align-center","9":"woocommerce-image-align-center","10":"do-quantity-buttons","12":"first","13":"outofstock","14":"purchasable","15":"product-type-simple"},"_links":{"self":[{"href":"https:\/\/original-militaria.com\/en\/wp-json\/wp\/v2\/product\/7443","targetHints":{"allow":["GET"]}}],"collection":[{"href":"https:\/\/original-militaria.com\/en\/wp-json\/wp\/v2\/product"}],"about":[{"href":"https:\/\/original-militaria.com\/en\/wp-json\/wp\/v2\/types\/product"}],"wp:featuredmedia":[{"embeddable":true,"href":"https:\/\/original-militaria.com\/en\/wp-json\/wp\/v2\/media\/7444"}],"wp:attachment":[{"href":"https:\/\/original-militaria.com\/en\/wp-json\/wp\/v2\/media?parent=7443"}],"wp:term":[{"taxonomy":"product_brand","embeddable":true,"href":"https:\/\/original-militaria.com\/en\/wp-json\/wp\/v2\/product_brand?post=7443"},{"taxonomy":"product_cat","embeddable":true,"href":"https:\/\/original-militaria.com\/en\/wp-json\/wp\/v2\/product_cat?post=7443"},{"taxonomy":"product_tag","embeddable":true,"href":"https:\/\/original-militaria.com\/en\/wp-json\/wp\/v2\/product_tag?post=7443"}],"curies":[{"name":"wp","href":"https:\/\/api.w.org\/{rel}","templated":true}]}}