{"id":7371,"date":"2017-09-05T11:39:05","date_gmt":"2017-09-05T11:39:05","guid":{"rendered":"https:\/\/original-militaria.com\/?post_type=product&#038;p=7371"},"modified":"2022-01-31T19:06:16","modified_gmt":"2022-01-31T18:06:16","slug":"pulsera-de-plata-con-guila-de-san-juan-y-el-yugo-y-las-flechas","status":"publish","type":"product","link":"https:\/\/original-militaria.com\/en\/producto\/pulsera-de-plata-con-guila-de-san-juan-y-el-yugo-y-las-flechas\/","title":{"rendered":"Pulsera de Plata con \u00c1guila de San Juan y el Yugo y las Flechas"},"content":{"rendered":"<p align=\"justify\"><span style=\"font-size: 12pt\"><strong><span style=\"font-family: Verdana\">ANTECEDENTES:<\/span><\/strong><span style=\"font-family: Verdana\"> El m\u00e1s conocido de los dise\u00f1os del \u00c1guila de San Juan es el que incorpor\u00f3 Isabel la Cat\u00f3lica como soporte al escudo de los Reyes Cat\u00f3licos. Lo hizo ya que ten\u00eda gran devoci\u00f3n al Evangelista y porque se hizo coronar reina de Castilla en la iglesia de San Miguel, contigua a la catedral en Segovia, el d\u00eda que se celebra su festividad. Hay un magn\u00edfico tapiz con este blas\u00f3n en el sal\u00f3n del trono del Alc\u00e1zar de Segovia. El \u00c1guila de San Juan es un \u00e1guila real pasmada, de sable, nimbada de oro, con el pico y las garras de gules, y un halo de oro. Tambi\u00e9n se incluy\u00f3 como soporte del Escudo de Espa\u00f1a en los modelos oficiales de 1938, 1946 y 1977, con diferentes formas. El yugo y las flechas provienen de Virgilio (70\u00a0a.\u00a0C. \u2013 19\u00a0a.\u00a0C.), bas\u00e1ndose para las flechas en su obra &#8220;La Eneida&#8221;, y para el yugo en las Ge\u00f3rgicas&#8221;. Las flechas simbolizar\u00edan la guerra, y el yugo las labores agrarias; estos dos s\u00edmbolos fueron tomados por los Reyes Cat\u00f3licos al unir sus dos reinos, representando el yugo a Fernando y el haz de flechas a Isabel. La Falange tom\u00f3 estos dos s\u00edmbolos, ya que representaban un gran esplendor de la historia de Espa\u00f1a.\u00a0<\/span><\/span><\/p>\n<p align=\"justify\"><span style=\"font-size: 12pt\"><strong><span style=\"font-family: Verdana\">DESCRIPCION:<\/span><\/strong><span style=\"font-family: Verdana\"> Magnifica pulsera maciza de plata de gran calidad (lleva plata 800) de forma circular con el escudo tambi\u00e9n en plata resaltado del \u00e1guila de San Juan modelo de 1938 en un lado y el yugo y las flechas de Falange Espa\u00f1ola de las JONS (FE de las JONS) remachado a la pulsera en oro en el otro lado. Rara pieza espa\u00f1ola de \u00e9poca. Esta sin limpiar.<\/span><\/span><\/p>\n","protected":false},"excerpt":{"rendered":"<p align=\"justify\"><strong><span style=\"font-size: 9pt;font-family: Verdana\">ANTECEDENTES:<\/span><\/strong><span style=\"font-size: 9pt;font-family: Verdana\"> El m\u00e1s conocido de los dise\u00f1os del \u00c1guila de San Juan es el que incorpor\u00f3 Isabel la Cat\u00f3lica como soporte al escudo de los Reyes Cat\u00f3licos. Lo hizo ya que ten\u00eda gran devoci\u00f3n al Evangelista y porque se hizo coronar reina de Castilla en la iglesia de San Miguel, contigua a la catedral en Segovia, el d\u00eda que se celebra su festividad. Hay un magn\u00edfico tapiz con este blas\u00f3n en el sal\u00f3n del trono del Alc\u00e1zar de Segovia. El \u00c1guila de San Juan es un \u00e1guila real pasmada, de sable, nimbada de oro, con el pico y las garras de gules, y un halo de oro. Tambi\u00e9n se incluy\u00f3 como soporte del Escudo de Espa\u00f1a en los modelos oficiales de 1938, 1946 y 1977, con diferentes formas. El yugo y las flechas provienen de Virgilio (70\u00a0a.\u00a0C. \u2013 19\u00a0a.\u00a0C.), bas\u00e1ndose para las flechas en su obra &#8220;La Eneida&#8221;, y para el yugo en las Ge\u00f3rgicas&#8221;. Las flechas simbolizar\u00edan la guerra, y el yugo las labores agrarias; estos dos s\u00edmbolos fueron tomados por los Reyes Cat\u00f3licos al unir sus dos reinos, representando el yugo a Fernando y el haz de flechas a Isabel. La Falange tom\u00f3 estos dos s\u00edmbolos, ya que representaban un gran esplendor de la historia de Espa\u00f1a.\u00a0<\/span><\/p>\n<p align=\"justify\"><strong><span style=\"font-size: 9pt;font-family: Verdana\">DESCRIPCION:<\/span><\/strong><span style=\"font-size: 9pt;font-family: Verdana\"> Magnifica pulsera maciza de plata de gran calidad (lleva plata 800) de forma circular con el escudo tambi\u00e9n en plata resaltado del \u00e1guila de San Juan modelo de 1938 en un lado y el yugo y las flechas de Falange Espa\u00f1ola de las JONS (FE de las JONS) remachado a la pulsera en oro en el otro lado. Rara pieza espa\u00f1ola de \u00e9poca. Esta sin limpiar.<\/span><\/p>\n","protected":false},"featured_media":7372,"template":"","meta":[],"product_brand":[],"product_cat":[224],"product_tag":[],"class_list":{"0":"post-7371","1":"product","2":"type-product","3":"status-publish","4":"has-post-thumbnail","6":"product_cat-archivo-vendidos","7":"sales-flash-overlay","8":"woocommerce-text-align-center","9":"woocommerce-image-align-center","10":"do-quantity-buttons","12":"first","13":"outofstock","14":"purchasable","15":"product-type-simple"},"_links":{"self":[{"href":"https:\/\/original-militaria.com\/en\/wp-json\/wp\/v2\/product\/7371","targetHints":{"allow":["GET"]}}],"collection":[{"href":"https:\/\/original-militaria.com\/en\/wp-json\/wp\/v2\/product"}],"about":[{"href":"https:\/\/original-militaria.com\/en\/wp-json\/wp\/v2\/types\/product"}],"wp:featuredmedia":[{"embeddable":true,"href":"https:\/\/original-militaria.com\/en\/wp-json\/wp\/v2\/media\/7372"}],"wp:attachment":[{"href":"https:\/\/original-militaria.com\/en\/wp-json\/wp\/v2\/media?parent=7371"}],"wp:term":[{"taxonomy":"product_brand","embeddable":true,"href":"https:\/\/original-militaria.com\/en\/wp-json\/wp\/v2\/product_brand?post=7371"},{"taxonomy":"product_cat","embeddable":true,"href":"https:\/\/original-militaria.com\/en\/wp-json\/wp\/v2\/product_cat?post=7371"},{"taxonomy":"product_tag","embeddable":true,"href":"https:\/\/original-militaria.com\/en\/wp-json\/wp\/v2\/product_tag?post=7371"}],"curies":[{"name":"wp","href":"https:\/\/api.w.org\/{rel}","templated":true}]}}