{"id":7369,"date":"2017-09-05T11:39:04","date_gmt":"2017-09-05T11:39:04","guid":{"rendered":"https:\/\/original-militaria.com\/?post_type=product&#038;p=7369"},"modified":"2022-01-31T19:06:14","modified_gmt":"2022-01-31T18:06:14","slug":"estuche-con-revolver-colt-pocket-m1849-y-sus-accesorios","status":"publish","type":"product","link":"https:\/\/original-militaria.com\/en\/producto\/estuche-con-revolver-colt-pocket-m1849-y-sus-accesorios\/","title":{"rendered":"Colt Pocket M1849 Revolver Case&#8212;Estuche con Revolver &#8220;Colt Pocket M1849&#8221; y sus Accesorios"},"content":{"rendered":"<p style=\"text-align: justify\" align=\"justify\"><span style=\"font-family: Verdana;font-size: 12pt\">Estuche de madera de nogal con revolver de fulminante sistema de percusi\u00f3n &#8220;Colt Pocket 1849&#8221; y sus accesorios. El revolver esta en perfecto estado de conservaci\u00f3n\u00a0y uso, es de calibre &#8220;31&#8221;, de cinco tiros, en el tambor tiene bien definido &#8220;Colts Patent&#8221;\u00a0el n\u00famero de serie &#8221;\u00a098707&#8243; y la famosa escena del atraco de la diligencia para el Colt modelo Pocket en el cual un pasajero hiere de un disparo a su asaltante, escena caracter\u00edstica de este tipo de arma.\u00a0El n\u00famero &#8221;\u00a098707&#8243; lo lleva\u00a0tambi\u00e9n en la base de la culata de madera de nogal charolada, en el marco de\u00a0lat\u00f3n plateado del guardamonte y debajo del ca\u00f1\u00f3n en el armaz\u00f3n junto al guardamonte, incluso lo lleva en la cu\u00f1a.\u00a0En el armaz\u00f3n junto al tambor tambi\u00e9n tiene marcado &#8220;Colts Patent&#8221; y en el ca\u00f1\u00f3n octogonal de anima estriada tiene marcado el punz\u00f3n\u00a0&#8221; ADDRESS SAML COLT \/ NEW YORK CITY &#8220;, debajo del ca\u00f1\u00f3n, en la parte inferior tiene palanca de carga. La caja como hemos comentado de madera de nogal contiene adem\u00e1s todos sus accesorios de \u00e9poca y algunas balas, entre los accesorios se encuentran la turquesa de bronce con cavidad para dos tipos de balas, la polvorera, la herramienta destornillador y saca chimeneas, y su bote para los fulminantes. Como dato curioso de este revolver est\u00e1n las tres muescas de la culata (este tipo de marcas se sol\u00eda hacer para numerar los muertos seguros producidos por el arma). El mecanismo del revolver esta en perfect\u00edsimo estado. Este arma no ha sido limpiada nunca. Es necesario libro de coleccionista, lo puede solicitar sin licencia en su Intervenci\u00f3n de armas.\u00a0<span style=\"font-family: Arial\">\u00a0<\/span><\/span><\/p>\n","protected":false},"excerpt":{"rendered":"<p align=\"justify\"><strong><span style=\"font-family: Verdana;font-size: 9pt\">ANTECEDENTES: <\/span><\/strong><span style=\"font-family: Verdana;font-size: 9pt\">Samuel Colt (19 de julio de 1814-10 de enero de 1862) inventor y empresario\u00a0estadounidense c\u00e9lebre por su participaci\u00f3n en la industria de armas. Desde muy joven Colt mostr\u00f3 gran inter\u00e9s por las armas y explosivos. Fue expulsado a los 16 a\u00f1os del centro en el que estudiaba ciencias al destruir parte del edificio durante un experimento. Su padre, propietario de una f\u00e1brica de tejidos de seda, lo envi\u00f3 en un viaje por mar hasta la india. En Calcuta, Colt vio un primitivo modelo de rev\u00f3lver, con un mecanismo muy inseguro y poco funcional. Al volver a Estados Unidos (EE.UU.) observ\u00f3 en el barco un trinquete empleado para elevar el ancla y bas\u00e1ndose en \u00e9l tall\u00f3 en madera un mecanismo para accionar el tambor del rev\u00f3lver. Financiado por su padre, Colt cre\u00f3 un modelo funcional de revolver que patent\u00f3 en Gran Breta\u00f1a y EE.UU. en 1835 y 1836 respectivamente. Funda en Paterson, EE.UU. la &#8220;Paterson Arms Manufacturing Company&#8221;\u00a0y produce un rev\u00f3lver de cinco disparos del calibre 36 de simple acci\u00f3n. La falta de inversores le impide comprar maquinaria y los rev\u00f3lveres son fabricados a mano por lo que su precio es muy alto y la compa\u00f1\u00eda quiebra en 1842. Los Rangers de Texas se ponen en contacto con Colt, impresionados por su primer rev\u00f3lver, para encargarle 1000 rev\u00f3lveres en 1847. Colt hab\u00eda aprendido de su anterior experiencia y alquila una industria totalmente equipada para abaratar el coste de cada arma y dise\u00f1a un nuevo modelo perfeccionado de seis disparos. Posteriormente Colt funda en Hartford, Connecticut la &#8220;Colt\u00b4s Firearms Company&#8221; y dise\u00f1a una l\u00ednea de montaje en cadena con piezas est\u00e1ndar totalmente intercambiables entre s\u00ed, algo totalmente novedoso en la industria de armamento. La industria de Colt creci\u00f3 enseguida, siendo proveedor de ej\u00e9rcitos y particulares de todo el mundo.\u00a0Sus modelo m\u00e1s famosos fueron\u00a0posiblemente el revolver Colt Pocket 1949 y el Colt 45 de simple acci\u00f3n, utilizado por el ej\u00e9rcito.<\/span><\/p>\n<p align=\"justify\"><strong><span style=\"font-family: Verdana;font-size: 9pt\">DESCRIPCION:<\/span><\/strong><span style=\"font-family: Verdana;font-size: 9pt\"> Estuche de madera de nogal con revolver de fulminante sistema de percusi\u00f3n <span style=\"color: red\">&#8220;Colt Pocket 1849&#8221;<\/span> y sus accesorios. El revolver esta en perfecto estado de conservaci\u00f3n\u00a0y uso, es de calibre &#8220;31&#8221;, de cinco tiros, en el tambor tiene bien definido <span style=\"color: red\">&#8220;Colts Patent&#8221;<\/span>\u00a0el n\u00famero de serie <span style=\"color: red\">&#8221;\u00a098707&#8243; <\/span><span style=\"color: black\"><span style=\"color: #ffffff\">y la famosa escena del atraco de la diligencia para el Colt modelo Pocket en el cual un pasajero hiere de un disparo a su asaltante, escena caracter\u00edstica de este tipo de arma.\u00a0E<\/span><\/span>l n\u00famero <span style=\"color: red\">&#8221;\u00a098707&#8243; <\/span>lo lleva\u00a0tambi\u00e9n en la base de la culata de madera de nogal charolada, en el marco de\u00a0lat\u00f3n plateado del guardamonte y debajo del ca\u00f1\u00f3n en el armaz\u00f3n junto al guardamonte, incluso lo lleva en la cu\u00f1a.\u00a0En el armaz\u00f3n junto al tambor tambi\u00e9n tiene marcado <span style=\"color: red\">&#8220;Colts Patent&#8221;<\/span> y en el ca\u00f1\u00f3n octogonal de anima estriada tiene marcado el punz\u00f3n\u00a0<span style=\"color: red\">&#8221; ADDRESS SAML COLT \/ NEW YORK CITY &#8220;<\/span>, debajo del ca\u00f1\u00f3n, en la parte inferior tiene palanca de carga. La caja como hemos comentado de madera de nogal contiene adem\u00e1s todos sus accesorios de \u00e9poca y algunas balas, entre los accesorios se encuentran la turquesa de bronce con cavidad para dos tipos de balas, la polvorera, la herramienta destornillador y saca chimeneas, y su bote para los fulminantes. Como dato curioso de este revolver est\u00e1n las <span style=\"color: red\">tres muescas<\/span> de la culata (este tipo de marcas se sol\u00eda hacer para numerar los muertos seguros producidos por el arma). El mecanismo del revolver esta en perfect\u00edsimo estado. Este arma no ha sido limpiada nunca. <span style=\"color: #ff0000\">Es necesario libro de coleccionista, lo puede solicitar sin licencia en su Intervenci\u00f3n de armas.<\/span>\u00a0<span style=\"font-family: Arial;font-size: 10pt\">\u00a0<\/span><\/span><\/p>\n","protected":false},"featured_media":7370,"template":"","meta":[],"product_brand":[],"product_cat":[224],"product_tag":[],"class_list":{"0":"post-7369","1":"product","2":"type-product","3":"status-publish","4":"has-post-thumbnail","6":"product_cat-archivo-vendidos","7":"sales-flash-overlay","8":"woocommerce-text-align-center","9":"woocommerce-image-align-center","10":"do-quantity-buttons","12":"first","13":"outofstock","14":"purchasable","15":"product-type-simple"},"_links":{"self":[{"href":"https:\/\/original-militaria.com\/en\/wp-json\/wp\/v2\/product\/7369","targetHints":{"allow":["GET"]}}],"collection":[{"href":"https:\/\/original-militaria.com\/en\/wp-json\/wp\/v2\/product"}],"about":[{"href":"https:\/\/original-militaria.com\/en\/wp-json\/wp\/v2\/types\/product"}],"wp:featuredmedia":[{"embeddable":true,"href":"https:\/\/original-militaria.com\/en\/wp-json\/wp\/v2\/media\/7370"}],"wp:attachment":[{"href":"https:\/\/original-militaria.com\/en\/wp-json\/wp\/v2\/media?parent=7369"}],"wp:term":[{"taxonomy":"product_brand","embeddable":true,"href":"https:\/\/original-militaria.com\/en\/wp-json\/wp\/v2\/product_brand?post=7369"},{"taxonomy":"product_cat","embeddable":true,"href":"https:\/\/original-militaria.com\/en\/wp-json\/wp\/v2\/product_cat?post=7369"},{"taxonomy":"product_tag","embeddable":true,"href":"https:\/\/original-militaria.com\/en\/wp-json\/wp\/v2\/product_tag?post=7369"}],"curies":[{"name":"wp","href":"https:\/\/api.w.org\/{rel}","templated":true}]}}