{"id":7365,"date":"2017-09-05T11:39:03","date_gmt":"2017-09-05T11:39:03","guid":{"rendered":"https:\/\/original-militaria.com\/?post_type=product&#038;p=7365"},"modified":"2022-01-31T19:06:13","modified_gmt":"2022-01-31T18:06:13","slug":"pistola-reglamentaria-francesa-de-caballeria-m1777-1er-modelo","status":"publish","type":"product","link":"https:\/\/original-militaria.com\/en\/producto\/pistola-reglamentaria-francesa-de-caballeria-m1777-1er-modelo\/","title":{"rendered":"Regulatory French Cavalry Pistol M1777, 1st Model&#8212;Pistola Reglamentar\u00eda Francesa de Caballer\u00eda M1777, 1er Modelo"},"content":{"rendered":"<p style=\"text-align: justify\" align=\"justify\"><span style=\"font-size: 12pt;font-family: verdana, geneva, sans-serif\"><strong>ANTECEDENTES:<\/strong> la pistola M1777 m\u00e1s conocida como &#8220;Pistola de arz\u00f3n a la mandr\u00edn o simplemente M1777&#8221; fue una pistola del periodo revolucionario franc\u00e9s especialmente dise\u00f1ada para la caballer\u00eda. Era una pistola fr\u00e1gil que se calentaba a los dos o tres disparos, inspirada en una modelo inglesa. Aproximadamente 500 pistolas de chispa M1777 fueron suministrados personalmente a los americanos, por Lafayette durante la Revoluci\u00f3n Americana. M\u00e1s tarde sirvi\u00f3 de modelo para la primera pistola militar de EE.UU., la M1799. Estas pistolas de caballer\u00eda se transportaban en unas pistoleras que colgaban en el arz\u00f3n de la silla de montar. Fue una pistola muy utilizada por &#8220;<strong style=\"font-weight: 400\">Los Dragones&#8221;.\u00a0\u00a0<\/strong><\/span><\/p>\n<p style=\"text-align: justify\" align=\"justify\"><span style=\"font-size: 12pt;font-family: verdana, geneva, sans-serif\"><strong>DESCRIPCION:<\/strong> Magnifica pistola reglamentar\u00eda M1777 de caballer\u00eda francesa del 1er modelo con sistema de pedernal o chispa, la caja de buena madera de nogal tiene el ca\u00f1\u00f3n redondo de anima lisa con\u00a0punzones (muy raro encontrarlas con estos punzones)\u00a0del banco de pruebas franc\u00e9s de la \u00e9poca, guarniciones y\u00a0platina tipo integral\u00a0son de\u00a0bronce, en la platina encima del muelle real bien marcada con la letra &#8220;L&#8221;\u00a0 coronada, punz\u00f3n perteneciente a Lambert (controlador de platinas 1777-80) y con manufactura imperial del arsenal de &#8220;St Etienne&#8221;. Tiene en la contra platina o portav\u00eds un arz\u00f3n o gancho de hierro para sujetar al cintur\u00f3n o a la pistolera. La llave en perfect\u00edsimo estado al igual que el pie de gato y el muelle real. En la empu\u00f1adura junto a la cantonera tiene gravadas unas letras, se distingue una &#8220;A&#8221;. Tiene su baqueta original de hierro. Esta arma no ha sido limpiada nunca. Es necesario libro de coleccionista, lo puede solicitar sin licencia en su Intervenci\u00f3n de armas.\u00a0<\/span><\/p>\n","protected":false},"excerpt":{"rendered":"<p align=\"justify\"><strong><span style=\"font-family: Verdana;font-size: 9pt\">ANTECEDENTES:<\/span><\/strong><span style=\"font-family: Verdana;font-size: 9pt\"> la pistola M1777 m\u00e1s conocida como &#8220;Pistola de arz\u00f3n a la mandr\u00edn o simplemente M1777&#8221; fue una pistola del periodo revolucionario franc\u00e9s especialmente dise\u00f1ada para la caballer\u00eda. Era una pistola fr\u00e1gil que se calentaba a los dos o tres disparos, inspirada en una modelo inglesa. Aproximadamente 500 pistolas\u00a0de chispa M1777 fueron suministrados personalmente a los americanos, por Lafayette durante la Revoluci\u00f3n Americana. M\u00e1s tarde sirvi\u00f3 de modelo para la primera pistola militar de\u00a0EE.UU., la M1799. Estas pistolas de cabaler\u00eda se transportaban en unas pistoleras que colgaban en el arz\u00f3n de la silla de montar. Fue una pistola muy utilizada por &#8220;<span style=\"font-family: Tahoma;font-size: small\"><strong style=\"font-weight: 400\">Los Dragones&#8221;.\u00a0\u00a0<\/strong><\/span><\/span><\/p>\n<p align=\"justify\"><strong><span style=\"font-family: Verdana;font-size: 9pt\">DESCRIPCION:<\/span><\/strong><span style=\"font-family: Verdana;font-size: 9pt\"> Magnifica pistola reglamentar\u00eda M1777 de caballer\u00eda francesa del <span style=\"color: #ff0000\">1er modelo<\/span> con sistema de pedernal o chispa, la caja de buena madera de nogal <span style=\"color: #ffffff\">tiene el ca\u00f1\u00f3n redondo de anima lisa con\u00a0punzones<\/span><span style=\"color: #ff0000\"> (muy raro encontrarlas con estos punzones)\u00a0<\/span><span style=\"color: #ffffff\">del banco de pruebas franc\u00e9s de la \u00e9poca,<\/span> guarniciones y\u00a0platina tipo integral\u00a0son de\u00a0bronce, en la platina encima del muelle real bien marcada con la letra <span style=\"color: #ff0000\">&#8220;L&#8221;<\/span>\u00a0 coronada, punz\u00f3n perteneciente a <span style=\"color: #ff0000\">Lambert (controlador de platinas 1777-80)<\/span> y con manufactura imperial del arsenal de <span style=\"color: #ff0000\">&#8220;St Etienne&#8221;<\/span>. Tiene en la contra platina o portav\u00eds un arz\u00f3n o gancho de hierro para sujetar al cintur\u00f3n o a la pistolera. La llave en perfect\u00edsimo estado al igual que el pie de gato y el muelle real. En la empu\u00f1adura junto a la cantonera tiene gravadas unas letras, se distingue una &#8220;A&#8221;. Tiene su baqueta original de hierro. Esta arma no ha sido limpiada nunca. <span style=\"color: #ff0000\">Es necesario libro de coleccionista, lo puede solicitar sin licencia en su Intervenci\u00f3n de armas.<\/span>\u00a0<\/span><\/p>\n","protected":false},"featured_media":7366,"template":"","meta":[],"product_brand":[],"product_cat":[224],"product_tag":[],"class_list":{"0":"post-7365","1":"product","2":"type-product","3":"status-publish","4":"has-post-thumbnail","6":"product_cat-archivo-vendidos","7":"sales-flash-overlay","8":"woocommerce-text-align-center","9":"woocommerce-image-align-center","10":"do-quantity-buttons","12":"first","13":"outofstock","14":"purchasable","15":"product-type-simple"},"_links":{"self":[{"href":"https:\/\/original-militaria.com\/en\/wp-json\/wp\/v2\/product\/7365","targetHints":{"allow":["GET"]}}],"collection":[{"href":"https:\/\/original-militaria.com\/en\/wp-json\/wp\/v2\/product"}],"about":[{"href":"https:\/\/original-militaria.com\/en\/wp-json\/wp\/v2\/types\/product"}],"wp:featuredmedia":[{"embeddable":true,"href":"https:\/\/original-militaria.com\/en\/wp-json\/wp\/v2\/media\/7366"}],"wp:attachment":[{"href":"https:\/\/original-militaria.com\/en\/wp-json\/wp\/v2\/media?parent=7365"}],"wp:term":[{"taxonomy":"product_brand","embeddable":true,"href":"https:\/\/original-militaria.com\/en\/wp-json\/wp\/v2\/product_brand?post=7365"},{"taxonomy":"product_cat","embeddable":true,"href":"https:\/\/original-militaria.com\/en\/wp-json\/wp\/v2\/product_cat?post=7365"},{"taxonomy":"product_tag","embeddable":true,"href":"https:\/\/original-militaria.com\/en\/wp-json\/wp\/v2\/product_tag?post=7365"}],"curies":[{"name":"wp","href":"https:\/\/api.w.org\/{rel}","templated":true}]}}