{"id":7322,"date":"2017-09-05T11:38:49","date_gmt":"2017-09-05T11:38:49","guid":{"rendered":"https:\/\/original-militaria.com\/?post_type=product&#038;p=7322"},"modified":"2022-01-31T19:06:12","modified_gmt":"2022-01-31T18:06:12","slug":"subfusil-thompson-m1a1","status":"publish","type":"product","link":"https:\/\/original-militaria.com\/en\/producto\/subfusil-thompson-m1a1\/","title":{"rendered":"USA\/ Thompson M1A1 Submachine Gun&#8212;USA\/ Subfusil Thompson M1A1"},"content":{"rendered":"<p style=\"text-align: justify\" align=\"justify\"><span style=\"font-size: 12pt;font-family: verdana, geneva, sans-serif\"><strong>ANTECEDENTES:<\/strong> El subfusil\u00a0autom\u00e1tico &#8220;Thompson&#8221; es una de las m\u00e1s famosas\u00a0ametralladoras y fue desarrollada durante la primera guerra mundial por el entonces Coronel John Taliaferro Thompson, militar que sirvi\u00f3 por muchos a\u00f1os en el departamento de artiller\u00eda y llego a ser General. Lleg\u00f3 a ganarse apodos en su pa\u00eds como Tommy Gun, Chopper, Chicago Typewrite y Chicago piano. Fue el favorito de soldados y civiles por ser compacto, por su munici\u00f3n 45 CP y por su elevada cadencia de fuego en modo autom\u00e1tico. Tambi\u00e9n es conocido por ser utilizado masivamente por el ej\u00e9rcito estadounidense en el transcurso de la WW2 ya que fue adoptado en 1938 por el ej\u00e9rcito. Tuvo sin embargo unas pocas revisiones hasta la producci\u00f3n de la ametralladora Thompson Cal.45 M1 a principios de 1942. El Thompson fue particularmente \u00fatil en manos de las tropas aliadas durante la WW2 como un arma para exploradores, suboficiales y jefes de patrullas. En el teatro europeo, el arma fue ampliamente usada por las unidades Comandos brit\u00e1nicos y canadienses, as\u00ed como por paracaidistas estadounidenses y batallones de Rangers. La M1 se produjo por la gran\u00a0demanda de\u00a0armas, por lo que se simplific\u00f3 para acelerar la producci\u00f3n. La M1\u00a0no pod\u00eda aceptar el tambor\u00a0utilizado en los modelos anteriores y lleg\u00f3 equipado con un cargador de 20 o 30 cartuchos. El M1 junto con\u00a0el m\u00e1s simplificado M1A1 se utiliz\u00f3 hasta el final de la Segunda Guerra Mundial y en Corea y en Vietnam y a\u00fan hoy se considera la mejor arma de la Segunda Guerra Mundial. Fueron com\u00fanmente usados por oficiales y suboficiales.<\/span><\/p>\n<p style=\"text-align: justify\"><span style=\"font-size: 12pt;font-family: verdana, geneva, sans-serif\"><strong>DESCRIPCI\u00d3N:<\/strong> Magnifico subfusil Thompson con su correa porta fusa de \u00e9poca en estado de estreno, con su pav\u00f3n original al 100%,\u00a0a cada lado tiene para facilitar la sujeci\u00f3n de dicha correa\u00a0un anillo de acero en forma de &#8220;D&#8221;. Tiene la palanca de amartillado de disparo en el lado derecho.\u00a0Adjunta a la parte trasera del marco de activaci\u00f3n por tres tornillos, esta la culata de madera que tiene una cavidad de metal\u00a0con una peque\u00f1a puerta de bisagra para los \u00fatiles de limpieza. Estampado en el lado izquierdo se puede leer &#8220;ametralladora Thompson, calibre .45 M1, NO. 186.278&#8243;. en el lado derecho\u00a0estampada la manufactura de la compa\u00f1\u00eda &#8221; Auto Ordnanze Corporation, Bridgeport, Connecticut, U.S.A.&#8221; o como era conocida al principio\u00a0la Thompsom (Tommy Gun). Estampado en la parte superior del Thompson el logotipo que es una forma de bala en l\u00ednea y dentro\u00a0la marca &#8220;Thompson&#8221;, junto al guardamanos o carcasa lleva dos sellos estampados dentro de un circulo con las siglas &#8220;GEG&#8221;, un punz\u00f3n y las letras F JA, en el ca\u00f1\u00f3n punzones del banco de pruebas.\u00a0Tiene en la parte izquierda\u00a0un selector para poder disparar en tiro autom\u00e1tico continuo o bien tiro a tiro. Tambi\u00e9n monta un seguro de aleta manual. Ambos selectores se encuentran en\u00a0el lateral izquierdo del pistolete, sobre la empu\u00f1adura, de forma que el tirador pueda actuar sobre ellos con el pulgar derecho sin dejar de empu\u00f1ar el Thompson.\u00a0Estampado en la parte inferior tiene el n\u00famero &#8220;511.101&#8221;. En la parte inferior del guardamonte junto al pistolete de madera tiene estampado el a\u00f1o de fabricaci\u00f3n &#8220;39&#8221;, en la culata de buena madera tiene lo que padece las iniciales gravadas del propietario.\u00a0Correa porta fusa, precio aparte. El arma hace clic y tiene todas las partes m\u00f3viles. Se suministra con cargador de 30 cartuchos. ES NECESARIO DNI.<\/span><\/p>\n<p style=\"text-align: justify\" align=\"justify\"><span style=\"font-family: verdana, geneva, sans-serif;font-size: 12pt\">Longitud: 813mm<br \/>\nPeso: 4.74kg<br \/>\nCa\u00f1\u00f3n: 267mm<br \/>\nCalibre: 45ACP<br \/>\nRayado: 6 estr\u00edas dextro sum<br \/>\nAlimentaci\u00f3n: Cargador de 20 disparos.<br \/>\nCadencia de tiro: 700dpm<br \/>\nVelocidad inicial del proyectil: 281m\/s<br \/>\nAlza: fija para 100m <\/span><\/p>\n","protected":false},"excerpt":{"rendered":"<p align=\"justify\"><strong><span style=\"font-family: Verdana;font-size: 10pt\">ANTECEDENTES:<\/span><\/strong><span style=\"font-family: Verdana;font-size: 10pt\"> El subfusil\u00a0autom\u00e1tico &#8220;Thompson&#8221; es una de las m\u00e1s famosas\u00a0ametralladoras y fue desarrollada durante la primera guerra mundial por el entonces Coronel John Taliaferro Thompson, militar que sirvi\u00f3 por muchos a\u00f1os en el departamento de artiller\u00eda y llego a ser General. Lleg\u00f3 a ganarse apodos en su pa\u00eds como Tommy Gun, Chopper, Chicago Typewrite y Chicago piano. Fue el favorito de soldados y civiles por ser compacto, por su munici\u00f3n 45 CP y por su elevada cadencia de fuego en modo autom\u00e1tico. Tambi\u00e9n es conocido por ser utilizado masivamente por el ej\u00e9rcito estadounidense en el transcurso de la WW2 ya que fue adoptado en 1938 por el ej\u00e9rcito. Tuvo sin embargo unas pocas revisiones hasta la producci\u00f3n de la ametralladora Thompson Cal.45 M1 a principios de 1942. El Thompson fue particularmente \u00fatil en manos de las tropas aliadas durante la WW2 como un arma para exploradores, suboficiales y jefes de patrullas. En el teatro europeo, el arma fue ampliamente usada por las unidades Comandos brit\u00e1nicos y canadienses, as\u00ed como por paracaidistas estadounidenses y batallones de Rangers. La M1 se produjo por la gran\u00a0demanda de\u00a0armas, por lo que se simplific\u00f3 para acelerar la producci\u00f3n. La M1\u00a0no pod\u00eda aceptar el tambor\u00a0utilizado en los modelos anteriores y lleg\u00f3 equipado con un cargador de 20 o 30 cartuchos. El M1 junto con\u00a0el m\u00e1s simplificado M1A1 se utiliz\u00f3 hasta el final de la Segunda Guerra Mundial y en Corea y en Vietnam y a\u00fan hoy se considera la mejor arma de la Segunda Guerra Mundial. Fueron com\u00fanmente usados por oficiales y suboficiales.<\/span><\/p>\n<p><strong><span style=\"font-family: Verdana\">DESCRIPCI\u00d3N:<\/span><\/strong> Magnifico subfusil Thompson con su correa porta fusa de \u00e9poca en estado de estreno, con su pav\u00f3n original al 100%,\u00a0a cada lado tiene para facilitar la sujeci\u00f3n de dicha correa\u00a0un anillo de acero en forma de &#8220;D&#8221;. Tiene la palanca de amartillado de disparo en el lado derecho.\u00a0Adjunta a la parte trasera del marco de activaci\u00f3n por tres tornillos, esta la culata de madera que tiene una cavidad de metal\u00a0con una peque\u00f1a puerta de bisagra para los \u00fatiles de limpieza. Estampado en el lado izquierdo se puede leer &#8220;ametralladora Thompson, calibre .45 M1, NO. 186.278&#8243;. en el lado derecho\u00a0estampada la manufactura de la compa\u00f1\u00eda &#8221; Auto Ordnanze Corporation, Bridgeport, Connecticut, U.S.A.&#8221; o como era conocida al principio\u00a0la Thompsom (Tommy Gun). Estampado en la parte superior del Thompson el logotipo que es una forma de bala en l\u00ednea y dentro\u00a0la marca &#8220;Thompson&#8221;, junto al guardamanos o carcasa lleva dos sellos estampados dentro de un circulo con las siglas &#8220;GEG&#8221;, un punz\u00f3n y las letras F JA, en el ca\u00f1\u00f3n punzones del banco de pruebas.\u00a0Tiene en la parte izquierda\u00a0un selector para poder disparar en tiro autom\u00e1tico continuo o bien tiro a tiro. Tambi\u00e9n monta un seguro de aleta manual. Ambos selectores se encuentran en\u00a0el lateral izquierdo del pistolete, sobre la empu\u00f1adura, de forma que el tirador pueda actuar sobre ellos con el pulgar derecho sin dejar de empu\u00f1ar el Thompson.\u00a0Estampado en la parte inferior tiene el n\u00famero &#8220;511.101&#8221;. En la parte inferior del guardamonte junto al pistolete de madera tiene estampado el a\u00f1o de fabricaci\u00f3n &#8220;39&#8221;, en la culata de buena madera tiene lo que padece las iniciales gravadas del propietario.\u00a0Correa porta fusa, precio aparte. El arma hace clic y tiene todas las partes m\u00f3viles. Se suministra con cargador de 30 cartuchos. <span style=\"color: red\">ES NECESARIO DNI<\/span>.<\/p>\n<p align=\"justify\"><span style=\"font-family: Verdana;font-size: 10pt\">Longitud: 813mm<br \/>\nPeso: 4.74kg<br \/>\nCa\u00f1\u00f3n: 267mm<br \/>\nCalibre: 45ACP<br \/>\nRayado: 6 estr\u00edas dextrosum<br \/>\nAlimentaci\u00f3n: Cargador de 20 disparos.<br \/>\nCadencia de tiro: 700dpm<br \/>\nVelocidad inicial del proyectil: 281m\/s<br \/>\nAlza: fija para 100m <\/span><\/p>\n","protected":false},"featured_media":7323,"template":"","meta":[],"product_brand":[],"product_cat":[224],"product_tag":[],"class_list":{"0":"post-7322","1":"product","2":"type-product","3":"status-publish","4":"has-post-thumbnail","6":"product_cat-archivo-vendidos","7":"sales-flash-overlay","8":"woocommerce-text-align-center","9":"woocommerce-image-align-center","10":"do-quantity-buttons","12":"first","13":"outofstock","14":"purchasable","15":"product-type-simple"},"_links":{"self":[{"href":"https:\/\/original-militaria.com\/en\/wp-json\/wp\/v2\/product\/7322","targetHints":{"allow":["GET"]}}],"collection":[{"href":"https:\/\/original-militaria.com\/en\/wp-json\/wp\/v2\/product"}],"about":[{"href":"https:\/\/original-militaria.com\/en\/wp-json\/wp\/v2\/types\/product"}],"wp:featuredmedia":[{"embeddable":true,"href":"https:\/\/original-militaria.com\/en\/wp-json\/wp\/v2\/media\/7323"}],"wp:attachment":[{"href":"https:\/\/original-militaria.com\/en\/wp-json\/wp\/v2\/media?parent=7322"}],"wp:term":[{"taxonomy":"product_brand","embeddable":true,"href":"https:\/\/original-militaria.com\/en\/wp-json\/wp\/v2\/product_brand?post=7322"},{"taxonomy":"product_cat","embeddable":true,"href":"https:\/\/original-militaria.com\/en\/wp-json\/wp\/v2\/product_cat?post=7322"},{"taxonomy":"product_tag","embeddable":true,"href":"https:\/\/original-militaria.com\/en\/wp-json\/wp\/v2\/product_tag?post=7322"}],"curies":[{"name":"wp","href":"https:\/\/api.w.org\/{rel}","templated":true}]}}