{"id":7307,"date":"2017-09-05T11:38:45","date_gmt":"2017-09-05T11:38:45","guid":{"rendered":"https:\/\/original-militaria.com\/?post_type=product&#038;p=7307"},"modified":"2025-11-01T19:36:27","modified_gmt":"2025-11-01T18:36:27","slug":"pistola-de-pedernal-de-1821-de-urquiola","status":"publish","type":"product","link":"https:\/\/original-militaria.com\/en\/producto\/pistola-de-pedernal-de-1821-de-urquiola\/","title":{"rendered":"Spanish Flintlock Pistol of 1821 by &#8220;Urquiola&#8221;&#8212; Pistola de Pedernal de 1821 de &#8220;Urquiola&#8221;"},"content":{"rendered":"<p style=\"text-align: justify;\" align=\"justify\"><span style=\"font-size: 12pt; font-family: verdana, geneva, sans-serif;\"><strong>ANTECEDENTES:<\/strong> &#8220;Urquiola&#8221;, armero vasco que trabajo en Madrid, 1815-1851. Fuente, Enciclopedia &#8220;Heer der Neue Stockel&#8221; volumen 2, p\u00e1gina 1316. <\/span><\/p>\n<p style=\"text-align: justify;\"><span style=\"font-family: verdana, geneva, sans-serif; font-size: 12pt;\"><strong>DESCRIPCION:<\/strong> Pistola madrile\u00f1a de chispa o pedernal fabricada por Urquiola con llave &#8220;a la romana&#8221;, caja de madera de nogal, en el ca\u00f1\u00f3n tiene bien definido <strong>&#8220;fabricado en Eibar a\u00f1o 1821&#8221;<\/strong> que conserva su pav\u00f3n (esta sin limpiar), en la platina se puede leer <strong>&#8220;Madrid&#8221;<\/strong>, tiene el punz\u00f3n de <strong>&#8220;Urquiola&#8221;<\/strong> en el ca\u00f1\u00f3n y contrapunz\u00f3n del mismo en el guardamonte. El pie de gato de graciosa forma conserva su piedra de s\u00edlex sujeta por el tornillo pedrero, en la cazoleta podemos observar el rastrillo rayado, la culata esta cuadrillada con pomo met\u00e1lico. Conserva su baqueta de madera termina en punta redonda.<\/span><\/p>\n<p style=\"text-align: justify;\"><span style=\"font-family: verdana, geneva, sans-serif; font-size: 12pt;\"><strong>Nota.-<\/strong> Est\u00e1 inscrito en el libro de coleccionista, lo puede solicitar gratuitamente sin tener licencia en su Intervenci\u00f3n de armas de la Guardia Civil. <\/span><\/p>\n<p><span style=\"font-family: verdana, geneva, sans-serif;\"><strong>AVISO:<\/strong> Revisa la normativa espa\u00f1ola para la tenencia de armas antes de realizar la compra<\/span><br \/>\n<span style=\"font-family: verdana, geneva, sans-serif;\"> <small><a title=\"Normativa espa\u00f1ola para la tenencia de armas. Guardia Civil.\" href=\"http:\/\/www.guardiacivil.es\/es\/servicios\/armasyexplosivo\/index.html\" target=\"_blank\" rel=\"noopener noreferrer nofollow\"> Guardia Civil (Intervenci\u00f3n de Armas Virtual)<\/a><\/small><\/span><\/p>\n","protected":false},"excerpt":{"rendered":"<p align=\"justify\"><span style=\"font-size: medium;\"><span style=\"font-size: 9pt; font-family: Verdana;\"><span style=\"font-family: Verdana;\"><span style=\"font-size: medium;\"><strong>ANTECEDENTES:<\/strong> &#8220;Urquiola&#8221;, armero vasco que trabajo en madrid, 1815-1851. Fuente, Enciclopedia &#8220;Heer der Neue Stockel&#8221; volumen 2, p\u00e1gina 1316. <\/span><\/span><\/span><\/span><\/p>\n<p><strong>DESCRIPCION:<\/strong> Pistola madrile\u00f1a de chispa o pedernal fabricada por Urquiola con llave &#8220;a la romana&#8221;, caja de madera de nogal, en el ca\u00f1\u00f3n tiene bien definido <span style=\"color: #ff0000;\">&#8220;fabricado en Eibar a\u00f1o 1821&#8221;<\/span> que conserva su pav\u00f3n (esta sin limpiar), en la platina se puede leer <span style=\"color: #ff0000;\">&#8220;Madrid&#8221;<\/span>, tiene el punz\u00f3n de <span style=\"color: #ff0000;\">&#8220;Urquiola&#8221; <\/span>en el ca\u00f1\u00f3n y contrapunz\u00f3n del mismo en el guardamonte. El pie de gato de graciosa forma conserva su piedra de s\u00edlex sujeta por el tornillo pedrero, en la cazoleta podemos observar el rastrillo rayado, la culata esta cuadrillada con pomo met\u00e1lico. Conserva su baqueta de madera termina en punta redonda.<\/p>\n<p><strong><span style=\"color: #ff0000;\">Nota.-<\/span><\/strong><span style=\"font-size: medium;\"><span style=\"font-family: Verdana;\"> Est\u00e1 inscrito en el libro de coleccionista, lo puede solicitar gratuitamente sin tener licencia en su Intervenci\u00f3n de armas de la Guardia Civil. <\/span><\/span><\/p>\n<p><strong><span style=\"font-family: Verdana;\"><span style=\"color: #ff0000;\">Nota 2.-<\/span><\/span><\/strong> Seg\u00fan el <strong><span style=\"font-family: Verdana;\">Art. 107<\/span><\/strong>,\u00a0<strong><span style=\"font-family: Verdana;\">Cap\u00edtulo V<\/span><\/strong>, <strong><span style=\"font-family: Verdana;\">Secci\u00f3n I<\/span><\/strong>, <strong><span style=\"font-family: Verdana;\">p\u00e1rrafo E<\/span><\/strong>, del Reglamento de Armas, tambi\u00e9n se puede comprar <strong><span style=\"font-family: Verdana;\">sin tener libro de coleccionista<\/span><\/strong> ateni\u00e9ndose a la siguiente <strong>disposici\u00f3n:<br \/>\n<\/strong><br \/>\nNo obstante lo dispuesto en otros preceptos de este Reglamento, se considerar\u00e1 autorizada la posesi\u00f3n en el propio domicilio, sin los requisitos determinados en ellos, de <strong><span style=\"font-family: Verdana;\">un arma de fuego corta o larga<\/span><\/strong> de las no prohibidas a particulares, <strong><span style=\"font-family: Verdana;\">acreditando su especial valor hist\u00f3rico o art\u00edstico<\/span><\/strong>, o de <strong><span style=\"font-family: Verdana;\">dos armas de avancarga<\/span><\/strong>, documentadas con las correspondientes gu\u00edas de pertenencia, <strong><span style=\"font-family: Verdana;\">previa aportaci\u00f3n del informe de aptitud regulado en el art\u00edculo 98<\/span><\/strong>, adoptando las medidas de seguridad necesarias para su custodia y no pudiendo utilizarlas ni enajenarlas, salvo dando cumplimiento a lo dispuesto al respecto en los preceptos espec\u00edficos de este Reglamento. La infracci\u00f3n de lo dispuesto en este apartado tendr\u00e1 la consideraci\u00f3n de grave y llevar\u00e1 aparejada en todo caso la retirada definitiva de las armas de que se trate.<\/p>\n","protected":false},"featured_media":7308,"template":"","meta":[],"product_brand":[],"product_cat":[235],"product_tag":[],"class_list":{"0":"post-7307","1":"product","2":"type-product","3":"status-publish","4":"has-post-thumbnail","6":"product_cat-armas-historicas","7":"sales-flash-overlay","8":"woocommerce-text-align-center","9":"woocommerce-image-align-center","10":"do-quantity-buttons","12":"first","13":"instock","14":"purchasable","15":"product-type-simple"},"_links":{"self":[{"href":"https:\/\/original-militaria.com\/en\/wp-json\/wp\/v2\/product\/7307","targetHints":{"allow":["GET"]}}],"collection":[{"href":"https:\/\/original-militaria.com\/en\/wp-json\/wp\/v2\/product"}],"about":[{"href":"https:\/\/original-militaria.com\/en\/wp-json\/wp\/v2\/types\/product"}],"wp:featuredmedia":[{"embeddable":true,"href":"https:\/\/original-militaria.com\/en\/wp-json\/wp\/v2\/media\/7308"}],"wp:attachment":[{"href":"https:\/\/original-militaria.com\/en\/wp-json\/wp\/v2\/media?parent=7307"}],"wp:term":[{"taxonomy":"product_brand","embeddable":true,"href":"https:\/\/original-militaria.com\/en\/wp-json\/wp\/v2\/product_brand?post=7307"},{"taxonomy":"product_cat","embeddable":true,"href":"https:\/\/original-militaria.com\/en\/wp-json\/wp\/v2\/product_cat?post=7307"},{"taxonomy":"product_tag","embeddable":true,"href":"https:\/\/original-militaria.com\/en\/wp-json\/wp\/v2\/product_tag?post=7307"}],"curies":[{"name":"wp","href":"https:\/\/api.w.org\/{rel}","templated":true}]}}