{"id":7278,"date":"2017-09-05T11:38:39","date_gmt":"2017-09-05T11:38:39","guid":{"rendered":"https:\/\/original-militaria.com\/?post_type=product&#038;p=7278"},"modified":"2022-01-31T19:06:11","modified_gmt":"2022-01-31T18:06:11","slug":"pareja-de-pistolas-de-duelo-espanolas-firmadas-de-pintas-don-jose-aranguren-en-eibar-ano-1856","status":"publish","type":"product","link":"https:\/\/original-militaria.com\/en\/producto\/pareja-de-pistolas-de-duelo-espanolas-firmadas-de-pintas-don-jose-aranguren-en-eibar-ano-1856\/","title":{"rendered":"Pair of Spanish Dueling Pistols signed &#8220;De pints, Don Jos\u00e9 Aranguren in Eibar, Year 1856&#8221;.&#8212;Pareja de Pistolas de Duelo Espa\u00f1olas firmadas &#8220;De pintas, Don Jos\u00e9 Aranguren en Eibar, A\u00f1o 1856&#8221;."},"content":{"rendered":"<p style=\"text-align: justify\"><span style=\"font-size: 12pt;font-family: verdana, geneva, sans-serif\"><strong>ANTECEDENTES:<\/strong> Jos\u00e9 Aranguren, ca\u00f1onista de Placencia y Eibar, 1849-1870. La Muy Ejemplar ciudad de <span>Eibar<\/span> es un municipio de Guip\u00fazcoa perteneciente a la comarca del Bajo Deva en el Pa\u00eds Vasco, Espa\u00f1a. Se la conoce como la &#8220;<strong>Ciudad Armera<\/strong>&#8220;. De esta ilustre ciudad han salido algunos de los armeros m\u00e1s importantes del mundo. El primer documento escrito que hace referencia a la industria armera eibarresa es una petici\u00f3n de dos lombardas fechada en 1481. Las parejas de pistolas de duelo espa\u00f1olas son muy dif\u00edciles de encontrar.<\/span><\/p>\n<p style=\"text-align: justify\"><span style=\"font-size: 12pt;font-family: verdana, geneva, sans-serif\"><strong>DESCRIPCION:<\/strong> Pareja de pistolas de duelo espa\u00f1olas de sistema de percusi\u00f3n en excelente estado, fabricadas por el armero de Eibar \u201cD. Jos\u00e9 Aranguren en 1856\u201d<strong>.<\/strong> Ambas tienen el ca\u00f1\u00f3n pavonado de color marr\u00f3n mate, y en\u00a0los mismos bien definido en letras de oro &#8220;De pintas, Don Jos\u00e9 Aranguren en Eibar, A\u00f1o 1856&#8221;. Llaves, guardamontes y resto de guarniciones en hierro niquelado ornamentados, incluso los pasadores. Los gatillos con excepcionales guardamontes tienen un mecanismo en los disparadores con ajuste micro m\u00e9trico, que les permite graduar la presi\u00f3n, logrando el disparo con la m\u00ednima presi\u00f3n del dedo (disparadores al &#8220;pelo&#8221;), los muelles reales y los perrillos perfectos as\u00ed como las chimeneas casi intactas. Ambas platinas de las llaves presentan la firma de Jos\u00e9 Aranguren, las cajas de madera de ra\u00edz de nogal est\u00e1n charoladas, las culatas cuadrilladas terminan con cantoneras met\u00e1licas tambi\u00e9n ornamentadas. Longitud del arma 47 cm. En definitiva una esplendida pareja de pistolas de duelo espa\u00f1olas. Es necesario libro de coleccionista, lo puede solicitar sin licencia en su Intervenci\u00f3n de armas.<\/span><\/p>\n<p style=\"text-align: justify\"><span style=\"font-family: verdana, geneva, sans-serif;font-size: 12pt\">\u00a0<strong>Nota: &#8220;<\/strong>De Pintas&#8221; nombre que se le daba en Espa\u00f1a por los armeros y ca\u00f1onistas a los ca\u00f1ones de las pistolas fabricados con herraduras, por las pintas que quedaban.<\/span><\/p>\n","protected":false},"excerpt":{"rendered":"<p style=\"text-align: justify\"><strong><span style=\"font-family: Verdana;font-size: 9pt\">ANTECEDENTES:<\/span><\/strong><span style=\"font-family: Verdana;font-size: 9pt\"> Jos\u00e9 Aranguren, ca\u00f1onista de Placencia y Eibar, 1849-1870. <\/span><span style=\"font-family: Verdana;font-size: 9pt\">La Muy Ejemplar<\/span><span style=\"font-family: Verdana;font-size: 9pt\"> ciudad de <span>Eibar<\/span> es un municipio de Guip\u00fazcoa perteneciente a la comarca del Bajo Deva en el Pa\u00eds Vasco, Espa\u00f1a.<\/span><span style=\"font-family: Verdana;font-size: 9pt\"> S<\/span><span style=\"font-family: Verdana;font-size: 9pt\">e la conoce como la &#8220;<strong>Ciudad Armera<\/strong>&#8220;. De esta ilustre ciudad han salido algunos de los armeros m\u00e1s importantes del mundo. El primer documento escrito que hace referencia a la industria armera eibarresa es una petici\u00f3n de dos lombardas fechada en 1481. <\/span><span style=\"font-family: Verdana;font-size: 9pt\">Las parejas de pistolas de duelo espa\u00f1olas son muy dif\u00edciles de encontrar.<\/span><\/p>\n<p style=\"text-align: justify\"><strong><span style=\"font-family: Verdana;font-size: 9pt\">DESCRIPCION:<\/span><\/strong><span style=\"font-family: Verdana;font-size: 9pt\"> Pareja de pistolas de duelo espa\u00f1olas de sistema de percusi\u00f3n en excelente estado, fabricadas por el armero de Eibar <span style=\"color: #ff0000\">\u201cD. Jos\u00e9 Aranguren en 1856\u201d<\/span><strong>.<\/strong> Ambas tienen el ca\u00f1\u00f3n pavonado de color marr\u00f3n mate, y en\u00a0los mismos bien definido en letras de oro <span style=\"color: #ff0000\">&#8220;De pintas, Don Jos\u00e9 Aranguren en Eibar, A\u00f1o 1856&#8221;<\/span>. Llaves, guardamontes y resto de guarniciones en hierro niquelado ornamentados, incluso los pasadores. Los gatillos con excepcionales guardamontes tienen un mecanismo en los disparadores con ajuste microm\u00e9trico, que les permite graduar la presi\u00f3n, logrando el disparo con la m\u00ednima presi\u00f3n del dedo (disparadores al &#8220;pelo&#8221;), los muelles reales y los perrillos perfectos as\u00ed como las chimeneas casi intactas. Ambas platinas de las llaves presentan la firma de Jos\u00e9 Aranguren, las cajas de madera de ra\u00edz de nogal est\u00e1n charoladas, las culatas\u00a0cuadrilladas terminan con cantoneras met\u00e1licas tambi\u00e9n ornamentadas. Longitud del arma 47 cm. En definitiva una esplendida pareja de pistolas de duelo espa\u00f1olas. <span style=\"color: #ff0000\">Es necesario libro de coleccionista, lo puede solicitar sin licencia en su Intervenci\u00f3n de armas.<\/span><\/span><\/p>\n<p style=\"text-align: justify\"><span style=\"font-family: Verdana;font-size: 9pt\">\u00a0<span style=\"font-family: Verdana;font-size: 9pt\"><span style=\"color: #ff0000\"><strong>Nota: <span style=\"color: #ff0000\">&#8220;<\/span><\/strong><\/span><span style=\"color: #ff0000\">De Pintas&#8221;<\/span> nombre que se le daba en Espa\u00f1a por los armeros y ca\u00f1onistas a los ca\u00f1ones de las pistolas fabricados con herraduras, por las pintas que quedaban.<\/span><\/span><\/p>\n","protected":false},"featured_media":7279,"template":"","meta":[],"product_brand":[],"product_cat":[224],"product_tag":[],"class_list":{"0":"post-7278","1":"product","2":"type-product","3":"status-publish","4":"has-post-thumbnail","6":"product_cat-archivo-vendidos","7":"sales-flash-overlay","8":"woocommerce-text-align-center","9":"woocommerce-image-align-center","10":"do-quantity-buttons","12":"first","13":"outofstock","14":"purchasable","15":"product-type-simple"},"_links":{"self":[{"href":"https:\/\/original-militaria.com\/en\/wp-json\/wp\/v2\/product\/7278","targetHints":{"allow":["GET"]}}],"collection":[{"href":"https:\/\/original-militaria.com\/en\/wp-json\/wp\/v2\/product"}],"about":[{"href":"https:\/\/original-militaria.com\/en\/wp-json\/wp\/v2\/types\/product"}],"wp:featuredmedia":[{"embeddable":true,"href":"https:\/\/original-militaria.com\/en\/wp-json\/wp\/v2\/media\/7279"}],"wp:attachment":[{"href":"https:\/\/original-militaria.com\/en\/wp-json\/wp\/v2\/media?parent=7278"}],"wp:term":[{"taxonomy":"product_brand","embeddable":true,"href":"https:\/\/original-militaria.com\/en\/wp-json\/wp\/v2\/product_brand?post=7278"},{"taxonomy":"product_cat","embeddable":true,"href":"https:\/\/original-militaria.com\/en\/wp-json\/wp\/v2\/product_cat?post=7278"},{"taxonomy":"product_tag","embeddable":true,"href":"https:\/\/original-militaria.com\/en\/wp-json\/wp\/v2\/product_tag?post=7278"}],"curies":[{"name":"wp","href":"https:\/\/api.w.org\/{rel}","templated":true}]}}