{"id":7274,"date":"2017-09-05T11:38:39","date_gmt":"2017-09-05T11:38:39","guid":{"rendered":"https:\/\/original-militaria.com\/?post_type=product&#038;p=7274"},"modified":"2022-01-31T19:06:11","modified_gmt":"2022-01-31T18:06:11","slug":"pistola-de-doble-canon-de-la-marina-inglesa-queen-anne-1790","status":"publish","type":"product","link":"https:\/\/original-militaria.com\/en\/producto\/pistola-de-doble-canon-de-la-marina-inglesa-queen-anne-1790\/","title":{"rendered":"Double Barrel Pistol of the English Navy &#8220;Queen Anne&#8221;, 1790&#8212;Pistola de Doble Ca\u00f1\u00f3n de la Marina Inglesa &#8220;Queen Anne&#8221; , 1790"},"content":{"rendered":"<p align=\"justify\"><span style=\"font-family: verdana, geneva, sans-serif;font-size: 12pt\">Impresionante y muy rara pistola de chispa o pedernal de dos ca\u00f1ones para la Marina de Guerra Inglesa circa 1790, estilo &#8220;Queen Anne&#8221;\u00a0Reina Ana&#8221;,\u00a0caja de\u00a0madera de nogal finamente repujada con hilos de plata incrustados en la madera de la empu\u00f1adura.\u00a0Los\u00a0ca\u00f1ones de bronce (especiales en la \u00e9poca para la marina) est\u00e1n numerados &#8220;3&#8221; y &#8220;4&#8221; lo que nos dice que es la segunda pistola de una pareja, tiene marcas del banco de pruebas de Londres de la \u00e9poca debajo de los mismos. Con un solo gatillo y un solo pie de gato, todav\u00eda tiene la piedra de s\u00edlex sujetada por el tornillo pedrero, lleva un\u00a0mecanismo lateral de seguridad para cerrar una de las dos cazoletas, de tal manera que se pueden disparar los dos ca\u00f1ones al mismo tiempo o disparar de uno en uno, en la platina bien marcada la manufactura del fabricante &#8220;EL A D L\u00a0E Y London&#8221; y en la empu\u00f1adura magnifico escudo de armas nobiliario en plata, en prolongaci\u00f3n de la rabera, cantonera de plata con mascara de demonio fijada por un tornillo con punz\u00f3n, la letra &#8220;E&#8221;\u00a0y un ancla de marina. Longitud 29 cm, muelle real perfecto. La pistola est\u00e1 sin limpiar ni el bronce ni las partes de plata. Es necesario libro de coleccionista, lo puede solicitar sin licencia en su Intervenci\u00f3n de armas.<\/span><\/p>\n","protected":false},"excerpt":{"rendered":"<p align=\"justify\"><strong><span style=\"font-family: Verdana;font-size: 9pt\">DESCRIPCION: <\/span><\/strong><span style=\"font-family: Verdana;font-size: 9pt\">Impresionante y muy rara pistola de chispa o pedernal de dos ca\u00f1ones para la Marina de Guerra Inglesa circa 1790, estilo &#8220;Queen Anne&#8221;\u00a0Reina Ana&#8221;,\u00a0caja de\u00a0madera de nogal finamente repujada con hilos de plata incrustados en la madera de la empu\u00f1adura.\u00a0Los\u00a0ca\u00f1ones de bronce (especiales en la \u00e9poca para la marina) est\u00e1n numerados &#8220;3&#8221; y &#8220;4&#8221; lo que nos dice que es la segunda pistola de una pareja, tiene marcas del banco de pruebas de Londres de la \u00e9poca debajo de los mismos. Con un solo gatillo y un solo pie de gato, todav\u00eda tiene la piedra de s\u00edlex sujetada por el tornillo pedrero, lleva un\u00a0mecanismo lateral de seguridad para cerrar una de las dos cazoletas, de tal manera que se pueden disparar los dos ca\u00f1ones al mismo tiempo o disparar de uno en uno, en la platina bien marcada la manufactura del fabricante &#8220;EL A D L\u00a0E Y London&#8221; y en la empu\u00f1adura magnifico escudo de armas nobiliario en plata, en prolongaci\u00f3n de la rabera, cantonera de plata con mascara de demonio fijada por un tornillo con punz\u00f3n, la letra &#8220;E&#8221;\u00a0y un ancla de marina. Longitud 29 cm, muelle real perfecto. La pistola est\u00e1 sin limpiar ni el bronce ni las partes de plata. <span style=\"color: #ff0000\">Es necesario libro de coleccionista, lo puede solicitar sin licencia en su Intervenci\u00f3n de armas.<\/span> <\/span><\/p>\n<p class=\"MsoNormal\"><span style=\"font-family: Arial;font-size: 10pt\">\u00a0<\/span><\/p>\n<p align=\"justify\">\n","protected":false},"featured_media":7275,"template":"","meta":[],"product_brand":[],"product_cat":[224],"product_tag":[],"class_list":{"0":"post-7274","1":"product","2":"type-product","3":"status-publish","4":"has-post-thumbnail","6":"product_cat-archivo-vendidos","7":"sales-flash-overlay","8":"woocommerce-text-align-center","9":"woocommerce-image-align-center","10":"do-quantity-buttons","12":"first","13":"outofstock","14":"purchasable","15":"product-type-simple"},"_links":{"self":[{"href":"https:\/\/original-militaria.com\/en\/wp-json\/wp\/v2\/product\/7274","targetHints":{"allow":["GET"]}}],"collection":[{"href":"https:\/\/original-militaria.com\/en\/wp-json\/wp\/v2\/product"}],"about":[{"href":"https:\/\/original-militaria.com\/en\/wp-json\/wp\/v2\/types\/product"}],"wp:featuredmedia":[{"embeddable":true,"href":"https:\/\/original-militaria.com\/en\/wp-json\/wp\/v2\/media\/7275"}],"wp:attachment":[{"href":"https:\/\/original-militaria.com\/en\/wp-json\/wp\/v2\/media?parent=7274"}],"wp:term":[{"taxonomy":"product_brand","embeddable":true,"href":"https:\/\/original-militaria.com\/en\/wp-json\/wp\/v2\/product_brand?post=7274"},{"taxonomy":"product_cat","embeddable":true,"href":"https:\/\/original-militaria.com\/en\/wp-json\/wp\/v2\/product_cat?post=7274"},{"taxonomy":"product_tag","embeddable":true,"href":"https:\/\/original-militaria.com\/en\/wp-json\/wp\/v2\/product_tag?post=7274"}],"curies":[{"name":"wp","href":"https:\/\/api.w.org\/{rel}","templated":true}]}}