{"id":7272,"date":"2017-09-05T11:38:39","date_gmt":"2017-09-05T11:38:39","guid":{"rendered":"https:\/\/original-militaria.com\/?post_type=product&#038;p=7272"},"modified":"2022-01-31T19:06:10","modified_gmt":"2022-01-31T18:06:10","slug":"pareja-de-pistolas-de-pedernal-de-oficial-frances-1er-imperio","status":"publish","type":"product","link":"https:\/\/original-militaria.com\/en\/producto\/pareja-de-pistolas-de-pedernal-de-oficial-frances-1er-imperio\/","title":{"rendered":"Pair of French Officer Flint Pistols &#8220;1st Empire&#8221;&#8212;Pareja de Pistolas de Pedernal de Oficial Franc\u00e9s &#8220;1er Imperio&#8221;"},"content":{"rendered":"<p align=\"justify\"><span style=\"font-family: verdana, geneva, sans-serif;font-size: 12pt\"><strong>ANTECEDENTES:<\/strong> Jean Brossard, armero afincado en St-Etienne, Francia, desde 1760, en sus armas punzonaba con su nombre y M coronada, ya que fabricaba armas para el rey, fuente enciclopedia &#8220;Heer der Neue Stockel&#8221; , tomo 1\u00ba, p\u00e1gina 149. Saint-\u00c9tienne es una ciudad francesa situada en el departamento del lora\u00a0de la regi\u00f3n R\u00f3dano-Alpes. \u00a0Desde el siglo XV Saint-\u00c9tienne fue un importante centro de producci\u00f3n metal\u00fargica (armas blancas, armas de fuego desde las Guerras italianas de Francisco I. El Primer Imperio Franc\u00e9s, conocido com\u00fanmente como el Imperio Napole\u00f3nico, cubre el periodo de la dominaci\u00f3n de Francia sobre la Europa Continental, bajo el gobierno de Napole\u00f3n Bonaparte\u00a0I. Oficialmente, el t\u00e9rmino se refiere al periodo comprendido entre el fin del Consulado hasta la Restauraci\u00f3n de la monarqu\u00eda borb\u00f3nica, aunque posteriormente vivi\u00f3 un ep\u00edlogo entre el periodo de los Cien D\u00edas (1 de marzo\u00a0de 1815) y la abdicaci\u00f3n final de Napole\u00f3n, el 22 de junio de 1815. En general, el Primer Imperio Franc\u00e9s fue un gobierno mantenido por la fuerza de las armas en contra del resto de las potencias europeas que lo atenazaban. A pesar de dominar pr\u00e1cticamente toda Europa, y extender su dominio militar hasta el mism\u00edsimo Mosc\u00fa.<\/span><\/p>\n<p align=\"justify\"><span style=\"font-family: verdana, geneva, sans-serif;font-size: 12pt\"><strong>DESCRIPCION:<\/strong> Pareja de pistolas militares de Oficial Franc\u00e9s de 1er Imperio, van numeradas &#8220;716 y 717&#8221;, llevan escudo nobiliario con las iniciales &#8220;GD&#8221;, ambas van firmadas en la parte interior-inferior de los ca\u00f1ones por &#8220;Jean Brosard&#8221; con M coronada, lo que significa que hac\u00eda armas para el rey y la nobleza. De excelente calidad de fabricaci\u00f3n, cajas de madera de nogal ricamente labradas, pomos cuadrillados con la terminaci\u00f3n caracter\u00edstica 1er Imperio de forma octogonal, muelles reales y pies de gato perfectos, ricamente ornamentadas con motivos florales en todas sus guarniciones (rastrillo, guardamontes, ca\u00f1ones, pomos, pletina, contra pletina, ca\u00f1\u00f3n etc, incluso en los tornillos), estas guarniciones son de hierro pavonado negro, el cual se conserva al 100%. En los guardamontes, dentro de un ovalo tienen cada una de ellas, una escena rupestre de una casa de campo y en la parte superior del ca\u00f1\u00f3n bien definido &#8220;Canon Fordu&#8221; (ca\u00f1\u00f3n fundido). Las baquetas de madera de nogal terminan en punta redonda, plana, met\u00e1lica. Miden 36 cm. Es necesario libro de coleccionista, lo puede solicitar sin licencia en su Intervenci\u00f3n de armas.<\/span><\/p>\n","protected":false},"excerpt":{"rendered":"<p align=\"justify\"><strong><span style=\"font-family: Verdana;font-size: 9pt\">ANTECEDENTES:<\/span><\/strong><span style=\"font-family: Verdana;font-size: 9pt\"> <span style=\"color: red\">Jean Brossard,<\/span> armero afincado en St-Etienne, Francia, desde 1760, en sus armas punzonaba con su nombre y M coronada, ya que fabricaba armas para el rey, fuente enciclopedia &#8220;Heer der Neue Stockel&#8221; , tomo 1\u00ba, p\u00e1gina 149. Saint-\u00c9tienne es una ciudad francesa situada en el departamento del lora\u00a0de la regi\u00f3n R\u00f3dano-Alpes. \u00a0Desde el siglo XV Saint-\u00c9tienne fue un importante centro de producci\u00f3n metal\u00fargica (armas blancas, armas de fuego desde las Guerras italianas de Francisco I. El Primer Imperio Franc\u00e9s, conocido com\u00fanmente como el Imperio Napole\u00f3nico, cubre el periodo de la dominaci\u00f3n de Francia sobre la Europa Continental, bajo el gobierno de Napole\u00f3n Bonaparte\u00a0I. Oficialmente, el t\u00e9rmino se refiere al periodo comprendido entre el fin del Consulado hasta la Restauraci\u00f3n de la monarqu\u00eda borb\u00f3nica, aunque posteriormente vivi\u00f3 un ep\u00edlogo entre el periodo de los Cien D\u00edas (1 de marzo\u00a0de 1815) y la abdicaci\u00f3n final de Napole\u00f3n, el 22 de junio de 1815. En general, el Primer Imperio Franc\u00e9s fue un gobierno mantenido por la fuerza de las armas en contra del resto de las potencias europeas que lo atenazaban. A pesar de dominar pr\u00e1cticamente toda Europa, y extender su dominio militar hasta el mism\u00edsimo Mosc\u00fa.<\/span><\/p>\n<p align=\"justify\"><strong><span style=\"font-family: Verdana;font-size: 9pt\">DESCRIPCION:<\/span><\/strong><span style=\"font-family: Verdana;font-size: 9pt\"> Pareja de pistolas militares de Oficial Franc\u00e9s de <span style=\"color: red\">1er Imperio<\/span>, van numeradas &#8220;716 y 717&#8221;, llevan escudo nobiliario con las iniciales &#8220;GD&#8221;, ambas van firmadas en la parte interior-inferior de los ca\u00f1ones por <span style=\"color: red\">&#8220;Jean Brosard&#8221;<\/span> con <span style=\"color: red\">M coronada<\/span>, lo que significa que hac\u00eda armas para el rey y la nobleza. De excelente calidad de fabricaci\u00f3n,\u00a0cajas de madera de nogal ricamente labradas,\u00a0pomos cuadrillados con la terminaci\u00f3n caracter\u00edstica 1er\u00a0Imperio de forma octogonal, muelles reales\u00a0y pies de gato perfectos, ricamente ornamentadas con motivos florales en todas sus guarniciones (rastrillo,\u00a0guardamontes, ca\u00f1ones, pomos, pletina, contrapleina, ca\u00f1\u00f3n etc, incluso en los tornillos), estas guarniciones son de hierro pavonado negro, el cual se conserva al 100%.\u00a0En los guardamontes,\u00a0dentro de un ovalo tienen cada una de ellas, una escena rupestre de una casa de\u00a0campo y en la parte superior del ca\u00f1\u00f3n bien definido &#8220;Canon Fordu&#8221; (ca\u00f1\u00f3n fundido). Las baquetas de madera de nogal terminan en punta redonda, plana, met\u00e1lica.\u00a0Miden 36 cm. <span style=\"color: #ff0000\">Es necesario libro de coleccionista, lo puede solicitar sin licencia en su Intervenci\u00f3n de armas.<\/span><\/span><\/p>\n","protected":false},"featured_media":7273,"template":"","meta":[],"product_brand":[],"product_cat":[224],"product_tag":[],"class_list":{"0":"post-7272","1":"product","2":"type-product","3":"status-publish","4":"has-post-thumbnail","6":"product_cat-archivo-vendidos","7":"sales-flash-overlay","8":"woocommerce-text-align-center","9":"woocommerce-image-align-center","10":"do-quantity-buttons","12":"first","13":"outofstock","14":"purchasable","15":"product-type-simple"},"_links":{"self":[{"href":"https:\/\/original-militaria.com\/en\/wp-json\/wp\/v2\/product\/7272","targetHints":{"allow":["GET"]}}],"collection":[{"href":"https:\/\/original-militaria.com\/en\/wp-json\/wp\/v2\/product"}],"about":[{"href":"https:\/\/original-militaria.com\/en\/wp-json\/wp\/v2\/types\/product"}],"wp:featuredmedia":[{"embeddable":true,"href":"https:\/\/original-militaria.com\/en\/wp-json\/wp\/v2\/media\/7273"}],"wp:attachment":[{"href":"https:\/\/original-militaria.com\/en\/wp-json\/wp\/v2\/media?parent=7272"}],"wp:term":[{"taxonomy":"product_brand","embeddable":true,"href":"https:\/\/original-militaria.com\/en\/wp-json\/wp\/v2\/product_brand?post=7272"},{"taxonomy":"product_cat","embeddable":true,"href":"https:\/\/original-militaria.com\/en\/wp-json\/wp\/v2\/product_cat?post=7272"},{"taxonomy":"product_tag","embeddable":true,"href":"https:\/\/original-militaria.com\/en\/wp-json\/wp\/v2\/product_tag?post=7272"}],"curies":[{"name":"wp","href":"https:\/\/api.w.org\/{rel}","templated":true}]}}