{"id":7266,"date":"2017-09-05T11:38:38","date_gmt":"2017-09-05T11:38:38","guid":{"rendered":"https:\/\/original-militaria.com\/?post_type=product&#038;p=7266"},"modified":"2022-01-31T19:06:10","modified_gmt":"2022-01-31T18:06:10","slug":"pistola-militar-espanola-m1815de-caballeria-de-linea","status":"publish","type":"product","link":"https:\/\/original-militaria.com\/en\/producto\/pistola-militar-espanola-m1815de-caballeria-de-linea\/","title":{"rendered":"Spanish Military Pistol M1815 of Line Cavalry&#8212;-Pistola Militar Espa\u00f1ola M1815de Caballer\u00eda de L\u00ednea"},"content":{"rendered":"<p style=\"text-align: justify\" align=\"justify\"><span style=\"font-size: 12pt\"><strong><span style=\"font-family: Verdana\">ANTECEDENTES:<\/span><\/strong><span style=\"font-family: Verdana\"> Evidentemente la pistola esta inspirada en la francesa M1807 que trajeron las tropas napole\u00f3nicas. la espa\u00f1ola tiene un tama\u00f1o algo mayor, lleva anilla en la culata y la cara interior de se rastrillo est\u00e1 labrada con las siete estr\u00edas. Se distinguen, adem\u00e1s, por las marcas reglamentarias. El precio en Oviedo, seg\u00fan Salas era de 71 reales 30 maraved\u00eds (17,97 pts). Sin embargo Odriozola da el de 68 reales 8,5 maraved\u00eds.<\/span><\/span><\/p>\n<p style=\"text-align: justify\" align=\"justify\"><span style=\"font-size: 12pt\"><strong><span style=\"font-family: Verdana\">DESCRIPCION:<\/span><\/strong><span style=\"font-family: Verdana\"> Pistola espa\u00f1ola reglamentar\u00eda para caballer\u00eda de l\u00ednea con llave de Chispa a la francesa, producida en las Reales F\u00e1bricas de Placencia de las Armas, el ca\u00f1\u00f3n presenta cinco ochavas en la parte superior de su primera mitad y no tiene elementos de punter\u00eda. Lleva media caja de nogal con la culata reforzada por una pieza de hierro en prolongaci\u00f3n de la rabera y por la cantonera de lat\u00f3n fija por un tornillo. Abrazando esta cantonera hay una anilla delgada giratoria alrededor de un pasador que atraviesa la culata. Son tambi\u00e9n de lat\u00f3n la cazoleta, el arco del guardamonte, la abrazadera y el portav\u00eds. La abrazadera tiene una brida hacia atr\u00e1s por la que queda fija al portav\u00eds por medio de un tornillo pasador delantero. La baqueta es de hierro. En el ca\u00f1\u00f3n tiene el a\u00f1o aunque borradas las dos \u00faltimas cifras, pero posiblemente al ser fabricada en Eibar por &#8220;Orbea&#8221; (M.Y.) es de 1830, tiene diversos punzones.\u00a0 <\/span><\/span><\/p>\n<p style=\"text-align: justify\" align=\"justify\"><span style=\"font-family: Verdana;font-size: 12pt\"><strong>Datos:<\/strong><\/span><\/p>\n<p style=\"text-align: justify\" align=\"justify\"><span style=\"font-family: Verdana;font-size: 12pt\">Calibre 18,3 mm (de a 17)<\/span><\/p>\n<p style=\"text-align: justify\" align=\"justify\"><span style=\"font-family: Verdana;font-size: 12pt\">Longitud: 38 cm<\/span><\/p>\n<p style=\"text-align: justify\" align=\"justify\"><span style=\"font-family: Verdana;font-size: 12pt\">Peso: 1.330 gr. <\/span><\/p>\n","protected":false},"excerpt":{"rendered":"<p align=\"justify\"><strong><span style=\"font-family: Verdana;font-size: 9pt\">ANTECEDENTES:<\/span><\/strong><span style=\"font-family: Verdana;font-size: 9pt\"> Evidentemente la pistola esta inspirada en la francesa M1807 que trajer\u00f3n las tropas napole\u00f3nicas. la espa\u00f1ola tiene un tama\u00f1o algo mayor, lleva anilla en la culata y la cara interior de se rastrillo est\u00e1 labrada con las siete estr\u00edas. Se distinguen, adem\u00e1s, por las marcas reglamentarias. El precio en Oviedo, seg\u00fan Salas era de 71 reales 30 maraved\u00eds (17,97 pts). Sin embargo Odriozola da el de 68 reales 8,5 maraved\u00eds.<\/span><\/p>\n<p align=\"justify\"><strong><span style=\"font-family: Verdana;font-size: 9pt\">DESCRIPCION:<\/span><\/strong><span style=\"font-family: Verdana;font-size: 9pt\"> Pistola espa\u00f1ola reglamentar\u00eda para caballer\u00eda de l\u00ednea con llave de Chispa a la francesa, producida en las Reales F\u00e1bricas de Placencia de las Armas, el ca\u00f1\u00f3n presenta cinco ochavas en la parte superior de su primera mitad y no tiene elementos de punter\u00eda. Lleva media caja de nogal con la culata reforzada por una pieza de hierro en prolongaci\u00f3n de la rabera y por la cantonera de lat\u00f3n fija por un tornillo. Abrazando esta cantonera hay una anilla delgada giratoria alrededor de un pasador que atraviesa la culata. Son tambi\u00e9n de lat\u00f3n la cazoleta, el arco del guardamonte, la abrazadera y el portav\u00eds. La abrazadera tiene una brida hacia atr\u00e1s por la que queda fija al portav\u00eds por medio de un tornillo pasador delantero. La baqueta es de hierro. En el ca\u00f1\u00f3n tiene el a\u00f1o aunque borradas las dos \u00faltimas cifras, pero posiblemente al ser <span style=\"color: #ff0000\">fabricada en Eibar por &#8220;Orbea&#8221; (M.Y.) es de 1830, tiene diversos punzones.\u00a0 <\/span><\/span><\/p>\n<p align=\"justify\"><span style=\"font-family: Verdana;font-size: 9pt\"><span style=\"color: #000000\"><strong>Datos:<\/strong><\/span><\/span><\/p>\n<p align=\"justify\"><span style=\"font-family: Verdana;font-size: 9pt\">Calibre 18,3 mm (de a 17)<\/span><\/p>\n<p align=\"justify\"><span style=\"font-family: Verdana;font-size: 9pt\">Longitud: 38 cm<\/span><\/p>\n<p align=\"justify\"><span style=\"font-family: Verdana;font-size: 9pt\">Peso: 1.330 gr. <\/span><\/p>\n","protected":false},"featured_media":7267,"template":"","meta":[],"product_brand":[],"product_cat":[224],"product_tag":[],"class_list":{"0":"post-7266","1":"product","2":"type-product","3":"status-publish","4":"has-post-thumbnail","6":"product_cat-archivo-vendidos","7":"sales-flash-overlay","8":"woocommerce-text-align-center","9":"woocommerce-image-align-center","10":"do-quantity-buttons","12":"first","13":"outofstock","14":"purchasable","15":"product-type-simple"},"_links":{"self":[{"href":"https:\/\/original-militaria.com\/en\/wp-json\/wp\/v2\/product\/7266","targetHints":{"allow":["GET"]}}],"collection":[{"href":"https:\/\/original-militaria.com\/en\/wp-json\/wp\/v2\/product"}],"about":[{"href":"https:\/\/original-militaria.com\/en\/wp-json\/wp\/v2\/types\/product"}],"wp:featuredmedia":[{"embeddable":true,"href":"https:\/\/original-militaria.com\/en\/wp-json\/wp\/v2\/media\/7267"}],"wp:attachment":[{"href":"https:\/\/original-militaria.com\/en\/wp-json\/wp\/v2\/media?parent=7266"}],"wp:term":[{"taxonomy":"product_brand","embeddable":true,"href":"https:\/\/original-militaria.com\/en\/wp-json\/wp\/v2\/product_brand?post=7266"},{"taxonomy":"product_cat","embeddable":true,"href":"https:\/\/original-militaria.com\/en\/wp-json\/wp\/v2\/product_cat?post=7266"},{"taxonomy":"product_tag","embeddable":true,"href":"https:\/\/original-militaria.com\/en\/wp-json\/wp\/v2\/product_tag?post=7266"}],"curies":[{"name":"wp","href":"https:\/\/api.w.org\/{rel}","templated":true}]}}