{"id":7264,"date":"2017-09-05T11:38:37","date_gmt":"2017-09-05T11:38:37","guid":{"rendered":"https:\/\/original-militaria.com\/?post_type=product&#038;p=7264"},"modified":"2022-01-31T19:06:10","modified_gmt":"2022-01-31T18:06:10","slug":"granada-de-palo-m24-de-1940","status":"publish","type":"product","link":"https:\/\/original-militaria.com\/en\/producto\/granada-de-palo-m24-de-1940\/","title":{"rendered":"Wehrmacht\/ M24 Stick Grenade, 1940 &#8212; WH\/ Granada de Palo M24 de 1940"},"content":{"rendered":"<p align=\"justify\"><span style=\"font-size: medium\"><strong><span style=\"font-family: Verdana\">ANTECEDENTES:<\/span><\/strong><span style=\"font-family: Verdana\"> El desarrollo y la producci\u00f3n de municiones del ej\u00e9rcito alem\u00e1n se encontraban bajo la supervisi\u00f3n de <\/span><\/span><span style=\"font-size: 9pt;font-family: Verdana\"><span style=\"font-size: medium\">la HwaA<\/span><span style=\"font-size: medium\">, Heereswaffenamt, (Oficina de Servicio Cartogr\u00e1fico del Ej\u00e9rcito), que fue una subsecci\u00f3n de <\/span><span style=\"font-size: medium\">la OKH<\/span><span style=\"font-size: medium\">, Oberkommando des Heeres, (Alto Mando del Ej\u00e9rcito), y fue responsable de pruebas, la evaluaci\u00f3n y la eventual emisi\u00f3n de todos los artefactos. La granada de palo M24\u00a0fue una modificaci\u00f3n de la granada M1915 alemana de Primera Guerra Mundia,\u00a0que se convertir\u00eda en la m\u00e1s com\u00fan granada utilizada por Alemania durante <\/span><span style=\"font-size: medium\">la Segunda Guerra<\/span><span style=\"font-size: medium\"> Mundial. Modificaciones de <\/span><span style=\"font-size: medium\">la M<\/span><span style=\"font-size: medium\">24 dio lugar a la granada M39 ya en 1939 y la granada M43 con una espoleta de inserci\u00f3n diferente configuraci\u00f3n en 1943. Las granadas\u00a0M24, M39 y M43\u00a0fueron armadas con TNT con\u00a0cuatro a cinco segundos de tiempo, con\u00a0un radio efectivo\u00a0alrededor de doce a catorce metros. En el frente ruso la eficacia de la\u00a0granada RGD33 rusa\u00a0de fragmentaci\u00f3n llev\u00f3 a los alemanes\u00a0a copiar la idea y desarrollar su propia granada de fragmentaci\u00f3n. La primera granada de\u00a0fragmentaci\u00f3n alemana fue una buena versi\u00f3n introducida por <\/span><span style=\"font-size: medium\">la Waffen-SS<\/span><\/span><span style=\"font-size: medium\"><span style=\"font-family: Verdana\">, Waffen-und Ger\u00e4teamtes, (Oficina de Equipo y Armas), bajo el mando de las SS Heinrich G\u00e4rtner Oberf\u00fchrer a mediados de 1942. Poco despu\u00e9s de la introducci\u00f3n de dicha granada de fragmentaci\u00f3n por las Waffen-SS, la\u00a0HwaA, sigui\u00f3 el ejemplo mediante el desarrollo de una versi\u00f3n de la granada de fragmentaci\u00f3n, aunque ambas modalidades fueron utilizadas por ambas organizaciones. <\/span><\/span><\/p>\n<p style=\"text-align: justify\"><span style=\"font-family: verdana, geneva, sans-serif\"><strong>DESCRIPCION:<\/strong> Granada de palo M24 (Stielhandgranate M24) pintada en olor verde gris\u00e1ceo, fabricada en chapa con un mango de madera\u00a0suave sutilmente contorneado, con chapa\u00a0 magn\u00e9tica\u00a0en ambos extremos. El extremo superior de la empu\u00f1adura tiene un tornillo de rosca.\u00a0La parte inferior del palo de madera tiene un tornillo de rosca, tambi\u00e9n pintado con su tapa correspondiente.\u00a0Mantiene en ambos extremos met\u00e1licos casi al 95% su pintura original. En la parte inferior, dentro de una cavidad hecha para albergar el detonador, conserva la bola de porcelana con su correspondiente cord\u00f3n y pasador. En el palo de madera tiene bien definidos los datos del fabricante, y en la base plana del cilindro met\u00e1lico donde albergaba el TNT, tiene bien definido el a\u00f1o 1940,\u00a0Waffenampt en pintura blanca y las iniciales\/logo que consta de dos &#8220;R&#8221; invertidas, lo que indica la fabricaci\u00f3n de &#8220;Richard Rinker de Iserlohn&#8221;, lleva el logo tanto en el cilindro como en el palo, raro que coincidan y encontrarlas tan completas.<\/span><\/p>\n","protected":false},"excerpt":{"rendered":"<p align=\"justify\"><span style=\"font-size: medium\"><strong><span style=\"font-family: Verdana\">ANTECEDENTES:<\/span><\/strong><span style=\"font-family: Verdana\"> El desarrollo y la producci\u00f3n de municiones del ej\u00e9rcito alem\u00e1n se encontraban bajo la supervisi\u00f3n de <\/span><\/span><span style=\"font-size: 9pt;font-family: Verdana\"><span style=\"font-size: medium\">la HwaA<\/span><span style=\"font-size: medium\">, Heereswaffenamt, (Oficina de Servicio Cartogr\u00e1fico del Ej\u00e9rcito), que fue una subsecci\u00f3n de <\/span><span style=\"font-size: medium\">la OKH<\/span><span style=\"font-size: medium\">, Oberkommando des Heeres, (Alto Mando del Ej\u00e9rcito), y fue responsable de pruebas, la evaluaci\u00f3n y la eventual emisi\u00f3n de todos los artefactos. La granada de palo M24\u00a0fue una modificaci\u00f3n de la granada M1915 alemana de Primera Guerra Mundia,\u00a0que se convertir\u00eda en la m\u00e1s com\u00fan granada utilizada por Alemania durante <\/span><span style=\"font-size: medium\">la Segunda Guerra<\/span><span style=\"font-size: medium\"> Mundial. Modificaciones de <\/span><span style=\"font-size: medium\">la M<\/span><span style=\"font-size: medium\">24 dio lugar a la granada M39 ya en 1939 y la granada M43 con una espoleta de inserci\u00f3n diferente configuraci\u00f3n en 1943. Las granadas\u00a0M24, M39 y M43\u00a0fueron armadas con TNT con\u00a0cuatro a cinco segundos de tiempo, con\u00a0un radio efectivo\u00a0alrededor de doce a catorce metros. En el frente ruso la eficacia de la\u00a0granada RGD33 rusa\u00a0de fragmentaci\u00f3n llev\u00f3 a los alemanes\u00a0a copiar la idea y desarrollar su propia granada de fragmentaci\u00f3n. La primera granada de\u00a0fragmentaci\u00f3n alemana fue una buena versi\u00f3n introducida por <\/span><span style=\"font-size: medium\">la Waffen-SS<\/span><\/span><span style=\"font-size: medium\"><span style=\"font-family: Verdana\">, Waffen-und Ger\u00e4teamtes, (Oficina de Equipo y Armas), bajo el mando de las SS Heinrich G\u00e4rtner Oberf\u00fchrer a mediados de 1942. Poco despu\u00e9s de la introducci\u00f3n de dicha granada de fragmentaci\u00f3n por las Waffen-SS, la\u00a0HwaA, sigui\u00f3 el ejemplo mediante el desarrollo de una versi\u00f3n de la granada de fragmentaci\u00f3n, aunque ambas modalidades fueron utilizadas por ambas organizaciones. <\/span><\/span><\/p>\n<p><strong>DESCRIPCION:<\/strong>\u00a0Granada de palo M24 (Stielhandgranate M24) pintada en olor verde gris\u00e1ceo, fabricada en chapa con un mango de madera\u00a0suave sutilmente contorneado, con chapa\u00a0 magn\u00e9tica\u00a0en ambos extremos. El extremo superior de la empu\u00f1adura tiene un tornillo de rosca.\u00a0La parte inferior del palo de madera tiene un tornillo de rosca, tambi\u00e9n pintado con su tapa correspondiente.\u00a0Mantiene en ambos extremos met\u00e1licos casi al 95% su pintura original. En la parte inferior, dentro de una cavidad hecha para albergar el detonador, conserva la bola de porcelana con su correspondiente cord\u00f3n y pasador. En el palo de madera tiene bien definidos los datos del fabricante, y en la base plana del cilindro met\u00e1lico donde albergaba el TNT, tiene bien definido el a\u00f1o 1940,\u00a0Waffenampt en pintura blanca y las iniciales\/logo que consta de dos &#8220;R&#8221; invertidas, lo que indica la fabricaci\u00f3n de &#8220;Richard Rinker de Iserlohn&#8221;, lleva el logo tanto en el cilindro como en el palo, raro que coincidan y encotrarlas tan completas.<\/p>\n","protected":false},"featured_media":7265,"template":"","meta":[],"product_brand":[],"product_cat":[224],"product_tag":[],"class_list":{"0":"post-7264","1":"product","2":"type-product","3":"status-publish","4":"has-post-thumbnail","6":"product_cat-archivo-vendidos","7":"sales-flash-overlay","8":"woocommerce-text-align-center","9":"woocommerce-image-align-center","10":"do-quantity-buttons","12":"first","13":"outofstock","14":"purchasable","15":"product-type-simple"},"_links":{"self":[{"href":"https:\/\/original-militaria.com\/en\/wp-json\/wp\/v2\/product\/7264","targetHints":{"allow":["GET"]}}],"collection":[{"href":"https:\/\/original-militaria.com\/en\/wp-json\/wp\/v2\/product"}],"about":[{"href":"https:\/\/original-militaria.com\/en\/wp-json\/wp\/v2\/types\/product"}],"wp:featuredmedia":[{"embeddable":true,"href":"https:\/\/original-militaria.com\/en\/wp-json\/wp\/v2\/media\/7265"}],"wp:attachment":[{"href":"https:\/\/original-militaria.com\/en\/wp-json\/wp\/v2\/media?parent=7264"}],"wp:term":[{"taxonomy":"product_brand","embeddable":true,"href":"https:\/\/original-militaria.com\/en\/wp-json\/wp\/v2\/product_brand?post=7264"},{"taxonomy":"product_cat","embeddable":true,"href":"https:\/\/original-militaria.com\/en\/wp-json\/wp\/v2\/product_cat?post=7264"},{"taxonomy":"product_tag","embeddable":true,"href":"https:\/\/original-militaria.com\/en\/wp-json\/wp\/v2\/product_tag?post=7264"}],"curies":[{"name":"wp","href":"https:\/\/api.w.org\/{rel}","templated":true}]}}