{"id":7230,"date":"2017-09-05T11:38:29","date_gmt":"2017-09-05T11:38:29","guid":{"rendered":"https:\/\/original-militaria.com\/?post_type=product&#038;p=7230"},"modified":"2022-01-31T19:06:09","modified_gmt":"2022-01-31T18:06:09","slug":"cappello-de-subteniente-de-artilleria-de-campana-alpina-ww2","status":"publish","type":"product","link":"https:\/\/original-militaria.com\/en\/producto\/cappello-de-subteniente-de-artilleria-de-campana-alpina-ww2\/","title":{"rendered":"Artillery Officer\u00b4s Cappello&#8212;Cappello de Subteniente de Artiller\u00eda de Campa\u00f1a Alpina"},"content":{"rendered":"<p style=\"text-align: justify\" align=\"justify\"><span style=\"font-family: verdana, geneva, sans-serif;font-size: 12pt\"><strong>ANTECEDENTES:<\/strong> El cuerpo de los Alpini (Los \u201cAlpini\u201d son los soldados del Ejercito Italiano especialistas en Monta\u00f1a) naci\u00f3 para la defensa de los confines monta\u00f1osos italianos, a ra\u00edz de un proyecto presentado por el capit\u00e1n Giuseppe Perrucchetti (Este cuerpo de elite dentro de las fuerzas armadas italianas, se cre\u00f3 oficialmente el 15 de Octubre de 1.872,por el General Giuseppe Domenico Perucchetti). Sus primeros grupos fueron instituidos en el a\u00f1o 1872. Antes de la suspensi\u00f3n del servicio militar obligatorio, los Alpini eran reclutados localmente, pues as\u00ed se aprovechaba mejor el conocimiento del territorio y sus posibilidades, factor importante en un ambiente dif\u00edcil como el de las monta\u00f1as. Su \u201cbautismo de fuego\u201d fue en la batalla de Adua (1 de marzo de 1896). Durante la WW1 estaban organizados en 88 batallones reunidos en 20 grupos, 9 reagrupamientos y 4 divisiones. Despu\u00e9s del conflicto solo quedaron 8 regimientos a los que se uni\u00f3 el 9\u00ba constituido en el a\u00f1o 1919. En 1926 se formaron tres comandos de brigada, que luego fueron cuatro en 1933 y luego transformados en divisiones en 1935. Las divisiones aumentaron a seis durante la Segunda Guerra Mundial y luego todas fueron disueltas al final del conflicto. Su se\u00f1a de identidad y su insignia es la tipica prenda de cabeza tocada con una pluma llamada: &#8220;Il Capello Alpino&#8221; y que fue usada por primera vez en Mayo de 1.910. <\/span><\/p>\n<p style=\"text-align: justify\"><span style=\"font-size: 12pt;font-family: verdana, geneva, sans-serif\"><strong>DESCRIPCION:<\/strong> Magnifico Cappello de Subteniente de artiller\u00eda de campa\u00f1a de tropas alpinas de WW2, es de confecci\u00f3n privada, compuesta de varios elementos que representan el grado, el batall\u00f3n, el regimiento y la especialidad, tiene una pluma al lado izquierdo de la gorra, ligeramente inclinada hacia atr\u00e1s, tiene gal\u00f3n de subteniente (gal\u00f3n dorado) y en la parte frontal del Cappello \u00e1guila en hilo dorado de Oficial de artiller\u00eda de campa\u00f1a (\u00e1guila, corneta, ca\u00f1ones cruzados ), en el interior manufactura tanto en la badana como en el forro del fabricante.<\/span><\/p>\n","protected":false},"excerpt":{"rendered":"<p align=\"justify\"><span style=\"font-family: Verdana;font-size: medium\"><strong>ANTECEDENTES:<\/strong> El cuerpo de los Alpini (Los \u201cAlpini\u201d son los soldados del Ejercito Italiano especialistas en Monta\u00f1a) naci\u00f3 para la defensa de los confines monta\u00f1osos italianos, a ra\u00edz de un proyecto presentado por el capit\u00e1n Giuseppe Perrucchetti (Este cuerpo de elite dentro de las fuerzas armadas italianas, se cre\u00f3 oficialmente el 15 de Octubre de 1.872,por el General Giuseppe Domenico Perucchetti). Sus primeros grupos fueron instituidos en el a\u00f1o 1872. Antes de la suspensi\u00f3n del servicio militar obligatorio, los Alpini eran reclutados localmente, pues as\u00ed se aprovechaba mejor el conocimiento del territorio y sus posibilidades, factor importante en un ambiente dif\u00edcil como el de las monta\u00f1as. Su \u201cbautismo de fuego\u201d fue en la batalla de Adua (1 de marzo de 1896). Durante la WW1 estaban organizados en 88 batallones reunidos en 20 grupos, 9 reagrupamientos y 4 divisiones. Despu\u00e9s del conflicto solo quedaron 8 regimientos a los que se uni\u00f3 el 9\u00ba constituido en el a\u00f1o 1919. En 1926 se formaron tres comandos de brigada, que luego fueron cuatro en 1933 y luego transformados en divisiones en 1935. Las divisiones aumentaron a seis durante la Segunda Guerra Mundial y luego todas fueron disueltas al final del conflicto. Su se\u00f1a de identidad y su insignia es la tipica prenda de cabeza tocada con una pluma llamada: &#8220;Il Capello Alpino&#8221; y que fue usada por primera vez en Mayo de 1.910. <\/span><\/p>\n<p><strong>DESCRIPCION:<\/strong> Magnifico Cappello de Subteniente de artiller\u00eda de campa\u00f1a de tropas alpinas de WW2, es de confecci\u00f3n privada, compuesta de varios elementos que representan el grado, el batall\u00f3n, el regimiento y la especialidad, tiene una pluma al lado izquierdo de la gorra, ligeramente inclinada hacia atr\u00e1s, tiene gal\u00f3n de subteniente (gal\u00f3n dorado) y en la parte frontal del Cappello \u00e1guila en hilo dorado de Oficial de artiller\u00eda de campa\u00f1a (\u00e1guila, corneta, ca\u00f1ones cruzados ), en el interior manufactura tanto en la badana como en el forro del fabricante.<\/p>\n","protected":false},"featured_media":7231,"template":"","meta":[],"product_brand":[],"product_cat":[224],"product_tag":[],"class_list":{"0":"post-7230","1":"product","2":"type-product","3":"status-publish","4":"has-post-thumbnail","6":"product_cat-archivo-vendidos","7":"sales-flash-overlay","8":"woocommerce-text-align-center","9":"woocommerce-image-align-center","10":"do-quantity-buttons","12":"first","13":"outofstock","14":"purchasable","15":"product-type-simple"},"_links":{"self":[{"href":"https:\/\/original-militaria.com\/en\/wp-json\/wp\/v2\/product\/7230","targetHints":{"allow":["GET"]}}],"collection":[{"href":"https:\/\/original-militaria.com\/en\/wp-json\/wp\/v2\/product"}],"about":[{"href":"https:\/\/original-militaria.com\/en\/wp-json\/wp\/v2\/types\/product"}],"wp:featuredmedia":[{"embeddable":true,"href":"https:\/\/original-militaria.com\/en\/wp-json\/wp\/v2\/media\/7231"}],"wp:attachment":[{"href":"https:\/\/original-militaria.com\/en\/wp-json\/wp\/v2\/media?parent=7230"}],"wp:term":[{"taxonomy":"product_brand","embeddable":true,"href":"https:\/\/original-militaria.com\/en\/wp-json\/wp\/v2\/product_brand?post=7230"},{"taxonomy":"product_cat","embeddable":true,"href":"https:\/\/original-militaria.com\/en\/wp-json\/wp\/v2\/product_cat?post=7230"},{"taxonomy":"product_tag","embeddable":true,"href":"https:\/\/original-militaria.com\/en\/wp-json\/wp\/v2\/product_tag?post=7230"}],"curies":[{"name":"wp","href":"https:\/\/api.w.org\/{rel}","templated":true}]}}