{"id":7169,"date":"2017-09-05T11:38:14","date_gmt":"2017-09-05T11:38:14","guid":{"rendered":"https:\/\/original-militaria.com\/?post_type=product&#038;p=7169"},"modified":"2022-01-31T19:06:04","modified_gmt":"2022-01-31T18:06:04","slug":"uniforme-y-gorra-de-inspector-jefe-de-policia","status":"publish","type":"product","link":"https:\/\/original-militaria.com\/en\/producto\/uniforme-y-gorra-de-inspector-jefe-de-policia\/","title":{"rendered":"Spain\/ Uniform and Cap of Chief Inspector of National Police&#8211;  Guerrera-uniforme y Gorra de Inspector Jefe de Polic\u00eda Nacional"},"content":{"rendered":"<p align=\"justify\"><span style=\"font-family: Verdana;font-size: medium\"><strong>ANTECEDENTES:<\/strong> El nuevo Reglamento de la Polic\u00eda Gubernativa de septiembre de 1975, encamino a la Polic\u00eda Espa\u00f1ola hacia una nueva \u00e9poca, m\u00e1s moderna y m\u00e1s eficaz. La nueva Ley de Polic\u00eda de 4 de diciembre de 1978 dec\u00eda que los Cuerpos de Seguridad del Estado estar\u00e1n integrados por la Polic\u00eda, integrada por: el Cuerpo Superior de Polic\u00eda y el Cuerpo de Polic\u00eda Nacional. El emblema caracter\u00edstico (el \u00e1guila de San Juan) se sigue empleando, aunque este ya no lleva el yugo y flechas en sus garras. a principios de los a\u00f1os 80, se cambia el color del uniforme de la polic\u00eda nacional de gris a marr\u00f3n.<\/span><\/p>\n<p align=\"justify\"><span style=\"font-family: Verdana;font-size: medium\"><strong>DESCRIPCION:<\/strong> Uniforme y gorra de plato sin estrenar en su caja original en perfecto estado para un Inspector Jefe, todav\u00eda conserva\u00a0la etiqueta cosida en la manga del env\u00edo y el a\u00f1o 1988, la gorra es talla 59.<br \/>\n<\/span><\/p>\n","protected":false},"excerpt":{"rendered":"<p align=\"justify\"><span style=\"font-family: Verdana;font-size: medium\"><strong>ANTECEDENTES:<\/strong> El nuevo Reglamento de la Polic\u00eda Gubernativa de septiembre de 1975, encamino a la Polic\u00eda Espa\u00f1ola hacia una nueva \u00e9poca, m\u00e1s moderna y m\u00e1s eficaz. La nueva Ley de Polic\u00eda de 4 de diciembre de 1978 dec\u00eda que los Cuerpos de Seguridad del Estado estar\u00e1n integrados por la Polic\u00eda, integrada por: el Cuerpo Superior de Polic\u00eda y el Cuerpo de Polic\u00eda Nacional. El emblema caracter\u00edstico (el \u00e1guila de San Juan) se sigue empleando, aunque este ya no lleva el yugo y flechas en sus garras. a principios de los a\u00f1os 80, se cambia el color del uniforme de la polic\u00eda nacional de gris a marr\u00f3n.<\/span><\/p>\n<p align=\"justify\"><span style=\"font-family: Verdana;font-size: medium\"><strong>DESCRIPCION:<\/strong> Uniforme y gorra de plato sin estrenar en su caja original en perfecto estado para un Inspector Jefe, todav\u00eda conserva\u00a0la etiqueta cosida en la manga del env\u00edo y el a\u00f1o 1988, la gorra es talla 59.<br \/>\n<\/span><\/p>\n","protected":false},"featured_media":7170,"template":"","meta":[],"product_brand":[],"product_cat":[224],"product_tag":[],"class_list":{"0":"post-7169","1":"product","2":"type-product","3":"status-publish","4":"has-post-thumbnail","6":"product_cat-archivo-vendidos","7":"sales-flash-overlay","8":"woocommerce-text-align-center","9":"woocommerce-image-align-center","10":"do-quantity-buttons","12":"first","13":"outofstock","14":"purchasable","15":"product-type-simple"},"_links":{"self":[{"href":"https:\/\/original-militaria.com\/en\/wp-json\/wp\/v2\/product\/7169","targetHints":{"allow":["GET"]}}],"collection":[{"href":"https:\/\/original-militaria.com\/en\/wp-json\/wp\/v2\/product"}],"about":[{"href":"https:\/\/original-militaria.com\/en\/wp-json\/wp\/v2\/types\/product"}],"wp:featuredmedia":[{"embeddable":true,"href":"https:\/\/original-militaria.com\/en\/wp-json\/wp\/v2\/media\/7170"}],"wp:attachment":[{"href":"https:\/\/original-militaria.com\/en\/wp-json\/wp\/v2\/media?parent=7169"}],"wp:term":[{"taxonomy":"product_brand","embeddable":true,"href":"https:\/\/original-militaria.com\/en\/wp-json\/wp\/v2\/product_brand?post=7169"},{"taxonomy":"product_cat","embeddable":true,"href":"https:\/\/original-militaria.com\/en\/wp-json\/wp\/v2\/product_cat?post=7169"},{"taxonomy":"product_tag","embeddable":true,"href":"https:\/\/original-militaria.com\/en\/wp-json\/wp\/v2\/product_tag?post=7169"}],"curies":[{"name":"wp","href":"https:\/\/api.w.org\/{rel}","templated":true}]}}