{"id":7085,"date":"2017-09-05T11:37:48","date_gmt":"2017-09-05T11:37:48","guid":{"rendered":"https:\/\/original-militaria.com\/?post_type=product&#038;p=7085"},"modified":"2022-01-31T19:06:02","modified_gmt":"2022-01-31T18:06:02","slug":"ss-silbato-de-la-division-deutschland","status":"publish","type":"product","link":"https:\/\/original-militaria.com\/en\/producto\/ss-silbato-de-la-division-deutschland\/","title":{"rendered":"Waffen SS\/  Whistle &#8212; SS\/ Silbato de la &#8220;Divisi\u00f3n Deutschland&#8221;"},"content":{"rendered":"<p style=\"text-align: justify;\" align=\"justify\"><span style=\"font-family: verdana, geneva, sans-serif;\"><span style=\"font-size: small;\"><strong><span style=\"font-size: 12pt;\">ANTECEDENTES:<\/span><\/strong><span style=\"font-size: 12pt;\"> Cuando Hitler fue proclamado como Canciller de Alemania en 1933, inseguro sobre la postura del Reichswehr, polic\u00eda del estado, solicito al SS Gruppenfuhrer Sepp Dietrich formar un cuerpo personal de guardaespaldas, que se llamo SS Stabwache Berl\u00edn. El Stabwache se convirti\u00f3 en mayo de 1933 en el SS Sonderkommando Zossen, con tres compa\u00f1\u00edas. En Junio fueron reclutadas tres compa\u00f1\u00edas mas y organizadas en el SS Sonderkommando Juteborg. En Septiembre de 1933 ambas organizaciones fueron unidas en una sola formaci\u00f3n, <\/span><\/span><span style=\"font-size: 12pt;\">la Standarte Adolf Hitler. El 9 de Noviembre esta unidad hizo un juramento de lealtad personal a Hitler y su nombre fue cambiado a &#8220;Leibstandarte SS Adolf Hitler&#8221; o LAH. El 24 de Mayo de 1934, Himmler autorizo a Sepp Dietrich para usar en ella los t\u00e9rminos usados por la Wehrmacht, como batall\u00f3n y compa\u00f1\u00eda, conservando los rangos propios de las SS. Un segundo componente de las SS fue conformado por orden de Hitler cuando alcanzo la cancilleria por temor a un golpe de estado. El 24 de Septiembre de 1934, Hitler ordeno que estas escuadras fueran reorganizadas en SS Verfugungstruppe o SS-VT, como fuerza pol\u00edtica a disposici\u00f3n del r\u00e9gimen. Fueron conformadas a nivel de standarten, equivalente a un regimiento de infanter\u00eda del ej\u00e9rcito; cada uno contaba con tres batallones, una compa\u00f1\u00eda de motocicletas y una compa\u00f1\u00eda de morteros. En 1935 se conformo en Munich el Standarte 1\/VT o Deutschland y equipado como un regimiento de caballer\u00eda del ej\u00e9rcito. Al mismo tiempo en Hamburgo se conformo el SS Standarte 2\/VT Germania y en Nurnberg el 3\/VT Germania.<\/span><\/span><\/p>\n<p style=\"text-align: justify;\" align=\"justify\"><span style=\"font-size: 12pt; font-family: verdana, geneva, sans-serif;\"><strong>DESCRIPCION:<\/strong> Excepcional silbato (Signalpfeife) fabricado en madera de \u00e9bano y hueso para un miembro del\u00a0&#8220;Standarte 1\/VT o Deutschland&#8221; con su cord\u00f3n original. El silbato\u00a0lleva gravado por un lado dentro de un doble circulo las runas de los &#8220;SS&#8221;, y por el otro lado la leyenda &#8220;3-SS-D&#8221; y el n\u00famero &#8220;117&#8221; haciendo alusi\u00f3n a la &#8220;3\u00aa compa\u00f1\u00eda\u00a0de la SS Divisi\u00f3n Deutschland&#8221; con n\u00famero &#8220;117&#8221; dentro de la unidad. Excepcionalmente raro. Funcionando.<\/span><\/p>\n<p style=\"text-align: justify;\" align=\"justify\"><span style=\"font-size: small;\"><span style=\"font-family: Verdana; mso-bidi-font-family: Arial;\"><span style=\"font-size: 12pt; font-family: verdana, geneva, sans-serif;\"><strong>NOTA:<\/strong> Este art\u00edculo pertenece a la extensa colecci\u00f3n que compramos a\u00a0un gran coleccionista Europeo, casi todas las piezas provenientes de un Museo que adquiri\u00f3.<\/span><span style=\"color: #ff0000;\"><br \/>\n<\/span><\/span><\/span><\/p>\n","protected":false},"excerpt":{"rendered":"<p align=\"justify\"><span style=\"font-size: small;\"><strong><span style=\"font-family: Verdana; mso-bidi-font-family: Arial;\">ANTECEDENTES:<\/span><\/strong><span style=\"font-family: Verdana; mso-bidi-font-family: Arial;\"> Cuando Hitler fue proclamado como Canciller de Alemania en 1933, inseguro sobre la postura del Reichswehr, polic\u00eda del estado, solicito al SS Gruppenfuhrer Sepp Dietrich formar un cuerpo personal de guardaespaldas, que se llamo SS Stabwache Berl\u00edn. El Stabwache se convirti\u00f3 en mayo de 1933 en el SS Sonderkommando Zossen, con tres compa\u00f1\u00edas. En Junio fueron reclutadas tres compa\u00f1\u00edas mas y organizadas en el SS Sonderkommando Juteborg. En Septiembre de 1933 ambas organizaciones fueron unidas en una sola formaci\u00f3n, <\/span><\/span><span style=\"font-family: Verdana; font-size: 9pt; mso-bidi-font-family: Arial;\"><span style=\"font-size: small;\">la Standarte Adolf<\/span><span style=\"font-size: small;\"> Hitler. El 9 de Noviembre esta unidad hizo un juramento de lealtad personal a Hitler y su nombre fue cambiado a &#8220;Leibstandarte SS Adolf Hitler&#8221; o LAH. El 24 de Mayo de 1934, Himmler autorizo a Sepp Dietrich para usar en ella los t\u00e9rminos usados por <\/span><span style=\"font-size: small;\">la Wehrmacht<\/span><\/span><span style=\"font-size: small;\"><span style=\"font-family: Verdana; mso-bidi-font-family: Arial;\">, como batall\u00f3n y compa\u00f1\u00eda, conservando los rangos propios de las SS. Un segundo componente de las SS fue conformado por orden de Hitler cuando alcanzo la cancilleria por temor a un golpe de estado. El 24 de Septiembre de 1934, Hitler ordeno que estas escuadras fueran reorganizadas en SS Verfugungstruppe o SS-VT, como fuerza pol\u00edtica a disposici\u00f3n del r\u00e9gimen. Fueron conformadas a nivel de standarten, equivalente a un regimiento de infanter\u00eda del ej\u00e9rcito; cada uno contaba con tres batallones, una compa\u00f1\u00eda de motocicletas y una compa\u00f1\u00eda de morteros. En 1935 se conformo en Munich el Standarte 1\/VT o Deutschland y equipado como un regimiento de caballer\u00eda del ej\u00e9rcito. Al mismo tiempo en Hamburgo se conformo el SS Standarte 2\/VT Germania y en Nurnberg el 3\/VT Germania.<\/span><\/span><\/p>\n<p align=\"justify\"><span style=\"font-size: small;\"><span style=\"font-family: Verdana; mso-bidi-font-family: Arial;\"><strong>DESCRIPCION:<\/strong> Excepcional silbato (Signalpfeife) fabricado en madera de \u00e9bano y hueso para un miembro del\u00a0<span style=\"color: #ff0000;\">&#8220;Standarte 1\/VT o Deutschland&#8221;<\/span> con su cord\u00f3n original. El silbato\u00a0lleva gravado por un lado dentro de un doble circulo las runas de los <span style=\"color: #ff0000;\">&#8220;SS&#8221;<\/span>, y por el otro lado la leyenda <span style=\"color: #ff0000;\">&#8220;3-SS-D&#8221;<\/span> y el n\u00famero <span style=\"color: #ff0000;\">&#8220;117&#8221;<\/span> haciendo alusi\u00f3n a la <span style=\"color: #ff0000;\">&#8220;3\u00aa compa\u00f1\u00eda\u00a0de <\/span><\/span><\/span><span style=\"font-family: Verdana; font-size: 9pt; mso-bidi-font-family: Arial;\"><span style=\"color: #ff0000;\"><span style=\"font-size: small;\">la SS Divisi\u00f3n<\/span><\/span><\/span><span style=\"font-size: small;\"><span style=\"font-family: Verdana; mso-bidi-font-family: Arial;\"><span style=\"color: #ff0000;\"> Deutschland&#8221;<\/span> con n\u00famero <span style=\"color: #ff0000;\">&#8220;117&#8221;<\/span> dentro de la unidad. Excepcionalmente raro. Funcionando.<\/span><\/span><\/p>\n<p align=\"justify\"><span style=\"font-size: small;\"><span style=\"font-family: Verdana; mso-bidi-font-family: Arial;\"><strong>NOTA:<\/strong> <span style=\"color: #ff0000;\">Este art\u00edculo pertenece a la extensa colecci\u00f3n que compramos a\u00a0un gran coleccionista Europeo, casi todas las piezas provenientes de un Museo que adquiri\u00f3.<br \/>\n<\/span><\/span><\/span><\/p>\n","protected":false},"featured_media":7086,"template":"","meta":[],"product_brand":[],"product_cat":[224],"product_tag":[],"class_list":{"0":"post-7085","1":"product","2":"type-product","3":"status-publish","4":"has-post-thumbnail","6":"product_cat-archivo-vendidos","7":"sales-flash-overlay","8":"woocommerce-text-align-center","9":"woocommerce-image-align-center","10":"do-quantity-buttons","12":"first","13":"outofstock","14":"purchasable","15":"product-type-simple"},"_links":{"self":[{"href":"https:\/\/original-militaria.com\/en\/wp-json\/wp\/v2\/product\/7085","targetHints":{"allow":["GET"]}}],"collection":[{"href":"https:\/\/original-militaria.com\/en\/wp-json\/wp\/v2\/product"}],"about":[{"href":"https:\/\/original-militaria.com\/en\/wp-json\/wp\/v2\/types\/product"}],"wp:featuredmedia":[{"embeddable":true,"href":"https:\/\/original-militaria.com\/en\/wp-json\/wp\/v2\/media\/7086"}],"wp:attachment":[{"href":"https:\/\/original-militaria.com\/en\/wp-json\/wp\/v2\/media?parent=7085"}],"wp:term":[{"taxonomy":"product_brand","embeddable":true,"href":"https:\/\/original-militaria.com\/en\/wp-json\/wp\/v2\/product_brand?post=7085"},{"taxonomy":"product_cat","embeddable":true,"href":"https:\/\/original-militaria.com\/en\/wp-json\/wp\/v2\/product_cat?post=7085"},{"taxonomy":"product_tag","embeddable":true,"href":"https:\/\/original-militaria.com\/en\/wp-json\/wp\/v2\/product_tag?post=7085"}],"curies":[{"name":"wp","href":"https:\/\/api.w.org\/{rel}","templated":true}]}}