{"id":7081,"date":"2017-09-05T11:37:47","date_gmt":"2017-09-05T11:37:47","guid":{"rendered":"https:\/\/original-militaria.com\/?post_type=product&#038;p=7081"},"modified":"2022-01-31T19:06:02","modified_gmt":"2022-01-31T18:06:02","slug":"brazalete-para-miembros-de-las-ss","status":"publish","type":"product","link":"https:\/\/original-militaria.com\/en\/producto\/brazalete-para-miembros-de-las-ss\/","title":{"rendered":"SS Armband for Members&#8212;Brazalete para Miembros de las &#8220;SS&#8221;"},"content":{"rendered":"<p class=\"MsoNormal\" style=\"text-align: justify\" align=\"justify\"><span style=\"font-size: 12pt;font-family: verdana, geneva, sans-serif\">Brazelete (Kampfbinde) de extrema calidad, es\u00a0multi-pieza, primer modelo, de lana color rojo, tiene dos franjas negras en la parte superior e inferior y en el centro dentro de un c\u00edrculo de ray\u00f3n tiene una esv\u00e1stica negra, ambos cosidos a m\u00e1quina. Los bordes\u00a0superior e inferior\u00a0del brazalete tienen la correcta medida\u00a09 mm de ancho. En el reverso del brazalete tiene una vertical costura cosida a m\u00e1quina. En el interior tiene una etiqueta de ray\u00f3n negra cosida a m\u00e1quina\u00a0con el c\u00f3digo del fabricante c\u00f3digo num\u00e9rico, &#8220;38&#8221;, situado sobre la fecha, &#8220;38&#8221;, flanqueada por el logotipo y RZM y las runas de las SS\u00a0cada uno dentro de un doble circulo. El brazalete se encuentra en excelente estado general.<\/span><\/p>\n","protected":false},"excerpt":{"rendered":"<p align=\"justify\"><strong><span style=\"font-size: 9pt;font-family: Verdana\">ANTECEDENTES:<\/span><\/strong><span style=\"font-size: 9pt;font-family: Verdana\"> En abril de 1925 la incipiente Schutzkommando, present\u00f3 su propia versi\u00f3n de\u00a0brazalete mediante la adici\u00f3n dos franjas negras en la parte superior\u00a0y el borde inferior para\u00a0diferenciar al personal de las SS del personal de las\u00a0SA,\u00a0ya que ambos grupos estaban equipados con la tradicional camisa marr\u00f3n \u201cuniforme\u201d&#8221; en ese per\u00edodo de tiempo. El brazalete se llevaba en el uniforme negro de servicio y al principio en los otros, hasta que fue sustituido por el SS-VT, SS-Verf\u00fcgungstruppe, (SS-Tropas para Fines Especiales) en mayo de 1936. El Schutzkommando, pas\u00f3 a llamarse, Schutzstaffel el 9 de noviembre de 1925 y la SS-VT se transformar\u00eda en la Waffen-SS (SS Armadas) en diciembre de 1939. El RZM, Reichzeugmeisterei, (Equipo Nacional de Provisiones), fue fundado oficialmente en junio de 1934 en Munich por el NSDAP como Hauptamt Reich, (Oficina Central del Estado), y bas\u00e1ndose en el anterior Departamento de suministros de las SA. Las dimensiones y el dise\u00f1o de los brazaletes\u00a0se modificaron en 1935 y este segundo modelo\u00a0se mantuvo en uso hasta principios de 1938.<\/span><\/p>\n<p class=\"MsoNormal\" style=\"text-align: justify\" align=\"justify\"><strong><span style=\"font-size: 9pt;font-family: Verdana\">DESCRIPCION:<\/span><\/strong><span style=\"font-size: 9pt;font-family: Verdana\">\u00a0<\/span><span style=\"font-size: 9pt;font-family: Verdana\">(Kampfbinde). De extrema calidad, es\u00a0multi-pieza, primer modelo, de lana color rojo, tiene dos franjas negras en la parte superior e inferior y en el centro dentro de un c\u00edrculo de ray\u00f3n tiene una esv\u00e1stica negra, ambos cosidos a m\u00e1quina. Los bordes\u00a0superior e inferior\u00a0del brazalete tienen la correcta medida\u00a09 mm de ancho. En el reverso del brazalete tiene una vertical costura cosida a m\u00e1quina. En el interior tiene una etiqueta de ray\u00f3n negra cosida a m\u00e1quina\u00a0con el c\u00f3digo del fabricante c\u00f3digo num\u00e9rico, &#8220;38&#8221;, situado sobre la fecha, &#8220;38&#8221;, flanqueada por el logotipo y RZM y las runas de las SS\u00a0cada uno dentro de un doble circulo. El brazalete se encuentra en excelente estado general.<\/span><\/p>\n","protected":false},"featured_media":7082,"template":"","meta":[],"product_brand":[],"product_cat":[224],"product_tag":[],"class_list":{"0":"post-7081","1":"product","2":"type-product","3":"status-publish","4":"has-post-thumbnail","6":"product_cat-archivo-vendidos","7":"sales-flash-overlay","8":"woocommerce-text-align-center","9":"woocommerce-image-align-center","10":"do-quantity-buttons","12":"first","13":"outofstock","14":"purchasable","15":"product-type-simple"},"_links":{"self":[{"href":"https:\/\/original-militaria.com\/en\/wp-json\/wp\/v2\/product\/7081","targetHints":{"allow":["GET"]}}],"collection":[{"href":"https:\/\/original-militaria.com\/en\/wp-json\/wp\/v2\/product"}],"about":[{"href":"https:\/\/original-militaria.com\/en\/wp-json\/wp\/v2\/types\/product"}],"wp:featuredmedia":[{"embeddable":true,"href":"https:\/\/original-militaria.com\/en\/wp-json\/wp\/v2\/media\/7082"}],"wp:attachment":[{"href":"https:\/\/original-militaria.com\/en\/wp-json\/wp\/v2\/media?parent=7081"}],"wp:term":[{"taxonomy":"product_brand","embeddable":true,"href":"https:\/\/original-militaria.com\/en\/wp-json\/wp\/v2\/product_brand?post=7081"},{"taxonomy":"product_cat","embeddable":true,"href":"https:\/\/original-militaria.com\/en\/wp-json\/wp\/v2\/product_cat?post=7081"},{"taxonomy":"product_tag","embeddable":true,"href":"https:\/\/original-militaria.com\/en\/wp-json\/wp\/v2\/product_tag?post=7081"}],"curies":[{"name":"wp","href":"https:\/\/api.w.org\/{rel}","templated":true}]}}