{"id":7075,"date":"2017-09-05T11:37:46","date_gmt":"2017-09-05T11:37:46","guid":{"rendered":"https:\/\/original-militaria.com\/?post_type=product&#038;p=7075"},"modified":"2022-01-31T19:06:01","modified_gmt":"2022-01-31T18:06:01","slug":"uniforme-1941-45-de-alferez-de-infanteria","status":"publish","type":"product","link":"https:\/\/original-militaria.com\/en\/producto\/uniforme-1941-45-de-alferez-de-infanteria\/","title":{"rendered":"Wehrmacht\/ Infantry Officer\u00b4s Uniform Grouping&#8211;Uniforme (1941-45) de Alf\u00e9rez de Infanter\u00eda"},"content":{"rendered":"<p align=\"justify\"><span style=\"font-size: 12pt;font-family: verdana, geneva, sans-serif\"><strong>ANTECEDENTES:<\/strong>\u00a0A las distintas ramas de servicio en los uniformes en el ej\u00e9rcito se le asigno un color para identificar el arma al que pertenec\u00edan (waffenfarbe), el color\u00a0blanco es elegido para todo el personal de\u00a0infanter\u00eda.\u00a0Los oficiales y suboficiales eran responsables de la compra de sus propios uniformes y, en consecuencia, se le asign\u00f3 una prestaci\u00f3n como ayuda para la compra de ropa a trav\u00e9s del ej\u00e9rcito Kleiderkasse.\u00a0Algunos optaron por comprar sus uniformes de vestir en el sector privado, ya que as\u00ed eran de mayor calidad. Aunque a todo todos los soldados, suboficiales y oficiales alistaros sus uniformes se los suministro\u00a0el Gobierno tambi\u00e9n se les permiti\u00f3 comprar los uniformes de confecci\u00f3n\u00a0privada, aunque el precio pod\u00eda llegar a ser muy alto. <\/span><\/p>\n<p align=\"justify\"><span style=\"font-size: 12pt;font-family: verdana, geneva, sans-serif\"><strong>DESCRIPCION:<\/strong> Uniforme completo\u00a0con guerrera (feldbluse) y pantal\u00f3n tipo Breeches fabricados del mismo pa\u00f1o feldgrau\u00a0de confecci\u00f3n privada (1941-45) de un\u00a0Alf\u00e9rez<span>\u00a0 <\/span>(leutnant) del 455 Regimiento\u00a0de infanter\u00eda de la Wehrmacht, es de final de guerra ya que lleva forro de seda sint\u00e9tica de color verde excepto las mangas, en el interior se observa colgante y ranura para la dagael cuello es mayor que el de las prendas de dotaci\u00f3n, por lo que se cierra mediante dos enganches met\u00e1licos, tiene bocamanga francesa, en el frontal seis botones pintados y marcados con cuatro bolsillos tipo parhe apuntados y con fuelle, hombreras desmontables con la n\u00fameraci\u00f3n del Regimiento, \u00e1guila en hilo de aluminio y lleva cinta de Cruz de Hierro de 2\u00aa clase y\u00a0lazo para Cruz de Hierro de 1\u00aa clase y lazo posiblemente para distintivo de herido, tambi\u00e9n lleva lazos para pasador de diario. Los breeches llevan en su parte inferior 5 botones para ajustar (2 peque\u00f1os agujeros).\u00a0Conjunto muy interesante al ser todo el uniforme igual y de la misma persona con cierto desgaste pero en muy buen estado.\u00a0Los complementos no est\u00e1n incluidos.<\/span><\/p>\n<p>&nbsp;<\/p>\n","protected":false},"excerpt":{"rendered":"<p>&nbsp;<\/p>\n<p align=\"justify\"><strong><span style=\"font-size: 9pt;font-family: Verdana\">ANTECEDENTES:<\/span><\/strong><span style=\"font-size: 9pt;font-family: Verdana\">\u00a0A las distintas ramas de servicio en los uniformes en el ej\u00e9rcito se le asigno un color para identificar el arma al que pertenec\u00edan (waffenfarbe), el color\u00a0blanco es elegido para todo el personal de\u00a0infanter\u00eda.\u00a0Los oficiales y suboficiales eran responsables de la compra de sus propios uniformes y, en consecuencia, se le asign\u00f3 una prestaci\u00f3n como ayuda para la compra de ropa a trav\u00e9s del ej\u00e9rcito Kleiderkasse.\u00a0Algunos optaron por comprar sus uniformes de vestir en el sector privado, ya que as\u00ed eran de mayor calidad. Aunque a todo todos los soldados, suboficiales y oficiales alistaros sus uniformes se los suministro\u00a0el Gobierno tambi\u00e9n se les permiti\u00f3 comprar los uniformes de confecci\u00f3n\u00a0privada, aunque el precio pod\u00eda llegar a ser muy alto. <\/span><\/p>\n<p align=\"justify\"><strong><span style=\"font-size: 9pt;font-family: Verdana\">DESCRIPCION:<\/span><\/strong><span style=\"font-size: 9pt;font-family: Verdana\"> Uniforme completo\u00a0con guerrera (feldbluse) y pantal\u00f3n tipo Breeches fabricados del mismo pa\u00f1o feldgrau\u00a0de confecci\u00f3n privada (1941-45) de un\u00a0Alf\u00e9rez<span>\u00a0 <\/span>(leutnant) del 455 Regimiento\u00a0de infanter\u00eda de la Wehrmacht, es de final de guerra ya que lleva forro de seda sint\u00e9tica de color verde excepto las mangas, en el interior se observa colgante y ranura para la dagael cuello es mayor que el de las prendas de dotaci\u00f3n, por lo que se cierra mediante dos enganches met\u00e1licos, tiene bocamanga francesa, en el frontal seis botones pintados y marcados con cuatro bolsillos tipo parhe apuntados y con fuelle, hombreras desmontables con la n\u00fameraci\u00f3n del Regimiento, \u00e1guila en hilo de aluminio y lleva cinta de Cruz de Hierro de 2\u00aa clase y\u00a0lazo para Cruz de Hierro de 1\u00aa clase y lazo posiblemente para distintivo de herido, tambi\u00e9n lleva lazos para pasador de diario. Los breeches llevan en su parte inferior 5 botones para ajustar (2 peque\u00f1os agujeros).\u00a0Conjunto muy interesante al ser todo el uniforme igual y de la misma persona con cierto desgaste pero en muy buen estado.\u00a0Los complementos no est\u00e1n incluidos.<\/span><\/p>\n<p>&nbsp;<\/p>\n","protected":false},"featured_media":7076,"template":"","meta":[],"product_brand":[],"product_cat":[224],"product_tag":[],"class_list":{"0":"post-7075","1":"product","2":"type-product","3":"status-publish","4":"has-post-thumbnail","6":"product_cat-archivo-vendidos","7":"sales-flash-overlay","8":"woocommerce-text-align-center","9":"woocommerce-image-align-center","10":"do-quantity-buttons","12":"first","13":"outofstock","14":"purchasable","15":"product-type-simple"},"_links":{"self":[{"href":"https:\/\/original-militaria.com\/en\/wp-json\/wp\/v2\/product\/7075","targetHints":{"allow":["GET"]}}],"collection":[{"href":"https:\/\/original-militaria.com\/en\/wp-json\/wp\/v2\/product"}],"about":[{"href":"https:\/\/original-militaria.com\/en\/wp-json\/wp\/v2\/types\/product"}],"wp:featuredmedia":[{"embeddable":true,"href":"https:\/\/original-militaria.com\/en\/wp-json\/wp\/v2\/media\/7076"}],"wp:attachment":[{"href":"https:\/\/original-militaria.com\/en\/wp-json\/wp\/v2\/media?parent=7075"}],"wp:term":[{"taxonomy":"product_brand","embeddable":true,"href":"https:\/\/original-militaria.com\/en\/wp-json\/wp\/v2\/product_brand?post=7075"},{"taxonomy":"product_cat","embeddable":true,"href":"https:\/\/original-militaria.com\/en\/wp-json\/wp\/v2\/product_cat?post=7075"},{"taxonomy":"product_tag","embeddable":true,"href":"https:\/\/original-militaria.com\/en\/wp-json\/wp\/v2\/product_tag?post=7075"}],"curies":[{"name":"wp","href":"https:\/\/api.w.org\/{rel}","templated":true}]}}