{"id":7071,"date":"2017-09-05T11:37:45","date_gmt":"2017-09-05T11:37:45","guid":{"rendered":"https:\/\/original-militaria.com\/?post_type=product&#038;p=7071"},"modified":"2022-01-31T19:06:01","modified_gmt":"2022-01-31T18:06:01","slug":"carabina-de-paracaidista-m1-a1-comvertible-en-m1-y-accesorios","status":"publish","type":"product","link":"https:\/\/original-militaria.com\/en\/producto\/carabina-de-paracaidista-m1-a1-comvertible-en-m1-y-accesorios\/","title":{"rendered":"USA\/ Parachute Carbine &#8220;M1 A1&#8221; convertible into &#8220;M1&#8221; and Accessories&#8212;USA\/ Carabina de Paracaidista &#8220;M1 A1&#8221; convertible en &#8220;M1&#8221; y Accesorios"},"content":{"rendered":"<p style=\"text-align: justify\" align=\"justify\"><span style=\"font-size: 12pt;font-family: verdana, geneva, sans-serif\"><b>C<\/b>arabina semiautom\u00e1tica calibre 30 (7,62 x 33) <strong>M1 A1<\/strong><span style=\"font-family: Verdana\"> (producida entre septiembre de 1941 y agosto de 1945), modelo de paracaidista con culata plegable con su correa porta fusa de \u00e9poca m\u00e1s su carcasa de madera para transformarla en la M1 de infanter\u00eda en excelente estado marcada con el n\u00famero &#8220;34&#8221; en dos sitios, la carabina conserva su pav\u00f3n al 100%. Consta como se ve en las fotos de dos cargadores para\u00a030 cartuchos con clic r\u00e1pido para los dos, m\u00e1s cargador de 15 cartuchos y cargador r\u00e1pido de cartuchos con seis balas inertes, cartuchera para dos cargadores de 10 cartuchos fechada con marcajes USA, bote de aceite reglamentario para esta arma, capucha de lona marcada &#8220;USA&#8221; para la bocacha, bolsa de lona de combate, adaptador para el\u00a0cambio de carcasa,\u00a0tubo para llevar el aceite y la bayoneta de combate <\/span><strong>&#8220;M4&#8221;<\/strong> oficial para este modelo (solo se puede poner con la carcasa fija puesta) con su funda. El arma no tiene fresados exteriores, todas las partes m\u00f3viles y carga y hace clic. Se acompa\u00f1a con dos manuales sobre su funcionamiento. Tiene su correspondiente certificado de intervenci\u00f3n de armas. <strong>Es necesario fotocopia del DNI.<\/strong><\/span><\/p>\n","protected":false},"excerpt":{"rendered":"<p align=\"justify\"><strong><span style=\"font-family: Verdana;font-size: 9pt\">ANTECEDENTES:<\/span><\/strong><span style=\"font-family: Arial;font-size: 9pt\">\u00a0\u00a0<\/span><span style=\"font-family: Verdana;font-size: 9pt\">La <span>Carabina M<\/span><span style=\"font-family: Verdana;font-size: 9pt\">1<\/span><span style=\"font-family: Verdana;font-size: 9pt\"> (oficialmente <span>Carabina de los Estados Unidos, Calibre .30, M1<\/span>) es una ligera carabina semiautom\u00e1tica que fue un arma est\u00e1ndar del Ej\u00e9rcito de los Estados Unidos durante la WW2 y la Guerra de Corea, siendo producida en diferentes versiones. Fue ampliamente utilizada por fuerzas armadas estadounidenses, extranjeras y paramilitares, siendo al mismo tiempo una popular arma civil. La carabina M1 fue dise\u00f1ada principalmente para ofrecer a las tropas de retaguardia y a las de enlace un arma defensiva mejor que una pistola o subfusil, con gran precisi\u00f3n y alcance, pero sin el retroceso, costo o peso de un fusil de infanter\u00eda. Tambi\u00e9n era m\u00e1s sencilla de disparar para los soldados con poca experiencia y personas de baja estatura que los fusiles de infanter\u00eda calibre 7,62 mm de la \u00e9poca. La carabina les era m\u00e1s conveniente de portar a los oficiales, suboficiales o especialistas cargados de armas, binoculares, radios u otros equipos. Los tanquistas, ch\u00f3feres, sirvientes de artiller\u00eda, sirvientes de mortero y dem\u00e1s personal iban equipados con la carabina M1 en lugar del grande y pesado Garand. Al mismo tiempo, se desarroll\u00f3 una versi\u00f3n con culata plegable de la carabina M1 a pedido de las tropas aerotransportadas, que necesitaban un arma ligera y compacta. Las primeras carabinas M1 fueron distribuidas en 1942, teniendo prioridad inicial aquellas destinadas al Frente de Operaciones Europeo. La carabina M1 utilizaba la bocacha lanzagranadas M8, que se disparaba con ayuda del cartucho M6. Tambi\u00e9n aceptaba la bayoneta <strong>\u201cM4\u201d<\/strong>. De la carabina M1A1 se produjeron 150.000 unidades<\/span><\/span><\/p>\n<p align=\"justify\"><strong><span style=\"font-family: Verdana;font-size: 9pt\">DESCRIPCION:<\/span><\/strong><span style=\"font-family: Verdana;font-size: 9pt\"> Impresionante carabina semiautom\u00e1tica calibre 30 (7,62 x 33) <strong>M1 A1<\/strong> (producida entre septiembre de 1941 y agosto de 1945), modelo de paracaidista con culata plegable con su correa porta fusa de \u00e9poca m\u00e1s su carcasa de madera para transformarla en la M1 de infanter\u00eda en excelente estado marcada con el n\u00famero &#8220;34&#8221; en dos sitios, la carabina conserva su pav\u00f3n al 100%. Consta como se ve en las fotos de dos cargadores para\u00a030 cartuchos con clic r\u00e1pido para los dos, m\u00e1s cargador de 15 cartuchos y cargador rapido de cartuchos con se\u00eds balas inertes, cartuchera para dos cargadores de 10 cartuchos fechada con marcajes USA, bote de aceite reglamentario para esta arma, capucha de lona marcada &#8220;USA&#8221; para la bocacha, bolsa de lona de combate, adaptador para el\u00a0cambio de carcasa,\u00a0tubo para llevar el aciete\u00a0y la bayoneta de combate <strong>&#8220;M4&#8221;<\/strong> oficial para este modelo (solo se puede poner con la carcasa fija puesta) con su funda. El arma no tiene fresados exteriores, todas las partes m\u00f3viles y carga y hace clic. Se acompa\u00f1a con dos manuales sobre su funcionamiento. Tiene su correspondiente certificado de intervenci\u00f3n de armas. <strong><span style=\"font-family: Verdana;color: red\">Es necesario fotocopia del DNI.<\/span><\/strong><\/span><\/p>\n","protected":false},"featured_media":7072,"template":"","meta":[],"product_brand":[],"product_cat":[224],"product_tag":[],"class_list":{"0":"post-7071","1":"product","2":"type-product","3":"status-publish","4":"has-post-thumbnail","6":"product_cat-archivo-vendidos","7":"sales-flash-overlay","8":"woocommerce-text-align-center","9":"woocommerce-image-align-center","10":"do-quantity-buttons","12":"first","13":"outofstock","14":"purchasable","15":"product-type-simple"},"_links":{"self":[{"href":"https:\/\/original-militaria.com\/en\/wp-json\/wp\/v2\/product\/7071","targetHints":{"allow":["GET"]}}],"collection":[{"href":"https:\/\/original-militaria.com\/en\/wp-json\/wp\/v2\/product"}],"about":[{"href":"https:\/\/original-militaria.com\/en\/wp-json\/wp\/v2\/types\/product"}],"wp:featuredmedia":[{"embeddable":true,"href":"https:\/\/original-militaria.com\/en\/wp-json\/wp\/v2\/media\/7072"}],"wp:attachment":[{"href":"https:\/\/original-militaria.com\/en\/wp-json\/wp\/v2\/media?parent=7071"}],"wp:term":[{"taxonomy":"product_brand","embeddable":true,"href":"https:\/\/original-militaria.com\/en\/wp-json\/wp\/v2\/product_brand?post=7071"},{"taxonomy":"product_cat","embeddable":true,"href":"https:\/\/original-militaria.com\/en\/wp-json\/wp\/v2\/product_cat?post=7071"},{"taxonomy":"product_tag","embeddable":true,"href":"https:\/\/original-militaria.com\/en\/wp-json\/wp\/v2\/product_tag?post=7071"}],"curies":[{"name":"wp","href":"https:\/\/api.w.org\/{rel}","templated":true}]}}