{"id":7017,"date":"2017-09-05T11:37:29","date_gmt":"2017-09-05T11:37:29","guid":{"rendered":"https:\/\/original-militaria.com\/?post_type=product&#038;p=7017"},"modified":"2022-01-31T19:06:00","modified_gmt":"2022-01-31T18:06:00","slug":"gorra-de-plato-alter-art-de-oficial-del-17-reg-de-infanteria-de-braunschweig","status":"publish","type":"product","link":"https:\/\/original-militaria.com\/en\/producto\/gorra-de-plato-alter-art-de-oficial-del-17-reg-de-infanteria-de-braunschweig\/","title":{"rendered":"WH\/HEER, Infantry &#8220;CRUSHER&#8221; Visor Cap&#8212;WH\/Heer, Gorra de Plato &#8220;Alter art&#8221; de Oficial del 17 Reg. de Infanter\u00eda de  Braunschweig"},"content":{"rendered":"<p align=\"justify\"><span style=\"font-family: verdana, geneva, sans-serif;font-size: 12pt\">Rar\u00edsima gorra de plato\u00a0&#8220;Feldm\u00fctzze alter Art&#8221; (modelo a la antigua usanza)\u00a0de combate en excelente estado de oficial del famoso &#8220;17 Regimiento de Infanter\u00eda de Braunschweig&#8221;,\u00a0herederos de los H\u00fasares, en estado excelente, lleva manufactura &#8220;Marke Standar&#8221; en el forro interior, lleva visera de cuero, cucarda y \u00e1guila tejidos a m\u00e1quina de origen reglamentarias y calavera (que se nota que esta ah\u00ed de siempre, no puesta despu\u00e9s). La badana esta en muy buenas condiciones. Talla aproximada 57\/58.\u00a0<\/span><\/p>\n","protected":false},"excerpt":{"rendered":"<p align=\"justify\"><strong><span style=\"font-family: Verdana;font-size: 9pt\">ANTECEDENTES:<\/span><\/strong><span style=\"font-family: Verdana;font-size: 9pt\"> Las gorras de plato\u00a0eran un art\u00edculo est\u00e1ndar para todos los militares en\u00a0Tercer Reich y las regulaciones dictaron como\u00a0deb\u00edan\u00a0ser usadas. Los oficiales y suboficiales\u00a0eran responsables de comprar sus propias gorras y consecuentemente ten\u00edan un sistema de compra (Kleiderkasse del ej\u00e9rcito). Los oficiales pod\u00edan elegir comprarlas, bien en los\u00a0dep\u00f3sitos o comprarlas de confecci\u00f3n privada, estas\u00a0eran de m\u00e1s alta calidad.\u00a0Las insignias usadas en las gorras de plato\u00a0consistieron\u00a0originalmente en la guirnalda con hojas de roble del modelo\u00a0de Weimar Reichswehr y\u00a0la cucarda y el barboquejo.\u00a0En febrero de 1927 las nuevas l\u00edneas para\u00a0oficial fueron introducidas con barboquejos en hilo de plata para oficiales. El 14 de marzo de 1933 el negro del Reichswehr, el rojo y la cucarda\u00a0oval, fueron sustituidas\u00a0por una cucarda redonda con colores negro,\u00a0blanco, y\u00a0rojo (colores nacionales), y el 17 de febrero de 1934 el \u00e1guila nacional del tercer Reich para el ej\u00e9rcito fue introducida oficialmente para las gorras de plato. En marzo de 1935,\u00a0una guirnalda m\u00e1s detallada, cucarda y una segunda \u00e1guila nacional m\u00e1s grande.\u00a0A las diversas ramas de servicio dentro del ej\u00e9rcito le fueron asignados un sut\u00e1s de color (waffenfarbe) que identificaba a cada cuerpo, en este caso el vivo rojo de artiller\u00eda. <\/span><\/p>\n<p align=\"justify\"><strong><span style=\"font-family: Verdana;font-size: 9pt\">DESCRIPCION:<\/span><\/strong><span style=\"font-family: Verdana;font-size: 9pt\"> Rar\u00edsima gorra de plato\u00a0<span style=\"color: #ff0000\">&#8220;Feldm\u00fctzze alter Art&#8221;<\/span><\/span> <span style=\"font-family: Verdana;font-size: 9pt\">(modelo a la antigua usanza)\u00a0de combate en excelente estado de oficial del famoso <span style=\"color: #ff0000\">&#8220;17 Regimiento de Infanter\u00eda de Braunschweig&#8221;<\/span>,\u00a0herederos de los H\u00fasares, en estado excelente, lleva manufactura <span style=\"color: #ff0000\">&#8220;Marke Standar&#8221;<\/span> en el forro interior,\u00a0lleva visera de cuero, cucarda y \u00e1guila tejidos a m\u00e1quina\u00a0de origen reglamentarias y calavera (que\u00a0se nota que esta ahi de siempre, no puesta despu\u00e9s). La badana esta en muy buenas condiciones. <span style=\"color: #ff0000\">Talla aproximada 57\/58<\/span>.\u00a0<\/span><\/p>\n","protected":false},"featured_media":7018,"template":"","meta":[],"product_brand":[],"product_cat":[224],"product_tag":[],"class_list":{"0":"post-7017","1":"product","2":"type-product","3":"status-publish","4":"has-post-thumbnail","6":"product_cat-archivo-vendidos","7":"sales-flash-overlay","8":"woocommerce-text-align-center","9":"woocommerce-image-align-center","10":"do-quantity-buttons","12":"first","13":"outofstock","14":"purchasable","15":"product-type-simple"},"_links":{"self":[{"href":"https:\/\/original-militaria.com\/en\/wp-json\/wp\/v2\/product\/7017","targetHints":{"allow":["GET"]}}],"collection":[{"href":"https:\/\/original-militaria.com\/en\/wp-json\/wp\/v2\/product"}],"about":[{"href":"https:\/\/original-militaria.com\/en\/wp-json\/wp\/v2\/types\/product"}],"wp:featuredmedia":[{"embeddable":true,"href":"https:\/\/original-militaria.com\/en\/wp-json\/wp\/v2\/media\/7018"}],"wp:attachment":[{"href":"https:\/\/original-militaria.com\/en\/wp-json\/wp\/v2\/media?parent=7017"}],"wp:term":[{"taxonomy":"product_brand","embeddable":true,"href":"https:\/\/original-militaria.com\/en\/wp-json\/wp\/v2\/product_brand?post=7017"},{"taxonomy":"product_cat","embeddable":true,"href":"https:\/\/original-militaria.com\/en\/wp-json\/wp\/v2\/product_cat?post=7017"},{"taxonomy":"product_tag","embeddable":true,"href":"https:\/\/original-militaria.com\/en\/wp-json\/wp\/v2\/product_tag?post=7017"}],"curies":[{"name":"wp","href":"https:\/\/api.w.org\/{rel}","templated":true}]}}