{"id":6977,"date":"2017-09-05T11:37:17","date_gmt":"2017-09-05T11:37:17","guid":{"rendered":"https:\/\/original-militaria.com\/?post_type=product&#038;p=6977"},"modified":"2025-11-01T19:36:27","modified_gmt":"2025-11-01T18:36:27","slug":"pistola-de-salon-flobert","status":"publish","type":"product","link":"https:\/\/original-militaria.com\/en\/producto\/pistola-de-salon-flobert\/","title":{"rendered":"Pistol of Sal\u00f3n &#8220;Flobert&#8221;&#8212; Pistola de Sal\u00f3n &#8220;Flobert&#8221;"},"content":{"rendered":"<p align=\"justify\"><span style=\"font-family: Verdana; font-size: medium;\"><strong>ANTECEDENTES:<\/strong> El sistema de cartucho \u201cFlobert\u201d, fue ideado por Nicol\u00e1s Flobert, este franc\u00e9s mamo el gusto por las armas y aprendi\u00f3 el oficio de su padre, Louis Flobert (1819-1894), armero parisino que patent\u00f3 en 1835 un cartucho de 6 mm con ignici\u00f3n perif\u00e9rica de vaina de cobre que no llevaba p\u00f3lvora y que s\u00f3lo iba cargado con un fulminante, fabricado normalmente a base de mercurio, que disparaba un peque\u00f1o proyectil de plomo. A mediados del siglo XIX, Nicol\u00e1s pone a punto un cartucho met\u00e1lico con encendido perif\u00e9rico, fuego anular o rim fire patentada con el N\u00ba 86.18, fue ideado para tiro de sal\u00f3n, pero luego se lo fue adaptando para otros usos. Fue presentada por primera vez, en la Gran Exposici\u00f3n de Londres de 1851, amen de ser un peque\u00f1o proyectil, tuvo una acorde aceptaci\u00f3n, teniendo en cuenta que en la misma se encontraban grandes armeros, exhibiendo sus piezas. Se inicia realizando una pistola de sal\u00f3n conforme a la descrita por Alejandro Dumas en la novela El Conde de Montecristo. Esto le supone el inicio de su gran \u00e9xito como fabricante de armas de Sal\u00f3n. Obteniendo gran fama y reputaci\u00f3n en Europa y Estados Unidos. Estas armas se caracterizaban por el enorme grosor de sus ca\u00f1ones. Con su peso el arma ganaba la estabilidad necesaria para evitar vibraciones. Tambi\u00e9n se utilizaron para ejercitarse en el tiro de desaf\u00ed\u00ado o duelo. <\/span><\/p>\n<p style=\"text-align: justify;\"><span style=\"font-family: verdana, geneva, sans-serif;\"><strong>DESCRIPCION:<\/strong> Pistola para tiro de sal\u00f3n, sistema <strong>&#8220;Flobert&#8221;<\/strong> de fabricaci\u00f3n Belga (las mejores), circa 1860, de grueso ca\u00f1\u00f3n octogonal con \u00e1nima lisa, presenta punzones del banco de pruebas de Lieja, tiene media ca\u00f1a de nogal con fuertes ornamentaciones y guarniciones de hierro, todas las guarniciones ornamentadas tambi\u00e9n con motivos florales. Longitud 390 mm. Est\u00e1 en excelente estado de conservaci\u00f3n y tiro, conserva su pav\u00f3n original al 100%. Perfecto funcionamiento.<span style=\"font-size: medium;\">\u00a0 <\/span><\/span><\/p>\n<p align=\"justify\"><strong><span style=\"font-family: Verdana;\"><span style=\"font-size: medium;\">Nota.-<\/span><\/span><\/strong><span style=\"font-family: Verdana;\"><span style=\"font-size: medium;\"> Est\u00e1 inscrito en el libro de coleccionista, lo puede solicitar gratuitamente sin tener licencia en su Intervenci\u00f3n de armas de la Guardia Civil. <\/span><\/span><\/p>\n<p style=\"text-align: justify;\"><span style=\"font-family: verdana, geneva, sans-serif;\"><strong>AVISO:<\/strong> Revisa la normativa espa\u00f1ola para la tenencia de armas antes de realizar la compra<\/span><br \/>\n<span style=\"font-family: verdana, geneva, sans-serif;\"> <small><a title=\"Normativa espa\u00f1ola para la tenencia de armas. Guardia Civil.\" href=\"http:\/\/www.guardiacivil.es\/es\/servicios\/armasyexplosivo\/index.html\" target=\"_blank\" rel=\"noopener noreferrer nofollow\"> Guardia Civil (Intervenci\u00f3n de Armas Virtual)<\/a><\/small><\/span><\/p>\n","protected":false},"excerpt":{"rendered":"<p align=\"justify\"><span style=\"font-family: Verdana; font-size: medium;\"><strong>ANTECEDENTES:<\/strong> El sistema de cartucho \u201cFlobert\u201d, fue ideado por Nicol\u00e1s Flobert, este franc\u00e9s mamo el gusto por las armas y aprendi\u00f3 el oficio de su padre, Louis Flobert (1819-1894), armero parisino que patent\u00f3 en 1835 un cartucho de 6 mm con ignici\u00f3n perif\u00e9rica de vaina de cobre que no llevaba p\u00f3lvora y que s\u00f3lo iba cargado con un fulminante, fabricado normalmente a base de mercurio, que disparaba un peque\u00f1o proyectil de plomo. A mediados del siglo XIX, Nicol\u00e1s pone a punto un cartucho met\u00e1lico con encendido perif\u00e9rico, fuego anular o rim fire patentada con el N\u00ba 86.18, fue ideado para tiro de sal\u00f3n, pero luego se lo fue adaptando para otros usos. Fue presentada por primera vez, en la Gran Exposici\u00f3n de Londres de 1851, amen de ser un peque\u00f1o proyectil, tuvo una acorde aceptaci\u00f3n, teniendo en cuenta que en la misma se encontraban grandes armeros, exhibiendo sus piezas. Se inicia realizando una pistola de sal\u00f3n conforme a la descrita por Alejandro Dumas en la novela El Conde de Montecristo. Esto le supone el inicio de su gran \u00e9xito como fabricante de armas de Sal\u00f3n. Obteniendo gran fama y reputaci\u00f3n en Europa y Estados Unidos. Estas armas se caracterizaban por el enorme grosor de sus ca\u00f1ones. Con su peso el arma ganaba la estabilidad necesaria para evitar vibraciones. Tambi\u00e9n se utilizaron para ejercitarse en el tiro de desaf\u00ed\u00ado o duelo. <\/span><\/p>\n<p><strong>DESCRIPCION:<\/strong> Pistola para tiro de sal\u00f3n, sistema <span style=\"color: #ff0000;\">&#8220;Flobert&#8221;<\/span> de fabricaci\u00f3n Belga (las mejores), circa 1860, de grueso ca\u00f1\u00f3n octogonal con \u00e1nima lisa, presenta punzones del banco de pruebas de Lieja, tiene media ca\u00f1a de nogal con fuertes ornamentaciones y guarniciones de hierro, todas las guarniciones ornamentadas tambi\u00e9n con motivos florales. Longitud 390 mm. Est\u00e1 en excelente estado de conservaci\u00f3n y tiro, conserva su pav\u00f3n original al 100%. Perfecto funcionamiento.<span style=\"font-family: Verdana; font-size: medium;\">\u00a0 <\/span><\/p>\n<p align=\"justify\"><strong><span style=\"font-family: Verdana;\"><span style=\"color: #ff0000; font-size: medium;\">Nota.-<\/span><\/span><\/strong><span style=\"font-family: Verdana;\"><span style=\"font-size: medium;\"> Est\u00e1 inscrito en el libro de coleccionista, lo puede solicitar gratuitamente sin tener licencia en su Intervenci\u00f3n de armas de la Guardia Civil. <\/span><\/span><\/p>\n<p><strong><span style=\"font-family: Verdana;\"><span style=\"color: #ff0000;\">Nota 2.-<\/span><\/span><\/strong> Seg\u00fan el <strong><span style=\"font-family: Verdana;\">Art. 107<\/span><\/strong>,\u00a0<strong><span style=\"font-family: Verdana;\">Cap\u00edtulo V<\/span><\/strong>, <strong><span style=\"font-family: Verdana;\">Secci\u00f3n I<\/span><\/strong>, <strong><span style=\"font-family: Verdana;\">p\u00e1rrafo E<\/span><\/strong>, del Reglamento de Armas, tambi\u00e9n se puede comprar <strong><span style=\"font-family: Verdana;\">sin tener libro de coleccionista<\/span><\/strong> ateni\u00e9ndose a la siguiente disposici\u00f3n:<\/p>\n<p>No obstante lo dispuesto en otros preceptos de este Reglamento, se considerar\u00e1 autorizada la posesi\u00f3n en el propio domicilio, sin los requisitos determinados en ellos, de <strong><span style=\"font-family: Verdana;\">un arma de fuego corta o larga<\/span><\/strong> de las no prohibidas a particulares, <strong><span style=\"font-family: Verdana;\">acreditando su especial valor hist\u00f3rico o art\u00edstico<\/span><\/strong>, o de <strong><span style=\"font-family: Verdana;\">dos armas de avancarga<\/span><\/strong>, documentadas con las correspondientes gu\u00edas de pertenencia, <strong><span style=\"font-family: Verdana;\">previa aportaci\u00f3n del informe de aptitud regulado en el art\u00edculo 98<\/span><\/strong>, adoptando las medidas de seguridad necesarias para su custodia y no pudiendo utilizarlas ni enajenarlas, salvo dando cumplimiento a lo dispuesto al respecto en los preceptos espec\u00edficos de este Reglamento. La infracci\u00f3n de lo dispuesto en este apartado tendr\u00e1 la consideraci\u00f3n de grave y llevar\u00e1 aparejada en todo caso la retirada definitiva de las armas de que se trate.<\/p>\n","protected":false},"featured_media":6978,"template":"","meta":[],"product_brand":[],"product_cat":[235],"product_tag":[],"class_list":{"0":"post-6977","1":"product","2":"type-product","3":"status-publish","4":"has-post-thumbnail","6":"product_cat-armas-historicas","7":"sales-flash-overlay","8":"woocommerce-text-align-center","9":"woocommerce-image-align-center","10":"do-quantity-buttons","12":"first","13":"instock","14":"purchasable","15":"product-type-simple"},"_links":{"self":[{"href":"https:\/\/original-militaria.com\/en\/wp-json\/wp\/v2\/product\/6977","targetHints":{"allow":["GET"]}}],"collection":[{"href":"https:\/\/original-militaria.com\/en\/wp-json\/wp\/v2\/product"}],"about":[{"href":"https:\/\/original-militaria.com\/en\/wp-json\/wp\/v2\/types\/product"}],"wp:featuredmedia":[{"embeddable":true,"href":"https:\/\/original-militaria.com\/en\/wp-json\/wp\/v2\/media\/6978"}],"wp:attachment":[{"href":"https:\/\/original-militaria.com\/en\/wp-json\/wp\/v2\/media?parent=6977"}],"wp:term":[{"taxonomy":"product_brand","embeddable":true,"href":"https:\/\/original-militaria.com\/en\/wp-json\/wp\/v2\/product_brand?post=6977"},{"taxonomy":"product_cat","embeddable":true,"href":"https:\/\/original-militaria.com\/en\/wp-json\/wp\/v2\/product_cat?post=6977"},{"taxonomy":"product_tag","embeddable":true,"href":"https:\/\/original-militaria.com\/en\/wp-json\/wp\/v2\/product_tag?post=6977"}],"curies":[{"name":"wp","href":"https:\/\/api.w.org\/{rel}","templated":true}]}}