{"id":6955,"date":"2017-09-05T11:37:09","date_gmt":"2017-09-05T11:37:09","guid":{"rendered":"https:\/\/original-militaria.com\/?post_type=product&#038;p=6955"},"modified":"2025-01-21T13:35:44","modified_gmt":"2025-01-21T12:35:44","slug":"pasaporte-aleman-para-un-ciudadano-judio-marcado-j-de-1938","status":"publish","type":"product","link":"https:\/\/original-militaria.com\/en\/producto\/pasaporte-aleman-para-un-ciudadano-judio-marcado-j-de-1938\/","title":{"rendered":"Pasaporte Alem\u00e1n para un Ciudadano Judio Marcado &#8220;J&#8221; de 1938"},"content":{"rendered":"<p align=\"justify\"><span style=\"font-family: Verdana; font-size: medium;\"><strong>ANTECEDENTES:<\/strong>\u00a0<span style=\"font-family: Verdana; font-size: medium;\">En 1938 el jefe de la polic\u00eda de extranjer\u00eda Suiza Heinrich Rothmund insisti\u00f3 para que las autoridades alemanas introdujeran el notorio timbre con la letra \u00abJ\u00bb, el famoso &#8220;sello jud\u00edo&#8221; en los pasaportes de los ciudadanos alemanes jud\u00edos. El 17 de agosto de este a\u00f1o,\u00a0los jud\u00edos varones tuvieron que a\u00f1adir\u00a0&#8220;Israel&#8221; y las\u00a0mujeres judias \u201cSara&#8221;\u00a0a sus nombres, el 5 de octubre\u00a0fue obligatorio incluir la may\u00fascula &#8220;J&#8221; impresa sobre sus pasaportes.\u00a0\u00a0A partir de esta\u00a0inclusi\u00f3n, los\u00a0nazis\u00a0empezaron a dar un trato administrativo diferente a los incriminados. <\/span><\/span><\/p>\n<p align=\"justify\"><span style=\"font-family: Verdana; font-size: medium;\"><strong>DESCRIPCION:<\/strong> Pasaporte alem\u00e1n marcado con el\u00a0sello Jud\u00edo <span style=\"color: #ff0000;\">&#8220;J&#8221;<\/span> (Judenstempel), completo para un comerciante de ascendencia jud\u00eda, con sus 32 p\u00e1ginas y foto (Reisepass &#8220;J&#8221; f\u00fcr Juden) del segundo modelo a partir de 1936, cuando se sustituye el \u00e1guila de Weimar por una Hoheitszeichen (\u00e1guila y esv\u00e1stica) entre Deutsches Reich y Reisepass, est\u00e1 marcado con una gran letra roja <span style=\"color: #ff0000;\">&#8220;J&#8221;<\/span> para identificaci\u00f3n de los ciudadanos de orig\u00e9n Judio. Se trata de un comerciante con residencia en Hamburgo llamado <span style=\"color: #ff0000;\">&#8220;Max Israel Marc\u00fas&#8221;<\/span>, (Las leyes raciales nazis obligaban a todos los varones jud\u00edos a poner como segundo nombre <span style=\"color: #ff0000;\">&#8220;Israel&#8221;<\/span>). Generalmente los pasaportes alemanes\u00a0tenian una validez de diez a\u00f1os, pero este pasaporte para Judios s\u00f3lo era v\u00e1lido por un a\u00f1o.<\/span><\/p>\n<p align=\"justify\"><span style=\"font-family: Verdana; font-size: medium;\">En el pasaporte de <span style=\"color: #ff0000;\">&#8220;Max Marc\u00fas&#8221;<\/span> este segundo nombre, se a\u00f1adi\u00f3 despu\u00e9s posiblemente por la Polic\u00eda como se aprec\u00eda en una de las fotos. Nacido en Burg Rundstadt el 12 de julio de 1897. Est\u00e1 firmado por el Polizeipr\u00e4sident (Jefe de la Polic\u00eda) de Hamburgo el d\u00eda 29 de diciembre de 1938. Tiene diversos sellos, la firma del Jefe de Polic\u00eda de Hamburgo, visado del Consulado general de Chile en Alemania el 25 de enero de 1939, visado de la salida del pais el 11 de febrero de 1939 sellado en Hamburgo, y entrada en la Rep\u00fablica de Chile el 16 de marzo de 1939.\u00a0<\/span><\/p>\n","protected":false},"excerpt":{"rendered":"<p align=\"justify\"><span style=\"font-family: Verdana; font-size: medium;\"><strong>ANTECEDENTES:<\/strong>\u00a0<span style=\"font-family: Verdana; font-size: medium;\">En 1938 el jefe de la polic\u00eda de extranjer\u00eda Suiza Heinrich Rothmund insisti\u00f3 para que las autoridades alemanas introdujeran el notorio timbre con la letra \u00abJ\u00bb, el famoso &#8220;sello jud\u00edo&#8221; en los pasaportes de los ciudadanos alemanes jud\u00edos. El 17 de agosto de este a\u00f1o,\u00a0los jud\u00edos varones tuvieron que a\u00f1adir\u00a0&#8220;Israel&#8221; y las\u00a0mujeres judias \u201cSara&#8221;\u00a0a sus nombres, el 5 de octubre\u00a0fue obligatorio incluir la may\u00fascula &#8220;J&#8221; impresa sobre sus pasaportes.\u00a0\u00a0A partir de esta\u00a0inclusi\u00f3n, los\u00a0nazis\u00a0empezaron a dar un trato administrativo diferente a los incriminados. <\/span><\/span><\/p>\n<p align=\"justify\"><span style=\"font-family: Verdana; font-size: medium;\"><strong>DESCRIPCION:<\/strong> Pasaporte alem\u00e1n marcado con el\u00a0sello Jud\u00edo <span style=\"color: #ff0000;\">&#8220;J&#8221;<\/span> (Judenstempel), completo para un comerciante de ascendencia jud\u00eda, con sus 32 p\u00e1ginas y foto (Reisepass &#8220;J&#8221; f\u00fcr Juden) del segundo modelo a partir de 1936, cuando se sustituye el \u00e1guila de Weimar por una Hoheitszeichen (\u00e1guila y esv\u00e1stica) entre Deutsches Reich y Reisepass, est\u00e1 marcado con una gran letra roja <span style=\"color: #ff0000;\">&#8220;J&#8221;<\/span> para identificaci\u00f3n de los ciudadanos de orig\u00e9n Judio. Se trata de un comerciante con residencia en Hamburgo llamado <span style=\"color: #ff0000;\">&#8220;Max Israel Marc\u00fas&#8221;<\/span>, (Las leyes raciales nazis obligaban a todos los varones jud\u00edos a poner como segundo nombre <span style=\"color: #ff0000;\">&#8220;Israel&#8221;<\/span>). Generalmente los pasaportes alemanes\u00a0tenian una validez de diez a\u00f1os, pero este pasaporte para Judios s\u00f3lo era v\u00e1lido por un a\u00f1o.<\/span><\/p>\n<p align=\"justify\"><span style=\"font-family: Verdana; font-size: medium;\">En el pasaporte de <span style=\"color: #ff0000;\">&#8220;Max Marc\u00fas&#8221;<\/span> este segundo nombre, se a\u00f1adi\u00f3 despu\u00e9s posiblemente por la Polic\u00eda como se aprec\u00eda en una de las fotos. Nacido en Burg Rundstadt el 12 de julio de 1897. Est\u00e1 firmado por el Polizeipr\u00e4sident (Jefe de la Polic\u00eda) de Hamburgo el d\u00eda 29 de diciembre de 1938. Tiene diversos sellos, la firma del Jefe de Polic\u00eda de Hamburgo, visado del Consulado general de Chile en Alemania el 25 de enero de 1939, visado de la salida del pais el 11 de febrero de 1939 sellado en Hamburgo, y entrada en la Rep\u00fablica de Chile el 16 de marzo de 1939.\u00a0<\/span><\/p>\n","protected":false},"featured_media":6956,"template":"","meta":[],"product_brand":[],"product_cat":[224],"product_tag":[],"class_list":{"0":"post-6955","1":"product","2":"type-product","3":"status-publish","4":"has-post-thumbnail","6":"product_cat-archivo-vendidos","7":"sales-flash-overlay","8":"woocommerce-text-align-center","9":"woocommerce-image-align-center","10":"do-quantity-buttons","12":"first","13":"outofstock","14":"product-type-simple"},"_links":{"self":[{"href":"https:\/\/original-militaria.com\/en\/wp-json\/wp\/v2\/product\/6955","targetHints":{"allow":["GET"]}}],"collection":[{"href":"https:\/\/original-militaria.com\/en\/wp-json\/wp\/v2\/product"}],"about":[{"href":"https:\/\/original-militaria.com\/en\/wp-json\/wp\/v2\/types\/product"}],"wp:featuredmedia":[{"embeddable":true,"href":"https:\/\/original-militaria.com\/en\/wp-json\/wp\/v2\/media\/6956"}],"wp:attachment":[{"href":"https:\/\/original-militaria.com\/en\/wp-json\/wp\/v2\/media?parent=6955"}],"wp:term":[{"taxonomy":"product_brand","embeddable":true,"href":"https:\/\/original-militaria.com\/en\/wp-json\/wp\/v2\/product_brand?post=6955"},{"taxonomy":"product_cat","embeddable":true,"href":"https:\/\/original-militaria.com\/en\/wp-json\/wp\/v2\/product_cat?post=6955"},{"taxonomy":"product_tag","embeddable":true,"href":"https:\/\/original-militaria.com\/en\/wp-json\/wp\/v2\/product_tag?post=6955"}],"curies":[{"name":"wp","href":"https:\/\/api.w.org\/{rel}","templated":true}]}}