{"id":6912,"date":"2017-09-05T11:36:58","date_gmt":"2017-09-05T11:36:58","guid":{"rendered":"https:\/\/original-militaria.com\/?post_type=product&#038;p=6912"},"modified":"2022-01-31T19:05:54","modified_gmt":"2022-01-31T18:05:54","slug":"wehrmacht-heer-manoplas-reversibles-de-camuflaje-de-invierno","status":"publish","type":"product","link":"https:\/\/original-militaria.com\/en\/producto\/wehrmacht-heer-manoplas-reversibles-de-camuflaje-de-invierno\/","title":{"rendered":"WH\/Splinter Pattern Camouflage\/White, Reversible Winter Mittens&#8211; Wehrmacht\/Heer, Manoplas Reversibles de Camuflaje de Invierno &#8220;Splinter&#8221;"},"content":{"rendered":"<p align=\"justify\"><span style=\"font-size: 12pt; font-family: verdana, geneva, sans-serif;\"><strong>ANTECEDENTES:<\/strong> El desarrollo de la ropa y equipo de camuflaje se inicio en el\u00a0ej\u00e9rcito alem\u00e1n en la Primera Guerra Mundial, y continu\u00f3 durante la Rep\u00fablica de\u00a0Weimar. El modelo\u00a0geom\u00e9trico se desarroll\u00f3 en la d\u00e9cada de lo 1930 y se adopt\u00f3 por primera vez para su uso con el poncho M31 a finales de 1931. Evolucion\u00f3 con la modificaci\u00f3n del modelo original al difuminar suavemente\u00a0el modelo geom\u00e9trico\u00a0y alterar ligeramente la coloraci\u00f3n. Tras el devastador invierno de 1941-1942 en el frente ruso el ej\u00e9rcito alem\u00e1n que estaba\u00a0dr\u00e1sticamente equipado\u00a0 de prendas para soportar el intenso fr\u00edo, utilizo una amplia e improvisara variedad de prendas de ropa,\u00a0incluido un amplio surtido de prendas de vestir donadas por civiles que\u00a0se utilizaron como soluci\u00f3n temporal. Para rectificar la situaci\u00f3n, el OKH, Oberkommando des Heeres, (Alto Mando del Ej\u00e9rcito),\u00a0inici\u00f3 en la primavera de 1942 pruebas para elaborar prendas de vestir adecuadas para el frente ruso. En abril de 1942 Hitler aprob\u00f3 el elegido dise\u00f1o y los primeros modelos se usaron en el oto\u00f1o de ese a\u00f1o, en las prendas reversibles se cambio el color a\u00f1adiendo el camuflaje acolchado en pantalones, parcas, capuchas y guantes por separado. Estas prendas tambi\u00e9n se produjeron en modelos no reversibles.\u00a0\u00a0\u00a0<\/span><\/p>\n<p class=\"MsoNormal\" align=\"justify\"><span style=\"font-family: verdana, geneva, sans-serif; font-size: 12pt;\"><strong>DESCRIPCION:\u00a0<\/strong>Manoplas acolchados con camuflaje &#8220;Splinter&#8221; (Tarnungs Handschuhe) a prueba de agua con tonos verdes y marrones de un lado y blancos por el otro, fabricados con mezcla de algod\u00f3n y ray\u00f3n,\u00a0\u00a0reversible de invierno. Cada manopla tiene un acolchado pulgar. Tienen unas tiras al final de los mismos para su ajuste, en el interior de ambos guantes, en la parte blanca tienen el mismo c\u00f3digo de fabricante posterior a 1943, el &#8220;R.B.Nr&#8221;\u00a0\u00a0(Reichsbetriebnummer) , estos fueron introducidos\u00a0a finales de 1942 y fueron destinados a sustituir las manufacturas de los fabricantes en las prendas de vestir y en el equipo para ocultar los nombres de los fabricantes y la ubicaci\u00f3n de los mismos a los\u00a0aliados a fin de impedir los bombardeos a las f\u00e1bricas industriales. Los guantes est\u00e1n en excelente estado, con los colores vivos\u00a0y con los c\u00f3digos bien marcados en ambos. perfecto estado. Completos con su cord\u00f3n de cuello.<\/span><\/p>\n","protected":false},"excerpt":{"rendered":"<p align=\"justify\"><span style=\"font-family: Arial;\"><span style=\"font-size: medium;\"><strong>ANTECEDENTES:<\/strong> El desarrollo de la ropa y equipo de camuflaje se inicio en el\u00a0ej\u00e9rcito alem\u00e1n en <\/span><\/span><span style=\"font-family: Verdana;\"><span style=\"font-family: Arial;\"><span style=\"font-size: medium;\">la Primera Guerra<\/span><\/span><span style=\"font-family: Arial;\"><span style=\"font-size: medium;\"> Mundial, y continu\u00f3 durante <\/span><\/span><span style=\"font-family: Arial;\"><span style=\"font-size: medium;\">la Rep\u00fablica<\/span><\/span><\/span><span style=\"font-family: Arial;\"><span style=\"font-size: medium;\"> de\u00a0Weimar. El modelo\u00a0geom\u00e9trico se desarroll\u00f3 en la d\u00e9cada de lo 1930 y se adopt\u00f3 por primera vez para su uso con el poncho M31 a finales de 1931. Evolucion\u00f3 con la modificaci\u00f3n del modelo original al difuminar suavemente\u00a0el modelo geom\u00e9trico\u00a0y alterar ligeramente la coloraci\u00f3n. Tras el devastador invierno de 1941-1942 en el frente ruso el ej\u00e9rcito alem\u00e1n que estaba\u00a0dr\u00e1sticamente equipado\u00a0 de prendas para soportar el intenso fr\u00edo, utilizo una amplia e improvisara variedad de prendas de ropa,\u00a0incluido un amplio surtido de prendas de vestir donadas por civiles que\u00a0se utilizaron como soluci\u00f3n temporal. Para rectificar la situaci\u00f3n, el OKH, Oberkommando des Heeres, (Alto Mando del Ej\u00e9rcito),\u00a0inici\u00f3 en la primavera de 1942 pruebas para elaborar prendas de vestir adecuadas para el frente ruso. En abril de 1942 Hitler aprob\u00f3 el elegido dise\u00f1o y los primeros modelos se usaron en el oto\u00f1o de ese a\u00f1o, en las prendas reversibles se cambio el color a\u00f1adiendo el camuflaje acolchado en pantalones, parcas, capuchas y guantes por separado. Estas prendas tambi\u00e9n se produjeron en modelos no reversibles.\u00a0\u00a0\u00a0<\/span><\/span><\/p>\n<p class=\"MsoNormal\" align=\"justify\"><span style=\"font-family: Arial;\"><span style=\"font-size: medium;\"><strong>DESCRIPCION:\u00a0<\/strong>Manoplas acolchados modelo de camuflaje (Winterhandschuche) a prueba de agua con tonos verdes y marrones de un lado y blancos por el otro, fabricados con mezcla de\u00a0algod\u00f3n y ray\u00f3n,\u00a0\u00a0reversible de invierno. Cada\u00a0manopla tiene un\u00a0acolchado pulgar. Tienen unas tiras al final de los mismos para su ajuste, en el interior de ambos guantes, en la parte blanca tienen el mismo c\u00f3digo de fabricante posterior a 1943, el\u00a0<span style=\"color: #ff0000;\">&#8220;R.B.Nr&#8221;\u00a0<\/span>\u00a0(Reichsbetriebnummer) , estos fueron introducidos\u00a0a finales de 1942 y fueron destinados a sustituir las manufacturas de los fabricantes en las prendas de vestir y en el equipo para ocultar los nombres de los fabricantes y la ubicaci\u00f3n de los mismos a los\u00a0aliados a fin de impedir los bombardeos a las f\u00e1bricas industriales. Los guantes est\u00e1n en excelente estado, con los colores vivos\u00a0y con los c\u00f3digos bien marcados en ambos. perfecto estado. Completos con su cord\u00f3n de cuello.<\/span><\/span><\/p>\n","protected":false},"featured_media":6913,"template":"","meta":[],"product_brand":[],"product_cat":[172,224],"product_tag":[],"class_list":{"0":"post-6912","1":"product","2":"type-product","3":"status-publish","4":"has-post-thumbnail","6":"product_cat-militaria-alemana-ww2","7":"product_cat-archivo-vendidos","8":"sales-flash-overlay","9":"woocommerce-text-align-center","10":"woocommerce-image-align-center","11":"do-quantity-buttons","13":"first","14":"outofstock","15":"product-type-simple"},"_links":{"self":[{"href":"https:\/\/original-militaria.com\/en\/wp-json\/wp\/v2\/product\/6912","targetHints":{"allow":["GET"]}}],"collection":[{"href":"https:\/\/original-militaria.com\/en\/wp-json\/wp\/v2\/product"}],"about":[{"href":"https:\/\/original-militaria.com\/en\/wp-json\/wp\/v2\/types\/product"}],"wp:featuredmedia":[{"embeddable":true,"href":"https:\/\/original-militaria.com\/en\/wp-json\/wp\/v2\/media\/6913"}],"wp:attachment":[{"href":"https:\/\/original-militaria.com\/en\/wp-json\/wp\/v2\/media?parent=6912"}],"wp:term":[{"taxonomy":"product_brand","embeddable":true,"href":"https:\/\/original-militaria.com\/en\/wp-json\/wp\/v2\/product_brand?post=6912"},{"taxonomy":"product_cat","embeddable":true,"href":"https:\/\/original-militaria.com\/en\/wp-json\/wp\/v2\/product_cat?post=6912"},{"taxonomy":"product_tag","embeddable":true,"href":"https:\/\/original-militaria.com\/en\/wp-json\/wp\/v2\/product_tag?post=6912"}],"curies":[{"name":"wp","href":"https:\/\/api.w.org\/{rel}","templated":true}]}}