{"id":6824,"date":"2017-09-05T11:36:29","date_gmt":"2017-09-05T11:36:29","guid":{"rendered":"https:\/\/original-militaria.com\/?post_type=product&#038;p=6824"},"modified":"2022-01-31T19:05:52","modified_gmt":"2022-01-31T18:05:52","slug":"alfonso-xiii-uniforme-de-t-coronel-de-infanteria","status":"publish","type":"product","link":"https:\/\/original-militaria.com\/en\/producto\/alfonso-xiii-uniforme-de-t-coronel-de-infanteria\/","title":{"rendered":"Spain\/    Alfonso XIII era Infantry Chief Uniform&#8211; Alfonso XIII, Uniforme de T. Coronel de Infanter\u00eda"},"content":{"rendered":"<p style=\"text-align: justify\"><span style=\"font-size: 12pt;font-family: verdana, geneva, sans-serif\"><strong>ANTECEDENTES:<\/strong> Alfonso XIII de Borb\u00f3n (Madrid, 17 de mayo de 1886 &#8211; Roma, 28 de febrero de 1941) fue rey de Espa\u00f1a desde su nacimiento hasta la proclamaci\u00f3n de la II Rep\u00fablica el 14 de abril de 1931. Asumi\u00f3 el poder a los 16 a\u00f1os de edad, en 1902. Durante su reinado, la Espa\u00f1a aturdida por el\u00a0desastre del 98\u00a0experiment\u00f3 un inmenso progreso econ\u00f3mico, social y cultural.<\/span><\/p>\n<p style=\"text-align: justify\"><span style=\"font-size: 12pt;font-family: verdana, geneva, sans-serif\"><strong>DESCRIPCION:<\/strong> Uniforme de Teniente Coronel Alfonsino del 62 Regt. de Infanter\u00eda de l\u00ednea, confeccionado en gruesa lana de invierno, tiene en el frontal siete botones dorados con escudo de Espa\u00f1a con corona real y la leyenda infanter\u00eda, todos en perfecto estado. En el cuello tiene el n\u00famero del Regimiento en lat\u00f3n dorado, . tiene dos bolsillos delanteros con solapa, sin abotonadura, y las hombreras en hilo de oro trenzado con bot\u00f3n igual a los anteriores pero m\u00e1s peque\u00f1os. En la parte trasera tiene fald\u00f3n con seis botones. En los pu\u00f1os de las mangas tiene dos estrellas de ocho puntas bordadas en hilo de plata y oro, identificativos de su rango. En interior forrado en gruesa felpa a cuadros tiene un bolsillo. Algunos agujeros de polilla peque\u00f1os (ver fotos), por lo dem\u00e1s en excelente estado. Talla grande.<\/span><\/p>\n","protected":false},"excerpt":{"rendered":"<p align=\"justify\"><strong><span style=\"font-family: Verdana;color: white;font-size: 10pt\">ANTECEDENTES:<\/span><\/strong><span style=\"font-family: Verdana;color: white;font-size: 10pt\"> Alfonso XIII de Borb\u00f3n (Madrid, 17 de mayo de 1886 &#8211; Roma, 28 de febrero de 1941) fue rey de Espa\u00f1a desde su nacimiento hasta la proclamaci\u00f3n de la II Rep\u00fablica el 14 de abril de 1931. Asumi\u00f3 el poder a los 16 a\u00f1os de edad, en 1902. Durante su reinado, la Espa\u00f1a aturdida por el\u00a0desastre del 98\u00a0experiment\u00f3 un inmenso progreso econ\u00f3mico, social y cultural. <\/span><\/p>\n<p class=\"MsoNormal\" align=\"justify\"><strong><span style=\"font-family: Verdana;color: white;font-size: 10pt\">DESCRIPCION:<\/span><\/strong><span style=\"font-family: Verdana;color: white;font-size: 10pt\"> Uniforme de Teniente Coronel Alfonsino del 62 Regt. de Infanter\u00eda de l\u00ednea, confeccionado en gruesa lana de invierno, tiene en el frontal siete botones dorados con escudo de Espa\u00f1a con corona real y la leyenda infanter\u00eda, todos en perfecto estado. En el cuello tiene el n\u00famero del Regimiento en lat\u00f3n dorado, . tiene dos bolsillos delanteros\u00a0con solapa, sin abotonadura, y las hombreras en hilo de oro trenzado con bot\u00f3n igual a los anteriores pero m\u00e1s peque\u00f1os. En la parte trasera tiene fald\u00f3n con seis botones. En los pu\u00f1os de las mangas tiene dos estrellas de ocho puntas bordadas en\u00a0hilo de plata\u00a0y oro, identificativos de su rango. En interior forrado en gruesa felpa a cuadros tiene un bolsillo. Algunos agujeros de polilla peque\u00f1os (ver fotos), por lo dem\u00e1s en excelente estado. Talla grande.<\/span><\/p>\n","protected":false},"featured_media":6825,"template":"","meta":[],"product_brand":[],"product_cat":[224],"product_tag":[],"class_list":{"0":"post-6824","1":"product","2":"type-product","3":"status-publish","4":"has-post-thumbnail","6":"product_cat-archivo-vendidos","7":"sales-flash-overlay","8":"woocommerce-text-align-center","9":"woocommerce-image-align-center","10":"do-quantity-buttons","12":"first","13":"outofstock","14":"purchasable","15":"product-type-simple"},"_links":{"self":[{"href":"https:\/\/original-militaria.com\/en\/wp-json\/wp\/v2\/product\/6824","targetHints":{"allow":["GET"]}}],"collection":[{"href":"https:\/\/original-militaria.com\/en\/wp-json\/wp\/v2\/product"}],"about":[{"href":"https:\/\/original-militaria.com\/en\/wp-json\/wp\/v2\/types\/product"}],"wp:featuredmedia":[{"embeddable":true,"href":"https:\/\/original-militaria.com\/en\/wp-json\/wp\/v2\/media\/6825"}],"wp:attachment":[{"href":"https:\/\/original-militaria.com\/en\/wp-json\/wp\/v2\/media?parent=6824"}],"wp:term":[{"taxonomy":"product_brand","embeddable":true,"href":"https:\/\/original-militaria.com\/en\/wp-json\/wp\/v2\/product_brand?post=6824"},{"taxonomy":"product_cat","embeddable":true,"href":"https:\/\/original-militaria.com\/en\/wp-json\/wp\/v2\/product_cat?post=6824"},{"taxonomy":"product_tag","embeddable":true,"href":"https:\/\/original-militaria.com\/en\/wp-json\/wp\/v2\/product_tag?post=6824"}],"curies":[{"name":"wp","href":"https:\/\/api.w.org\/{rel}","templated":true}]}}