{"id":6635,"date":"2017-09-05T11:35:34","date_gmt":"2017-09-05T11:35:34","guid":{"rendered":"https:\/\/original-militaria.com\/?post_type=product&#038;p=6635"},"modified":"2022-01-31T19:05:44","modified_gmt":"2022-01-31T18:05:44","slug":"brazalete-de-miembro-de-las-sa-nsdap","status":"publish","type":"product","link":"https:\/\/original-militaria.com\/en\/producto\/brazalete-de-miembro-de-las-sa-nsdap\/","title":{"rendered":"NSDAP\/SA Armband&#8212;Brazalete de Miembro de las SA\/NSDAP"},"content":{"rendered":"<p style=\"text-align: justify\" align=\"justify\"><span style=\"font-family: verdana, geneva, sans-serif;font-size: 12pt\"><strong>ANTECEDENTES:<\/strong> Probablemente una de las m\u00e1s reconocidas piezas de insignias relacionadas con el r\u00e9gimen nazi es el brazalete con la cruz gamada. Utilizado por casi todos los miembros de la organizaci\u00f3n del Tercer Reich en una u otra forma. La cruz gamada, (una palabra s\u00e1nscrita que significa &#8220;bienestar&#8221;), es un antiguo s\u00edmbolo que se utiliz\u00f3 en numerosas y diversas culturas manifestando tanto el ciclo de vida\u00a0como el sol. La esv\u00e1stica tambi\u00e9n fue un s\u00edmbolo pagano germ\u00e1nico, s\u00edmbolo de Thor, Dios de aventureros. Durante la Primera Guerra Mundial la cruz gamada comenz\u00f3 a representar nacionales e antisemitas tendencias en organizaciones como la sociedad Thule alemana y otros movimientos nacionalistas y m\u00e1s tarde, una variedad de grupos Freikorps. En el verano de 1920 Hitler adopt\u00f3 la esv\u00e1stica como el principal s\u00edmbolo del NSDAP. En &#8220;Mein Kampf&#8221;, Hitler indica que si bien numerosos miembros del partido hab\u00edan propuesto la cruz gamada y el rojo, blanco y negro como el emblema del partido,\u00a0de \u00e9l mismo fue de quien que surgi\u00f3 el dise\u00f1o final. <\/span><\/p>\n<p style=\"text-align: justify\"><span style=\"font-size: 12pt;font-family: verdana, geneva, sans-serif\"><strong>DESCRIPCION:<\/strong> (Armelbinde).\u00a0Fabricado en\u00a0dos piezas, en tela roja, tiene un disco blanco cosido a m\u00e1quina\u00a0con una esv\u00e1stica negra implantada y restos de un sello de la SA. El brazalete tiene en su parte inferior una costura vertical, mide\u00a040 cm de largo por 22 cm de ancho. Tiene algunas manchas, normal dada la edad, pero se conserva en excelente estado.<\/span><\/p>\n","protected":false},"excerpt":{"rendered":"<p align=\"justify\"><span style=\"font-family: Verdana\"><strong><span style=\"font-family: Verdana;font-size: 9pt\">ANTECEDENTES:<\/span><\/strong><span style=\"font-family: Verdana;font-size: 9pt\"> Probablemente una de las m\u00e1s reconocidas piezas de insignias relacionadas con el r\u00e9gimen nazi es el brazalete con la cruz gamada. Utilizado por casi todos los miembros de la organizaci\u00f3n del Tercer Reich en una u otra forma. La cruz gamada, (una palabra s\u00e1nscrita que significa &#8220;bienestar&#8221;), es un antiguo s\u00edmbolo que se utiliz\u00f3 en numerosas y diversas culturas manifestando tanto el ciclo de vida\u00a0como el sol. La esv\u00e1stica tambi\u00e9n fue un s\u00edmbolo pagano germ\u00e1nico, s\u00edmbolo de Thor, Dios de aventureros. Durante la Primera Guerra Mundial la cruz gamada comenz\u00f3 a representar nacionales e antisemitas tendencias en organizaciones como la sociedad Thule alemana y otros movimientos nacionalistas y m\u00e1s tarde, una variedad de grupos Freikorps. En el verano de 1920 Hitler adopt\u00f3 la esv\u00e1stica como el principal s\u00edmbolo del NSDAP. En &#8220;Mein Kampf&#8221;, Hitler indica que si bien numerosos miembros del partido hab\u00edan propuesto la cruz gamada y el rojo, blanco y negro como el emblema del partido,\u00a0de \u00e9l mismo fue de quien que surgi\u00f3 el dise\u00f1o final. <\/span><\/span><\/p>\n<p><span style=\"font-family: Verdana\"><strong>DESCRIPCION:<\/strong> <span style=\"font-family: Arial;font-size: small\"><span style=\"font-family: Verdana\">(Armelbinde).<\/span>\u00a0<\/span><\/span>Fabricado en\u00a0dos piezas, en tela roja, tiene un disco blanco cosido a m\u00e1quina\u00a0con una esv\u00e1stica negra implantada y restos de un sello de la SA. El brazalete tiene en su parte inferior una costura vertical, mide\u00a040 cm de largo por 22 cm de ancho. Tiene algunas manchas, normal dada la edad, pero se conserva en excelente estado.<\/p>\n","protected":false},"featured_media":6636,"template":"","meta":[],"product_brand":[],"product_cat":[224],"product_tag":[],"class_list":{"0":"post-6635","1":"product","2":"type-product","3":"status-publish","4":"has-post-thumbnail","6":"product_cat-archivo-vendidos","7":"sales-flash-overlay","8":"woocommerce-text-align-center","9":"woocommerce-image-align-center","10":"do-quantity-buttons","12":"first","13":"outofstock","14":"purchasable","15":"product-type-simple"},"_links":{"self":[{"href":"https:\/\/original-militaria.com\/en\/wp-json\/wp\/v2\/product\/6635","targetHints":{"allow":["GET"]}}],"collection":[{"href":"https:\/\/original-militaria.com\/en\/wp-json\/wp\/v2\/product"}],"about":[{"href":"https:\/\/original-militaria.com\/en\/wp-json\/wp\/v2\/types\/product"}],"wp:featuredmedia":[{"embeddable":true,"href":"https:\/\/original-militaria.com\/en\/wp-json\/wp\/v2\/media\/6636"}],"wp:attachment":[{"href":"https:\/\/original-militaria.com\/en\/wp-json\/wp\/v2\/media?parent=6635"}],"wp:term":[{"taxonomy":"product_brand","embeddable":true,"href":"https:\/\/original-militaria.com\/en\/wp-json\/wp\/v2\/product_brand?post=6635"},{"taxonomy":"product_cat","embeddable":true,"href":"https:\/\/original-militaria.com\/en\/wp-json\/wp\/v2\/product_cat?post=6635"},{"taxonomy":"product_tag","embeddable":true,"href":"https:\/\/original-militaria.com\/en\/wp-json\/wp\/v2\/product_tag?post=6635"}],"curies":[{"name":"wp","href":"https:\/\/api.w.org\/{rel}","templated":true}]}}