{"id":6534,"date":"2017-09-05T11:35:03","date_gmt":"2017-09-05T11:35:03","guid":{"rendered":"https:\/\/original-militaria.com\/?post_type=product&#038;p=6534"},"modified":"2022-01-31T19:05:42","modified_gmt":"2022-01-31T18:05:42","slug":"uniforme-del-capitan-de-47-regimiento-de-zapadores","status":"publish","type":"product","link":"https:\/\/original-militaria.com\/en\/producto\/uniforme-del-capitan-de-47-regimiento-de-zapadores\/","title":{"rendered":"Wehrmacht\/ Pionner Captain M36 Service Tunic&#8211;WH\/ Uniforme del Capit\u00e1n de 47 Regimiento de Zapadores"},"content":{"rendered":"<p dir=\"ltr\" align=\"justify\"><span style=\"font-size: 12pt;font-family: verdana, geneva, sans-serif\"><strong>ANTECEDENTES:<\/strong>\u00a0En la primavera de 1933 el Ej\u00e9rcito alem\u00e1n decidi\u00f3 sustituir la antigua guerreras en uso (rock) por un nuevo modelo al que se denomin\u00f3 oficialmente Feldbluse o guerrera de campa\u00f1a. Los oficiales y suboficiales eran responsables de la compra de sus propios uniformes y, en consecuencia, se le asign\u00f3 una prestaci\u00f3n como ayuda para la compra de ropa a trav\u00e9s del ej\u00e9rcito Kleiderkasse. Algunos optaron por comprar sus uniformes de vestir en el sector privado, ya que as\u00ed eran de mayor calidad. Aunque a todo todos los soldados, suboficiales y oficiales alistaros sus uniformes se los suministro el Gobierno tambi\u00e9n se les permiti\u00f3 comprar los uniformes de confecci\u00f3n privada, aunque el precio pod\u00eda llegar a ser muy alto.\u00a0A las distintas ramas de servicio en los uniformes en el ej\u00e9rcito se le asigno un color para identificar el arma al que pertenec\u00edan (waffenfarbe), el color negro es elegido para todo el personal de\u00a0zapadores.\u00a0<\/span><\/p>\n<p dir=\"ltr\" align=\"justify\"><span style=\"font-size: 12pt;font-family: verdana, geneva, sans-serif\"><strong>DESCRIPCI\u00d3N:<\/strong>\u00a0Uniforme del Capit\u00e1n (Hauptmann) &#8220;Josef Bittner&#8221; del 47 Regimiento de zapadores (Munich), lleva recordatorio de su fallecimiento el d\u00eda 10 de octubre de 1945. Es de confecci\u00f3n privada en tela de gabardina color verde gris\u00e1ceo, tiene seis botones pintados feldgrau de oficial marcados, hombreras de capit\u00e1n con el indicativo del 47 batall\u00f3n cosidas de origen, cuello modificado con sus dos corchetes y con sus parches de cuello (litzen) y el \u00e1guila nacional en hilo de rosca de plata tambi\u00e9n cosida de origen, bocamanga francesa,\u00a0forro interior de seda, tiene apertura para la daga y etiqueta de sastre &#8220;Josef Mayr, Munich.&#8221;. Lleva lazos para pasador de diario, Cruz de Hierro y Distintivo. Tambi\u00e9n lleva Spange de plata de 2\u00aa clase\u00a0con su cinta, no ferroso, del 2\u00ba modelo (versilberter Wiederholungsspange 1939). Uniforme limpio, sin ning\u00fan agujero de polilla ni desperfecto. <\/span><\/p>\n","protected":false},"excerpt":{"rendered":"<p dir=\"ltr\" align=\"justify\"><strong><span style=\"font-size: 9pt;font-family: Verdana\">ANTECEDENTES:<\/span><\/strong><span style=\"font-size: 9pt;font-family: Verdana\">\u00a0En la primavera de 1933 el Ej\u00e9rcito alem\u00e1n decidi\u00f3 sustituir la antigua guerreras en uso (rock) por un nuevo modelo al que se denomin\u00f3 oficialmente Feldbluse o guerrera de campa\u00f1a. Los oficiales y suboficiales eran responsables de la compra de sus propios uniformes y, en consecuencia, se le asign\u00f3 una prestaci\u00f3n como ayuda para la compra de ropa a trav\u00e9s del ej\u00e9rcito Kleiderkasse. Algunos optaron por comprar sus uniformes de vestir en el sector privado, ya que as\u00ed eran de mayor calidad. Aunque a todo todos los soldados, suboficiales y oficiales alistaros sus uniformes se los suministro el Gobierno tambi\u00e9n se les permiti\u00f3 comprar los uniformes de confecci\u00f3n privada, aunque el precio pod\u00eda llegar a ser muy alto.\u00a0A las distintas ramas de servicio en los uniformes en el ej\u00e9rcito se le asigno un color para identificar el arma al que pertenec\u00edan (waffenfarbe), el color negro es elegido para todo el personal de\u00a0zapadores.\u00a0<\/span><\/p>\n<p dir=\"ltr\" align=\"justify\"><strong><span style=\"font-size: 9pt;font-family: Verdana\">DESCRIPCI\u00d3N:<\/span><\/strong><span style=\"font-size: 9pt;font-family: Verdana\">\u00a0Uniforme del Capit\u00e1n (Hauptmann) <span style=\"color: #ff0000\">&#8220;Josef Bittner&#8221;<\/span> del <span style=\"color: #ff0000\">47 Regimiento<\/span> de zapadores (Munich), lleva recordatorio de su fallecimiento el <span style=\"color: #ff0000\">d\u00eda 10 de octubre de 1945<\/span>. Es de confecci\u00f3n privada en tela de gabardina color verde gris\u00e1ceo, tiene seis botones pintados feldgrau de oficial marcados, hombreras de capit\u00e1n con el indicativo del 47 batall\u00f3n cosidas de origen, cuello modificado con sus dos corchetes y con sus parches de cuello (litzen) y el \u00e1guila nacional en hilo de rosca de plata tambi\u00e9n cosida de origen, bocamanga francesa,\u00a0forro interior de seda, tiene apertura para la daga y etiqueta de sastre &#8220;<span style=\"color: #ff0000\">Josef Mayr, Munich.&#8221;<\/span>. Lleva lazos para pasador de diario, Cruz de Hierro y Distintivo. Tambi\u00e9n lleva Spange de plata de 2\u00aa clase\u00a0con su cinta, no ferroso, del 2\u00ba modelo (versilberter Wiederholungsspange 1939). Uniforme limpio, sin ning\u00fan agujero de polilla ni desperfecto. <\/span><\/p>\n","protected":false},"featured_media":6535,"template":"","meta":[],"product_brand":[],"product_cat":[224],"product_tag":[],"class_list":{"0":"post-6534","1":"product","2":"type-product","3":"status-publish","4":"has-post-thumbnail","6":"product_cat-archivo-vendidos","7":"sales-flash-overlay","8":"woocommerce-text-align-center","9":"woocommerce-image-align-center","10":"do-quantity-buttons","12":"first","13":"outofstock","14":"purchasable","15":"product-type-simple"},"_links":{"self":[{"href":"https:\/\/original-militaria.com\/en\/wp-json\/wp\/v2\/product\/6534","targetHints":{"allow":["GET"]}}],"collection":[{"href":"https:\/\/original-militaria.com\/en\/wp-json\/wp\/v2\/product"}],"about":[{"href":"https:\/\/original-militaria.com\/en\/wp-json\/wp\/v2\/types\/product"}],"wp:featuredmedia":[{"embeddable":true,"href":"https:\/\/original-militaria.com\/en\/wp-json\/wp\/v2\/media\/6535"}],"wp:attachment":[{"href":"https:\/\/original-militaria.com\/en\/wp-json\/wp\/v2\/media?parent=6534"}],"wp:term":[{"taxonomy":"product_brand","embeddable":true,"href":"https:\/\/original-militaria.com\/en\/wp-json\/wp\/v2\/product_brand?post=6534"},{"taxonomy":"product_cat","embeddable":true,"href":"https:\/\/original-militaria.com\/en\/wp-json\/wp\/v2\/product_cat?post=6534"},{"taxonomy":"product_tag","embeddable":true,"href":"https:\/\/original-militaria.com\/en\/wp-json\/wp\/v2\/product_tag?post=6534"}],"curies":[{"name":"wp","href":"https:\/\/api.w.org\/{rel}","templated":true}]}}