{"id":6492,"date":"2017-09-05T11:34:54","date_gmt":"2017-09-05T11:34:54","guid":{"rendered":"https:\/\/original-militaria.com\/?post_type=product&#038;p=6492"},"modified":"2022-01-31T19:05:40","modified_gmt":"2022-01-31T18:05:40","slug":"guantes-de-oficial-de-la-lw","status":"publish","type":"product","link":"https:\/\/original-militaria.com\/en\/producto\/guantes-de-oficial-de-la-lw\/","title":{"rendered":"Guantes de Oficial de la LW"},"content":{"rendered":"<p align=\"justify\"><span style=\"font-size: medium\"><span style=\"font-family: Verdana\"><span style=\"font-family: Verdana\"><strong>ANTECEDENTES:<\/strong> El Reichsluftwaffe oficial fue establecido en 26 de febrero de 1935 como la tercera rama del servicio de las Fuerzas Armadas. El 9 de marzo de1935 la formaci\u00f3n del nuevo Reichsluftwaffe se anunci\u00f3 a la prensa extranjera y 16 de marzo se volvi\u00f3 a introducir el reclutamiento para las tres ramas del servicio. El 21 de Mayo de 1935,\u00a0la designaci\u00f3n &#8221;\u00a0Reichsluftwaffe&#8221;\u00a0se modific\u00f3\u00a0por el de Luftwaffe. En sus inicios <\/span><\/span><\/span><span style=\"font-size: 9pt;font-family: Verdana\"><span style=\"font-size: 9pt;font-family: Verdana\"><span style=\"font-size: medium\">la Luftwaffe<\/span><\/span><span style=\"font-size: medium\"><span style=\"font-family: Verdana\"> adoptado la mayor\u00eda de los accesorios de uniformes de la anterior DLV, Luftsport Verband Deutscher, (Liga alemana de deportes del aire).<\/span><\/span><\/span><\/p>\n<p align=\"justify\"><span style=\"font-size: medium\"><span style=\"font-family: Verdana\"><strong>DESCRIPCION:<\/strong> Guantes de piel de talla mediana de oficial de <\/span><\/span><span style=\"font-size: 9pt;font-family: Verdana\"><span style=\"font-size: medium\">la Luftwaffe<\/span><\/span><span style=\"font-size: medium\"><span style=\"font-family: Verdana\"> en muy buen estado, le falta un bot\u00f3n, lleva marcaje en el interior ilegible.<\/span><\/span><\/p>\n","protected":false},"excerpt":{"rendered":"<p align=\"justify\"><span style=\"font-size: medium\"><span style=\"font-family: Verdana\"><span style=\"font-family: Verdana\"><strong>ANTECEDENTES:<\/strong> El Reichsluftwaffe oficial fue establecido en 26 de febrero de 1935 como la tercera rama del servicio de las Fuerzas Armadas. El 9 de marzo de1935 la formaci\u00f3n del nuevo Reichsluftwaffe se anunci\u00f3 a la prensa extranjera y 16 de marzo se volvi\u00f3 a introducir el reclutamiento para las tres ramas del servicio. El 21 de Mayo de 1935,\u00a0la designaci\u00f3n &#8221;\u00a0Reichsluftwaffe&#8221;\u00a0se modific\u00f3\u00a0por el de Luftwaffe. En sus inicios <\/span><\/span><\/span><span style=\"font-size: 9pt;font-family: Verdana\"><span style=\"font-size: 9pt;font-family: Verdana\"><span style=\"font-size: medium\">la Luftwaffe<\/span><\/span><span style=\"font-size: medium\"><span style=\"font-family: Verdana\"> adoptado la mayor\u00eda de los accesorios de uniformes de la anterior DLV, Luftsport Verband Deutscher, (Liga alemana de deportes del aire).<\/span><\/span><\/span><\/p>\n<p align=\"justify\"><span style=\"font-size: medium\"><span style=\"font-family: Verdana\"><strong>DESCRIPCION:<\/strong> Guantes de piel de talla mediana de oficial de <\/span><\/span><span style=\"font-size: 9pt;font-family: Verdana\"><span style=\"font-size: medium\">la Luftwaffe<\/span><\/span><span style=\"font-size: medium\"><span style=\"font-family: Verdana\"> en muy buen estado, le falta un bot\u00f3n, lleva marcaje en el interior ilegible.<\/span><\/span><\/p>\n","protected":false},"featured_media":6493,"template":"","meta":[],"product_brand":[],"product_cat":[172,224],"product_tag":[],"class_list":{"0":"post-6492","1":"product","2":"type-product","3":"status-publish","4":"has-post-thumbnail","6":"product_cat-militaria-alemana-ww2","7":"product_cat-archivo-vendidos","8":"sales-flash-overlay","9":"woocommerce-text-align-center","10":"woocommerce-image-align-center","11":"do-quantity-buttons","13":"first","14":"outofstock","15":"product-type-simple"},"_links":{"self":[{"href":"https:\/\/original-militaria.com\/en\/wp-json\/wp\/v2\/product\/6492","targetHints":{"allow":["GET"]}}],"collection":[{"href":"https:\/\/original-militaria.com\/en\/wp-json\/wp\/v2\/product"}],"about":[{"href":"https:\/\/original-militaria.com\/en\/wp-json\/wp\/v2\/types\/product"}],"wp:featuredmedia":[{"embeddable":true,"href":"https:\/\/original-militaria.com\/en\/wp-json\/wp\/v2\/media\/6493"}],"wp:attachment":[{"href":"https:\/\/original-militaria.com\/en\/wp-json\/wp\/v2\/media?parent=6492"}],"wp:term":[{"taxonomy":"product_brand","embeddable":true,"href":"https:\/\/original-militaria.com\/en\/wp-json\/wp\/v2\/product_brand?post=6492"},{"taxonomy":"product_cat","embeddable":true,"href":"https:\/\/original-militaria.com\/en\/wp-json\/wp\/v2\/product_cat?post=6492"},{"taxonomy":"product_tag","embeddable":true,"href":"https:\/\/original-militaria.com\/en\/wp-json\/wp\/v2\/product_tag?post=6492"}],"curies":[{"name":"wp","href":"https:\/\/api.w.org\/{rel}","templated":true}]}}