{"id":6468,"date":"2017-09-05T11:34:42","date_gmt":"2017-09-05T11:34:42","guid":{"rendered":"https:\/\/original-militaria.com\/?post_type=product&#038;p=6468"},"modified":"2022-01-31T19:05:40","modified_gmt":"2022-01-31T18:05:40","slug":"lw-caja-con-set-de-cordon-y-cinturon-con-hebilla-con-guila-1er-modelo","status":"publish","type":"product","link":"https:\/\/original-militaria.com\/en\/producto\/lw-caja-con-set-de-cordon-y-cinturon-con-hebilla-con-guila-1er-modelo\/","title":{"rendered":"Luftwaffe\/ Cased Luftwaffe Parade Belt &amp; Buckle &amp; Aiguillette  LW\/ Caja con Set de Cord\u00f3n y Cintur\u00f3n con Hebilla con \u00c1guila 1er modelo"},"content":{"rendered":"<p align=\"justify\"><span style=\"font-family: Verdana\"><span style=\"font-size: medium\"><strong>ANTECEDENTES:<\/strong> El Reichsluftwaffe oficial fue establecido en 26 de febrero de 1935 como la tercera rama del servicio de las Fuerzas Armadas. El 9 de marzo de1935 la formaci\u00f3n del nuevo Reichsluftwaffe se anunci\u00f3 a la prensa extranjera y 16 de marzo se volvi\u00f3 a introducir el reclutamiento para las tres ramas del servicio. El 21 de Mayo de 1935, la designaci\u00f3n &#8221; Reichsluftwaffe&#8221; se modific\u00f3 por el de Luftwaffe. En sus inicios la Luftwaffe adoptado la mayor\u00eda de los accesorios de uniformes de la anterior DLV, Luftsport Verband Deutscher, (Liga alemana de deportes del aire), y la DLV Fliegerschaft, los clandestinos civiles precursores de la Luftwaffe, entre ellos el cintur\u00f3n de oficial de brocado de gala. Originalmente el cintur\u00f3n de brocado fue usado estilo DLV hasta que la Luftwaffe introdujo el 20 de mayo de 1935 el cintur\u00f3n con hebilla. El cintur\u00f3n de brocado y el nuevo estilo de cintur\u00f3n con hebilla era para el uso por los oficiales en los desfiles o con uniforme de paseo. El nuevo cintur\u00f3n de Oficial con hebilla se produjo en dos versiones ligeramente diferentes, la primera versi\u00f3n desde 1934-1936\/1937, mientras que la versi\u00f3n posterior present\u00f3 el segundo modelo desde 1936\/37 a1945). Durante el Tercer Reich hubo una forma para el uso de la correa y de la hebilla, esta se coloca en el lado derecho. El reglamento del 12 de febrero de 1940 suspendi\u00f3 el uso del brocado y la hebilla del cintur\u00f3n, pero todav\u00eda se llev\u00f3 en ocasiones formales. En la compra de estos art\u00edculos se entregaban en su correspondiente caja.<\/span><\/span><\/p>\n<p align=\"justify\"><span style=\"font-family: Verdana\"><span style=\"font-size: medium\"><strong>DESCRIPCION:<\/strong> Set (1935-1937) compuesto por su caja de la LW (las del Heer son rojas) con su correspondiente cintur\u00f3n de brocado de oficial de la Luftwaffe (Feldbinde und Feldbindenschloss f\u00fcr Offizier im Karton) de 92 cm de largo con su hebilla de aluminio modelo temprano, \u00e1guila 1er modelo (cola ca\u00edda), no tiene desgaste alguno y est\u00e1 marcado con su \u201cD.R.G.M&#8221;, (Deutsches Reich Gebrauchsmuster- Modelos y dibujos registrados por el Reich alem\u00e1n), y tambi\u00e9n lleva su correspondiente cord\u00f3n de ayudante completo, todo en excelente estado. Una oportunidad de tener una escasa caja de la LW de primera \u00e9poca.<br \/>\n<\/span><\/span><\/p>\n","protected":false},"excerpt":{"rendered":"<p align=\"justify\"><span style=\"font-family: Verdana\"><span style=\"font-size: medium\"><strong>ANTECEDENTES:<\/strong> El Reichsluftwaffe oficial fue establecido en 26 de febrero de 1935 como la tercera rama del servicio de las Fuerzas Armadas. El 9 de marzo de1935 la formaci\u00f3n del nuevo Reichsluftwaffe se anunci\u00f3 a la prensa extranjera y 16 de marzo se volvi\u00f3 a introducir el reclutamiento para las tres ramas del servicio. El 21 de Mayo de 1935, la designaci\u00f3n &#8221; Reichsluftwaffe&#8221; se modific\u00f3 por el de Luftwaffe. En sus inicios la Luftwaffe adoptado la mayor\u00eda de los accesorios de uniformes de la anterior DLV, Luftsport Verband Deutscher, (Liga alemana de deportes del aire), y la DLV Fliegerschaft, los clandestinos civiles precursores de la Luftwaffe, entre ellos el cintur\u00f3n de oficial de brocado de gala. Originalmente el cintur\u00f3n de brocado fue usado estilo DLV hasta que la Luftwaffe introdujo el 20 de mayo de 1935 el cintur\u00f3n con hebilla. El cintur\u00f3n de brocado y el nuevo estilo de cintur\u00f3n con hebilla era para el uso por los oficiales en los desfiles o con uniforme de paseo. El nuevo cintur\u00f3n de Oficial con hebilla se produjo en dos versiones ligeramente diferentes, la primera versi\u00f3n desde 1934-1936\/1937, mientras que la versi\u00f3n posterior present\u00f3 el segundo modelo desde 1936\/37 a1945). Durante el Tercer Reich hubo una forma para el uso de la correa y de la hebilla, esta se coloca en el lado derecho. El reglamento del 12 de febrero de 1940 suspendi\u00f3 el uso del brocado y la hebilla del cintur\u00f3n, pero todav\u00eda se llev\u00f3 en ocasiones formales. En la compra de estos art\u00edculos se entregaban en su correspondiente caja.<\/span><\/span><\/p>\n<p align=\"justify\"><span style=\"font-family: Verdana\"><span style=\"font-size: medium\"><strong>DESCRIPCION:<\/strong> Set (1935-1937) compuesto por su caja de la LW (las del Heer son rojas) con su correspondiente cintur\u00f3n de brocado de oficial de la Luftwaffe (Feldbinde und Feldbindenschloss f\u00fcr Offizier im Karton) de <span style=\"color: #ff0000\">92 cm<\/span> de largo con su hebilla de aluminio modelo temprano, \u00e1guila 1er modelo (cola ca\u00edda), no tiene desgaste alguno y est\u00e1 marcado con su <span style=\"color: #ff0000\">\u201cD.R.G.M&#8221;<\/span>, (Deutsches Reich Gebrauchsmuster- Modelos y dibujos registrados por el Reich alem\u00e1n), y tambi\u00e9n lleva su correspondiente cord\u00f3n de ayudante completo, todo en excelente estado. Una oportunidad de tener una escasa caja de la LW de primera \u00e9poca.<br \/>\n<\/span><\/span><\/p>\n","protected":false},"featured_media":6469,"template":"","meta":[],"product_brand":[],"product_cat":[172,224],"product_tag":[],"class_list":{"0":"post-6468","1":"product","2":"type-product","3":"status-publish","4":"has-post-thumbnail","6":"product_cat-militaria-alemana-ww2","7":"product_cat-archivo-vendidos","8":"sales-flash-overlay","9":"woocommerce-text-align-center","10":"woocommerce-image-align-center","11":"do-quantity-buttons","13":"first","14":"outofstock","15":"product-type-simple"},"_links":{"self":[{"href":"https:\/\/original-militaria.com\/en\/wp-json\/wp\/v2\/product\/6468","targetHints":{"allow":["GET"]}}],"collection":[{"href":"https:\/\/original-militaria.com\/en\/wp-json\/wp\/v2\/product"}],"about":[{"href":"https:\/\/original-militaria.com\/en\/wp-json\/wp\/v2\/types\/product"}],"wp:featuredmedia":[{"embeddable":true,"href":"https:\/\/original-militaria.com\/en\/wp-json\/wp\/v2\/media\/6469"}],"wp:attachment":[{"href":"https:\/\/original-militaria.com\/en\/wp-json\/wp\/v2\/media?parent=6468"}],"wp:term":[{"taxonomy":"product_brand","embeddable":true,"href":"https:\/\/original-militaria.com\/en\/wp-json\/wp\/v2\/product_brand?post=6468"},{"taxonomy":"product_cat","embeddable":true,"href":"https:\/\/original-militaria.com\/en\/wp-json\/wp\/v2\/product_cat?post=6468"},{"taxonomy":"product_tag","embeddable":true,"href":"https:\/\/original-militaria.com\/en\/wp-json\/wp\/v2\/product_tag?post=6468"}],"curies":[{"name":"wp","href":"https:\/\/api.w.org\/{rel}","templated":true}]}}