{"id":6357,"date":"2017-09-05T11:34:12","date_gmt":"2017-09-05T11:34:12","guid":{"rendered":"https:\/\/original-militaria.com\/?post_type=product&#038;p=6357"},"modified":"2023-01-03T22:06:54","modified_gmt":"2023-01-03T21:06:54","slug":"carabina-m1857-de-la-marina-de-guerra-espanola","status":"publish","type":"product","link":"https:\/\/original-militaria.com\/en\/producto\/carabina-m1857-de-la-marina-de-guerra-espanola\/","title":{"rendered":"M1857 Carbine of the Spanish Navy&#8211; Carabina M1857 de la Marina de Guerra Espa\u00f1ola"},"content":{"rendered":"<p style=\"text-align: justify;\" align=\"justify\"><span style=\"font-family: verdana, geneva, sans-serif; font-size: 12pt;\">Poco com\u00fan y rara de encontrar carabina para la Marina. Solo se conoce un ejemplar catalogado en el Museo del Ej\u00e9rcito (Bb. 49-2). Tiene llave de percusi\u00f3n con guarda cebo y ca\u00f1\u00f3n pavonado, ochavado en la rec\u00e1mara con marcajes de la fecha &#8220;1857&#8221; y el n\u00famero de serie, el <strong>&#8220;290&#8221;<\/strong>, \u00e9ste esta provisto de punto para la bayoneta. El arco del guardamonte, el portav\u00eds y las dos abrazaderas son de lat\u00f3n; la segunda de \u00e9stas es de trompetilla y lleva el punto de mira sobre el primer anillo. El resto del aparejo es de hierro, estando pavonada la cantonera. La madera es de nogal charolada, en un a cara de la culata, en la madera tiene marcado <strong>&#8220;MA. Echevarria&#8221;<\/strong>, y al otro lado tiene marcado al igual que en la platina y en la rec\u00e1mara del ca\u00f1\u00f3n tambi\u00e9n la fecha <strong>&#8220;1857&#8221;<\/strong>, n\u00famero de serie <strong>&#8220;290&#8221;<\/strong>, adem\u00e1s en la platina podemos encontrar punz\u00f3n del <strong>&#8220;Y 2\u00aa Artiller\u00eda Eibar&#8221;<\/strong>, una <strong>&#8220;V Coronada&#8221;<\/strong> y manufactura del fabricante, la casa <strong>&#8220;Astra&#8221;<\/strong>, en todas las abrazaderas y en la contra pletina est\u00e1 punzonado con las letras <strong>&#8220;JL&#8221;<\/strong> y una <strong>&#8220;O coronada&#8221;<\/strong>.<\/span><\/p>\n<p style=\"text-align: justify;\" align=\"justify\"><span style=\"font-family: verdana, geneva, sans-serif; font-size: 12pt;\"> Le falta la baqueta. Utilizaba cartuchos de papel con bala esf\u00e9rica de 16,5 mm. Est\u00e1 sin limpiar y sin pulir. Raro ejemplar de arma espa\u00f1ola de la cual solo se conoce una en el museo del ej\u00e9rcito. Perfecto funcionamiento. <\/span><\/p>\n<p style=\"text-align: justify;\"><span style=\"font-family: verdana, geneva, sans-serif; font-size: 12pt;\"><strong>Nota.-<\/strong> Est\u00e1 inscrita en el libro de coleccionista, si no lo tiene, lo puede solicitar gratuitamente sin tener licencia en su Intervenci\u00f3n de armas de la Guardia Civil.<\/span><\/p>\n<p><span style=\"font-family: verdana, geneva, sans-serif;\"><strong>AVISO:<\/strong> Revisa la normativa espa\u00f1ola para la tenencia de armas antes de realizar la compra<\/span><br \/>\n<span style=\"font-family: verdana, geneva, sans-serif;\"> <small><a title=\"Normativa espa\u00f1ola para la tenencia de armas. Guardia Civil.\" href=\"http:\/\/www.guardiacivil.es\/es\/servicios\/armasyexplosivo\/index.html\" target=\"_blank\" rel=\"noopener noreferrer nofollow\"> Guardia Civil (Intervenci\u00f3n de Armas Virtual)<\/a><\/small><\/span><\/p>\n","protected":false},"excerpt":{"rendered":"<p align=\"justify\"><span style=\"font-family: Verdana; font-size: medium;\"><strong>DESCRIPCION:<\/strong> Rar\u00edsima carabina para la Marina. Solo se conoce un ejemplar catalogado en el Museo del Ej\u00e9rcito (Bb. 49-2). Tiene llave de percusi\u00f3n con guardacebo y ca\u00f1\u00f3n pavonado, ochavado en la rec\u00e1mara con marcajes de la fecha <span style=\"color: #ff0000;\">&#8220;1857&#8221;<\/span> y el n\u00famero de serie, el <span style=\"color: #ff0000;\">&#8220;290&#8221;<\/span>, \u00e9ste esta provisto de punto para la bayoneta. El arco del guardamonte, el portav\u00eds y las dos abrazaderas son de lat\u00f3n; la segunda de \u00e9stas es de trompetilla y lleva el punto de mira sobre el primer anillo. El resto del aparejo es de hierro, estando pavonada la cantonera. La madera es de nogal charolada, en un a cara de la culata, en la madera tiene marcado <span style=\"color: #ff0000;\">&#8220;MA. Echevarria&#8221;<\/span>, y al otro lado tiene marcado al igual que en la platina y en la rec\u00e1mara del ca\u00f1\u00f3n tambi\u00e9n la fecha <span style=\"color: #ff0000;\">&#8220;1857&#8221;<\/span>, n\u00famero de serie <span style=\"color: #ff0000;\">&#8220;290&#8221;<\/span>, adem\u00e1s en la platina podemos encontrar punz\u00f3n del <span style=\"color: #ff0000;\">&#8220;Y 2\u00aa Artiller\u00eda Eibar&#8221;<\/span>, una &#8220;V Coronada&#8221; y manufactura del fabricante, la casa <span style=\"color: #ff0000;\">&#8220;Astra&#8221;<\/span>, en todas las abrazaderas y en la contra pletina est\u00e1 punzonado con las letras <span style=\"color: #ff0000;\">&#8220;JL&#8221;<\/span> y una <span style=\"color: #ff0000;\">&#8220;O coronada&#8221;<\/span>. Le falta la baqueta. Utilizaba cartuchos de papel con bala esf\u00e9rica de 16,5 mm. Est\u00e1 sin limpiar y sin pulir. Raro ejemplar de arma espa\u00f1ola de la cual solo se conoce una en el museo del ej\u00e9rcito. Perfecto funcionamiento. <\/span><\/p>\n<p><strong><span style=\"color: #ff0000;\">Nota.-<\/span><\/strong> Est\u00e1 inscrita en el libro de coleccionista, si no lo tiene, lo puede solicitar gratuitamente sin tener licencia en su Intervenci\u00f3n de armas de la Guardia Civil.<\/p>\n<p><strong><span style=\"color: #ff0000;\">Nota 2.-<\/span><\/strong> Seg\u00fan el <strong>Art. 107<\/strong>, del <strong>Cap\u00edtulo V<\/strong>, <strong>Secci\u00f3n I<\/strong>, <strong>parrafo E<\/strong>, del Reglamento de Armas, tambien se puede comprar <strong>sin tener libro de coleccionista<\/strong> ateniendose a la siguiente disposici\u00f3n:<\/p>\n<p>No obstante lo dispuesto en otros preceptos de este Reglamento, se considerar\u00e1 autorizada la posesi\u00f3n en el propio domicilio, sin los requisitos determinados en ellos, de <strong>un arma de fuego corta o larga<\/strong> de las no prohibidas a particulares, <strong>acreditando su especial valor hist\u00f3rico o art\u00edstico<\/strong>, o de <strong>dos armas de avancarga<\/strong>, documentadas con las correspondientes gu\u00edas de pertenencia, <strong>previa aportaci\u00f3n del informe de aptitud regulado en el art\u00edculo 98<\/strong>, adoptando las medidas de seguridad necesarias para su custodia y no pudiendo utilizarlas ni enajenarlas, salvo dando cumplimiento a lo dispuesto al respecto en los preceptos espec\u00edficos de este Reglamento. La infracci\u00f3n de lo dispuesto en este apartado tendr\u00e1 la consideraci\u00f3n de grave y llevar\u00e1 aparejada en todo caso la retirada definitiva de las armas de que se trate.<\/p>\n","protected":false},"featured_media":6358,"template":"","meta":[],"product_brand":[],"product_cat":[224],"product_tag":[],"class_list":{"0":"post-6357","1":"product","2":"type-product","3":"status-publish","4":"has-post-thumbnail","6":"product_cat-archivo-vendidos","7":"sales-flash-overlay","8":"woocommerce-text-align-center","9":"woocommerce-image-align-center","10":"do-quantity-buttons","12":"first","13":"outofstock","14":"product-type-simple"},"_links":{"self":[{"href":"https:\/\/original-militaria.com\/en\/wp-json\/wp\/v2\/product\/6357","targetHints":{"allow":["GET"]}}],"collection":[{"href":"https:\/\/original-militaria.com\/en\/wp-json\/wp\/v2\/product"}],"about":[{"href":"https:\/\/original-militaria.com\/en\/wp-json\/wp\/v2\/types\/product"}],"wp:featuredmedia":[{"embeddable":true,"href":"https:\/\/original-militaria.com\/en\/wp-json\/wp\/v2\/media\/6358"}],"wp:attachment":[{"href":"https:\/\/original-militaria.com\/en\/wp-json\/wp\/v2\/media?parent=6357"}],"wp:term":[{"taxonomy":"product_brand","embeddable":true,"href":"https:\/\/original-militaria.com\/en\/wp-json\/wp\/v2\/product_brand?post=6357"},{"taxonomy":"product_cat","embeddable":true,"href":"https:\/\/original-militaria.com\/en\/wp-json\/wp\/v2\/product_cat?post=6357"},{"taxonomy":"product_tag","embeddable":true,"href":"https:\/\/original-militaria.com\/en\/wp-json\/wp\/v2\/product_tag?post=6357"}],"curies":[{"name":"wp","href":"https:\/\/api.w.org\/{rel}","templated":true}]}}