{"id":6342,"date":"2017-09-05T11:34:07","date_gmt":"2017-09-05T11:34:07","guid":{"rendered":"https:\/\/original-militaria.com\/?post_type=product&#038;p=6342"},"modified":"2022-01-31T19:05:37","modified_gmt":"2022-01-31T18:05:37","slug":"subfusil-beretta-mp-38-a","status":"publish","type":"product","link":"https:\/\/original-militaria.com\/en\/producto\/subfusil-beretta-mp-38-a\/","title":{"rendered":"Beretta MP 38 A Submachine&#8212;Subfusil Beretta MP 38 A"},"content":{"rendered":"<p class=\"MsoNormal\" style=\"text-align: justify\" align=\"justify\"><span style=\"font-family: verdana, geneva, sans-serif;font-size: 12pt\"><strong>ANTECEDENTES:<\/strong> El <span>MAB 38<\/span> (Moschetto Automatico Beretta) y sus variantes fueron los subfusiles est\u00e1ndar del Ej\u00e9rcito Italiano durante la Segunda Guerra Mundial. Entr\u00f3 en servicio en 1938. Los subfusiles de la serie Modelo 38 eran extremadamente robustos y muy populares. Empleaban una potente versi\u00f3n italiana del ampliamente distribuido cartucho 9 x 19 mm Parabellum, el cartucho M38. En lugar de un selector de fuego, empleaban dos gatillos: uno para fuego semiautom\u00e1tico y otro para fuego autom\u00e1tico. Ten\u00edan una culata y un guardamano de madera, med\u00edan 800 mm, pesaban unos 3,3 kg estando cargados y su alcance era de 200 metros.\u00a0Tambi\u00e9n fue muy empleado por las Waffen SS, durante la WW2.<\/span><\/p>\n<p class=\"MsoNormal\" style=\"text-align: justify\" align=\"justify\"><span style=\"font-family: verdana, geneva, sans-serif;font-size: 12pt\"><strong>DESCRIPCION:<\/strong> Subfusil Beretta MP 38 A, dise\u00f1ado en 1935, de fabricaci\u00f3n italiana a partir de 1938, tiene su pav\u00f3n original de \u00e9poca, misma numeraci\u00f3n &#8220;16456&#8221; en todas sus partes, incluida en la culata de madera, todas las partes m\u00f3viles y hace clic. Tiene la camisa de refrigeraci\u00f3n perforada alrededor del ca\u00f1\u00f3n, con sus dos gatillos, caracter\u00edsticos de estas armas. Rara pieza de WW2, muy usada por las Waffen SS, y m\u00e1s en este estado. Con certificado de inutilizaci\u00f3n. Es necesario NIF.<\/span><\/p>\n","protected":false},"excerpt":{"rendered":"<p class=\"MsoNormal\" align=\"justify\"><span style=\"font-family: Verdana\"><span style=\"font-family: Verdana\"><strong>ANTECEDENTES:<\/strong> El <span>MAB 38<\/span> (Moschetto Automatico Beretta) y sus variantes fueron los subfusiles est\u00e1ndar del Ej\u00e9rcito Italiano durante la Segunda Guerra Mundial. Entr\u00f3 en servicio en 1938. <\/span>Los subfusiles de la serie Modelo 38 eran extremadamente robustos y muy populares. Empleaban una potente versi\u00f3n italiana del ampliamente distribuido cartucho 9 x 19 mm Parabellum, el cartucho M38. En lugar de un selector de fuego, empleaban dos gatillos: uno para fuego semiautom\u00e1tico y otro para fuego autom\u00e1tico. Ten\u00edan una culata y un guardamano de madera, med\u00edan 800 mm, pesaban unos 3,3 kg estando cargados y su alcance era de 200 metros.\u00a0Tambi\u00e9n fue muy empleado por las Waffen SS, durante la WW2.<\/span><\/p>\n<p class=\"MsoNormal\" align=\"justify\"><span style=\"font-family: Verdana\"><strong>DESCRIPCION:<\/strong> Subfusil Beretta <span style=\"color: #ff0000\">MP 38 A,<\/span> dise\u00f1ado en 1935, de fabricaci\u00f3n italiana a partir de 1938, tiene su pav\u00f3n original de \u00e9poca, misma n\u00fameraci\u00f3n <span style=\"color: #ff0000\">&#8220;16456&#8221;<\/span> en todas sus partes, incluida en la culata de madera, todas las partes m\u00f3viles y hace click. Tiene la camisa de refrigeraci\u00f3n perforada alrededor del ca\u00f1\u00f3n, con sus dos gatillos, caracteristicos de estas armas. Rara pieza de WW2, muy usada por las Waffen SS, y m\u00e1s en este estado. Con certificado de inutilizaci\u00f3n.\u00a0<span style=\"color: #ff0000\">Es necesario NIF<\/span>.<\/span><\/p>\n","protected":false},"featured_media":6343,"template":"","meta":[],"product_brand":[],"product_cat":[224],"product_tag":[],"class_list":{"0":"post-6342","1":"product","2":"type-product","3":"status-publish","4":"has-post-thumbnail","6":"product_cat-archivo-vendidos","7":"sales-flash-overlay","8":"woocommerce-text-align-center","9":"woocommerce-image-align-center","10":"do-quantity-buttons","12":"first","13":"outofstock","14":"purchasable","15":"product-type-simple"},"_links":{"self":[{"href":"https:\/\/original-militaria.com\/en\/wp-json\/wp\/v2\/product\/6342","targetHints":{"allow":["GET"]}}],"collection":[{"href":"https:\/\/original-militaria.com\/en\/wp-json\/wp\/v2\/product"}],"about":[{"href":"https:\/\/original-militaria.com\/en\/wp-json\/wp\/v2\/types\/product"}],"wp:featuredmedia":[{"embeddable":true,"href":"https:\/\/original-militaria.com\/en\/wp-json\/wp\/v2\/media\/6343"}],"wp:attachment":[{"href":"https:\/\/original-militaria.com\/en\/wp-json\/wp\/v2\/media?parent=6342"}],"wp:term":[{"taxonomy":"product_brand","embeddable":true,"href":"https:\/\/original-militaria.com\/en\/wp-json\/wp\/v2\/product_brand?post=6342"},{"taxonomy":"product_cat","embeddable":true,"href":"https:\/\/original-militaria.com\/en\/wp-json\/wp\/v2\/product_cat?post=6342"},{"taxonomy":"product_tag","embeddable":true,"href":"https:\/\/original-militaria.com\/en\/wp-json\/wp\/v2\/product_tag?post=6342"}],"curies":[{"name":"wp","href":"https:\/\/api.w.org\/{rel}","templated":true}]}}