{"id":6295,"date":"2017-09-05T11:33:55","date_gmt":"2017-09-05T11:33:55","guid":{"rendered":"https:\/\/original-militaria.com\/?post_type=product&#038;p=6295"},"modified":"2022-01-31T19:05:34","modified_gmt":"2022-01-31T18:05:34","slug":"ii-republica-uniforme-de-diario-de-la-guardia-civil-1931-36","status":"publish","type":"product","link":"https:\/\/original-militaria.com\/en\/producto\/ii-republica-uniforme-de-diario-de-la-guardia-civil-1931-36\/","title":{"rendered":"Spain\/ II Rep\u00fablica era, Daily Uniform of the Civil Guard 1931-36&#8211;II Rep\u00fablica, Uniforme de Diario de la Guard\u00eda Civil 1931-36"},"content":{"rendered":"<p align=\"justify\"><span style=\"font-family: verdana, geneva, sans-serif;font-size: 12pt\"><strong>ANTECEDENTES:<\/strong> La Segunda Rep\u00fablica Espa\u00f1ola fue el estado democr\u00e1tico y republicano que existi\u00f3 en Espa\u00f1aen el per\u00edodo que abarca desde el 14 de abril de 1931 fecha de proclamaci\u00f3n de la misma y de la salida de Espa\u00f1a del rey Alfonso XIII, al 1 de abril de 1939, fecha de la victoria definitiva del bando insurgente en la Guerra Civil Espa\u00f1ola que sigui\u00f3 al golpe de estado del 17 de julio de 1936. Durante este periodo se llevaron a cabo diversas reformas, como la agraria, pero que en la mayor\u00eda de los casos no cumplieron con las expectativas. A la par, la falta de progreso acrecent\u00f3 tambi\u00e9n paulatinamente el malestar del proletariado. Tras m\u00faltiples huelgas, levantamientos populares (p.ej. Revoluci\u00f3n de Asturias y cambios de mano en el poder, se produjo un levantamiento por parte de militares descontentos el 17 de julio de 1936 que desemboc\u00f3 en la Guerra Civil Espa\u00f1ola.<\/span><\/p>\n<p style=\"text-align: justify\"><span style=\"font-size: 12pt;font-family: verdana, geneva, sans-serif\"><strong>DESCRIPCION:<\/strong> Uniforme de\u00a0diario para un Capit\u00e1n de la Guardia Civil (1931-1936), consta de levita y pantal\u00f3n, todo en excelente estado, sin agujeros ni roturas, de muy buena confecci\u00f3n, lana de extrema calidad, conserva sus 22 botones, las hombreras en hilo de rosca trenzado, en el cuello emblemas bordados de la Guardia Civil de la \u00e9poca seg\u00fan el modelo aprobado en 1931. En ambas mangas tres estrellas bordadas en hilo de oro indicativo de su rango. Mantiene su ce\u00f1idor como a estrenar, marcado con la manufactura de &#8220;A. DE MONTAUD MADRID&#8221;, el forro de seda negra esta perfecto, tiene bolsillo interior, en el cuello lleva etiqueta del sastre de la Benem\u00e9rita &#8220;Pascual de Madrid&#8221;. Los pantalones perfectos, de pata larga recta, conservan todos sus botones intactos y en muy buen estado, marcados con manufactura tambi\u00e9n de &#8220;Pascual&#8221;, limpios, sin agujeros ni roturas. Un excelente ejemplo de uniforme\u00a0en perfecto estado.<\/span><\/p>\n","protected":false},"excerpt":{"rendered":"<p align=\"justify\"><span style=\"font-family: Verdana\"><span style=\"font-size: medium\"><strong>ANTECEDENTES:<\/strong> La Segunda Rep\u00fablica Espa\u00f1ola fue el estado democr\u00e1tico y republicano que existi\u00f3 en Espa\u00f1aen el per\u00edodo que abarca desde el 14 de abril de 1931 fecha de proclamaci\u00f3n de la misma y de la salida de Espa\u00f1a del rey Alfonso XIII, al 1 de abril de 1939, fecha de la victoria definitiva del bando insurgente en la Guerra Civil Espa\u00f1ola que sigui\u00f3 al golpe de estado del 17 de julio de 1936. Durante este periodo se llevaron a cabo diversas reformas, como la agraria, pero que en la mayor\u00eda de los casos no cumplieron con las expectativas. A la par, la falta de progreso acrecent\u00f3 tambi\u00e9n paulatinamente el malestar del proletariado. Tras m\u00faltiples huelgas, levantamientos populares (p.ej. Revoluci\u00f3n de Asturias y cambios de mano en el poder, se produjo un levantamiento por parte de militares descontentos el 17 de julio de 1936 que desemboc\u00f3 en la Guerra Civil Espa\u00f1ola.<\/span><\/span><\/p>\n<p><strong>DESCRIPCION:<\/strong> Uniforme de\u00a0diario para un Capit\u00e1n de la Guardia Civil (1931-1936), consta de levita y pantal\u00f3n, todo en excelente estado, sin agujeros ni roturas, de muy buena confecci\u00f3n, lana de extrema calidad, conserva sus 22 botones, las hombreras en hilo de rosca trenzado, en el cuello emblemas bordados de la Guardia Civil de la \u00e9poca seg\u00fan el modelo aprobado en 1931. En ambas mangas tres estrellas bordadas en hilo de oro indicativo de su rango. Mantiene su ce\u00f1idor como a estrenar, marcado con la manufactura de <span style=\"color: #ff0000\">&#8220;A. DE MONTAUD MADRID&#8221;<\/span>, el forro de seda negra esta perfecto, tiene bolsillo interior, en el cuello lleva etiqueta del sastre de la Benem\u00e9rita <span style=\"color: #ff0000\">&#8220;Pascual de Madrid&#8221;<\/span>. Los pantalones perfectos, de pata larga recta, conservan todos sus botones intactos y en muy buen estado, marcados con manufactura tambi\u00e9n de <span style=\"color: #ff0000\">&#8220;Pascual&#8221;<\/span>, limpios, sin agujeros ni roturas. Un excelente ejemplo de uniforme\u00a0en perfecto estado.<\/p>\n","protected":false},"featured_media":6296,"template":"","meta":[],"product_brand":[],"product_cat":[224],"product_tag":[],"class_list":{"0":"post-6295","1":"product","2":"type-product","3":"status-publish","4":"has-post-thumbnail","6":"product_cat-archivo-vendidos","7":"sales-flash-overlay","8":"woocommerce-text-align-center","9":"woocommerce-image-align-center","10":"do-quantity-buttons","12":"first","13":"outofstock","14":"purchasable","15":"product-type-simple"},"_links":{"self":[{"href":"https:\/\/original-militaria.com\/en\/wp-json\/wp\/v2\/product\/6295","targetHints":{"allow":["GET"]}}],"collection":[{"href":"https:\/\/original-militaria.com\/en\/wp-json\/wp\/v2\/product"}],"about":[{"href":"https:\/\/original-militaria.com\/en\/wp-json\/wp\/v2\/types\/product"}],"wp:featuredmedia":[{"embeddable":true,"href":"https:\/\/original-militaria.com\/en\/wp-json\/wp\/v2\/media\/6296"}],"wp:attachment":[{"href":"https:\/\/original-militaria.com\/en\/wp-json\/wp\/v2\/media?parent=6295"}],"wp:term":[{"taxonomy":"product_brand","embeddable":true,"href":"https:\/\/original-militaria.com\/en\/wp-json\/wp\/v2\/product_brand?post=6295"},{"taxonomy":"product_cat","embeddable":true,"href":"https:\/\/original-militaria.com\/en\/wp-json\/wp\/v2\/product_cat?post=6295"},{"taxonomy":"product_tag","embeddable":true,"href":"https:\/\/original-militaria.com\/en\/wp-json\/wp\/v2\/product_tag?post=6295"}],"curies":[{"name":"wp","href":"https:\/\/api.w.org\/{rel}","templated":true}]}}