{"id":6283,"date":"2017-09-05T11:33:52","date_gmt":"2017-09-05T11:33:52","guid":{"rendered":"https:\/\/original-militaria.com\/?post_type=product&#038;p=6283"},"modified":"2022-01-31T19:05:34","modified_gmt":"2022-01-31T18:05:34","slug":"estuche-con-revolver-colt-london-pocket-m1849","status":"publish","type":"product","link":"https:\/\/original-militaria.com\/en\/producto\/estuche-con-revolver-colt-london-pocket-m1849\/","title":{"rendered":"Colt London Pocket M1849 Revolver Case&#8212;Estuche con Revolver Colt London Pocket M1849"},"content":{"rendered":"<p style=\"text-align: justify\" align=\"justify\"><span style=\"font-size: 12pt;font-family: verdana, geneva, sans-serif\">Raro estuche completo fabricado en 1854 en excelente estado del &#8220;Revolver Colt Pocket London M1849&#8221; Cal .31 N \u00ba &#8220;2224&#8221;. El revolver tiene igual n\u00famero &#8220;2224&#8221; en todas las piezas, incluso en la culata. Conserva el 85% de su pav\u00f3n azulado original de Colt, parcialmente manchado, tambor grabado con escenas de asalto a diligencia t\u00edpico de la casa Colt, en el ca\u00f1\u00f3n de forma octogonal y anima rayada, tiene punz\u00f3n, &#8220;Address. Col. Colt. London&#8221; y punzones del banco de pruebas de Londres a la izquierda en la parte inferior del bastidor &#8220;Colt Patent&#8221;. El estuche de madera de roble liso esta en perfecto estado, marcada por &#8220;James Dixon &amp; Sons, Sheffield&#8221;, bola de hierro con pinzas &#8220;Colt en materia de patentes&#8221;, destornillador en forma de L, seis cartuchos en su embalaje original, caja de fulminantes en su caja original, la baqueta para la limpieza, una caja con balas de plomo de \u00e9poca, su turquesa. Estuche completo y muy bien conservado con un inusual rev\u00f3lver fabricado en Londres con patente &#8220;Colt&#8221; para la exportaci\u00f3n. Tiene gu\u00eda de pertenencia.<\/span><\/p>\n","protected":false},"excerpt":{"rendered":"<p>&nbsp;<\/p>\n<p align=\"justify\"><strong>ANTECEDENTES:<\/strong> Samuel Colt (19 de julio de 1814-10 de enero de 1862) inventor y empresario\u00a0estadounidense c\u00e9lebre por su participaci\u00f3n en la industria de armas. Desde muy joven Colt mostr\u00f3 gran inter\u00e9s por las armas y explosivos. Fue expulsado a los 16 a\u00f1os del centro en el que estudiaba ciencias al destruir parte del edificio durante un experimento. Su padre, propietario de una f\u00e1brica de tejidos de seda, lo envi\u00f3 en un viaje por mar hasta la india. En Calcuta, Colt vio un primitivo modelo de rev\u00f3lver, con un mecanismo muy inseguro y poco funcional. Al volver a Estados Unidos (EE.UU.) observ\u00f3 en el barco un trinquete empleado para elevar el ancla y bas\u00e1ndose en \u00e9l tall\u00f3 en madera un mecanismo para accionar el tambor del rev\u00f3lver. Financiado por su padre, Colt cre\u00f3 un modelo funcional de revolver que patent\u00f3 en Gran Breta\u00f1a y EE.UU. en 1835 y 1836 respectivamente. Funda en Paterson, EE.UU. la &#8220;Paterson Arms Manufacturing Company&#8221;\u00a0y produce un rev\u00f3lver de cinco disparos del calibre 36 de simple acci\u00f3n. La falta de inversores le impide comprar maquinaria y los rev\u00f3lveres son fabricados a mano por lo que su precio es muy alto y la compa\u00f1\u00eda quiebra en 1842. Los Rangers de Texas se ponen en contacto con Colt, impresionados por su primer rev\u00f3lver, para encargarle 1000 rev\u00f3lveres en 1847. Colt hab\u00eda aprendido de su anterior experiencia y alquila una industria totalmente equipada para abaratar el coste de cada arma y dise\u00f1a un nuevo modelo perfeccionado de seis disparos. Posteriormente Colt funda en Hartford, Connecticut la &#8220;Colt\u00b4s Firearms Company&#8221; y dise\u00f1a una l\u00ednea de montaje en cadena con piezas est\u00e1ndar totalmente intercambiables entre s\u00ed, algo totalmente novedoso en la industria de armamento. La industria de Colt creci\u00f3 enseguida, siendo proveedor de ej\u00e9rcitos y particulares de todo el mundo.\u00a0Sus modelo m\u00e1s famosos fueron\u00a0posiblemente el revolver Colt Pocket 1949 y el Colt 45 de simple acci\u00f3n, utilizado por el ej\u00e9rcito. <span style=\"color: #ff0000\">En 1851<\/span>, Samuel Colt viaj\u00f3 a Inglaterra para la Exposici\u00f3n de Londres celebrada en el Palacio de Cristal. Sus revolveres de percusi\u00f3n fueron recibidos\u00a0con gran inter\u00e9s,\u00a0en 1853 abri\u00f3 una nueva f\u00e1brica\u00a0en Londres.<\/p>\n<p>&nbsp;<\/p>\n<p align=\"justify\"><strong><span style=\"font-size: 9pt;font-family: Verdana\">DESCRIPCION:<\/span><\/strong><span style=\"font-size: 9pt;font-family: Verdana\"> Raro\u00a0estuche completo fabricado en 1854 en excelente estado del <span style=\"color: #ff0000\">&#8220;Revolver Colt Pocket London M1849&#8221; Cal .31 N \u00ba &#8220;2224&#8221;<\/span>. El revolver tiene igual n\u00famero &#8220;2224&#8221; en todas las piezas, incluso en la culata. Conserva el 85% de su pav\u00f3n azulado original de Colt, parcialmente manchado, tambor grabado con escenas de asalto a diligencia t\u00edpico de la casa Colt, en el ca\u00f1\u00f3n de forma octogonal y anima rayada, tiene punzon, &#8220;Address.\u00a0Col. Colt.\u00a0London&#8221; y\u00a0punzones del banco de pruebas de\u00a0Londres a la izquierda en la parte inferior del bastidor &#8220;Colt Patent&#8221;. El estuche de madera de\u00a0roble liso esta en perfecto estado, contiene la polvorera fabricada y marcada por &#8220;James Dixon &amp; Sons, Sheffield&#8221;, bola de hierro con pinzas &#8220;Colt en materia de patentes&#8221;, destornillador en forma de L, seis cartuchos en su embalaje original, caja de fulminantes en su caja original, la baqueta para la limpieza, una caja con balas de plomo de \u00e9poca, su turquesa. Estuche completo y muy bien conservado con\u00a0un inusual rev\u00f3lver fabricado en Londres con patente &#8220;Colt&#8221; para la exportaci\u00f3n.\u00a0<span style=\"color: #ff0000\">Tiene guia de pertenencia.<\/span><\/span><\/p>\n","protected":false},"featured_media":6284,"template":"","meta":[],"product_brand":[],"product_cat":[224],"product_tag":[],"class_list":{"0":"post-6283","1":"product","2":"type-product","3":"status-publish","4":"has-post-thumbnail","6":"product_cat-archivo-vendidos","7":"sales-flash-overlay","8":"woocommerce-text-align-center","9":"woocommerce-image-align-center","10":"do-quantity-buttons","12":"first","13":"outofstock","14":"purchasable","15":"product-type-simple"},"_links":{"self":[{"href":"https:\/\/original-militaria.com\/en\/wp-json\/wp\/v2\/product\/6283","targetHints":{"allow":["GET"]}}],"collection":[{"href":"https:\/\/original-militaria.com\/en\/wp-json\/wp\/v2\/product"}],"about":[{"href":"https:\/\/original-militaria.com\/en\/wp-json\/wp\/v2\/types\/product"}],"wp:featuredmedia":[{"embeddable":true,"href":"https:\/\/original-militaria.com\/en\/wp-json\/wp\/v2\/media\/6284"}],"wp:attachment":[{"href":"https:\/\/original-militaria.com\/en\/wp-json\/wp\/v2\/media?parent=6283"}],"wp:term":[{"taxonomy":"product_brand","embeddable":true,"href":"https:\/\/original-militaria.com\/en\/wp-json\/wp\/v2\/product_brand?post=6283"},{"taxonomy":"product_cat","embeddable":true,"href":"https:\/\/original-militaria.com\/en\/wp-json\/wp\/v2\/product_cat?post=6283"},{"taxonomy":"product_tag","embeddable":true,"href":"https:\/\/original-militaria.com\/en\/wp-json\/wp\/v2\/product_tag?post=6283"}],"curies":[{"name":"wp","href":"https:\/\/api.w.org\/{rel}","templated":true}]}}