{"id":6259,"date":"2017-09-05T11:33:47","date_gmt":"2017-09-05T11:33:47","guid":{"rendered":"https:\/\/original-militaria.com\/?post_type=product&#038;p=6259"},"modified":"2022-06-26T18:58:05","modified_gmt":"2022-06-26T16:58:05","slug":"gorra-de-policia-nacional","status":"publish","type":"product","link":"https:\/\/original-militaria.com\/en\/producto\/gorra-de-policia-nacional\/","title":{"rendered":"Gorra de Polic\u00eda Nacional"},"content":{"rendered":"<p align=\"justify\"><span style=\"font-size: 12pt; font-family: Verdana;\">Gorra de plato de polic\u00eda nacional principios de los 80, tiene en el centro el \u00e1guila nacional, es de color marr\u00f3n sin estrenar con manufactura del fabricante.<\/span><\/p>\n","protected":false},"excerpt":{"rendered":"<p align=\"justify\"><span style=\"font-size: 9pt; font-family: Verdana;\"><strong>DESCRIPCION:<\/strong> Gorra de plato de polic\u00eda nacional principios de los 80, tiene en el centro el \u00e1guila nacional, es de color marr\u00f3n sin estrenar con manufactura del fabricante.<\/span><\/p>\n","protected":false},"featured_media":6260,"template":"","meta":[],"product_brand":[],"product_cat":[173,224],"product_tag":[],"class_list":{"0":"post-6259","1":"product","2":"type-product","3":"status-publish","4":"has-post-thumbnail","6":"product_cat-militaria-espanola","7":"product_cat-archivo-vendidos","8":"sales-flash-overlay","9":"woocommerce-text-align-center","10":"woocommerce-image-align-center","11":"do-quantity-buttons","13":"first","14":"outofstock","15":"product-type-simple"},"_links":{"self":[{"href":"https:\/\/original-militaria.com\/en\/wp-json\/wp\/v2\/product\/6259","targetHints":{"allow":["GET"]}}],"collection":[{"href":"https:\/\/original-militaria.com\/en\/wp-json\/wp\/v2\/product"}],"about":[{"href":"https:\/\/original-militaria.com\/en\/wp-json\/wp\/v2\/types\/product"}],"wp:featuredmedia":[{"embeddable":true,"href":"https:\/\/original-militaria.com\/en\/wp-json\/wp\/v2\/media\/6260"}],"wp:attachment":[{"href":"https:\/\/original-militaria.com\/en\/wp-json\/wp\/v2\/media?parent=6259"}],"wp:term":[{"taxonomy":"product_brand","embeddable":true,"href":"https:\/\/original-militaria.com\/en\/wp-json\/wp\/v2\/product_brand?post=6259"},{"taxonomy":"product_cat","embeddable":true,"href":"https:\/\/original-militaria.com\/en\/wp-json\/wp\/v2\/product_cat?post=6259"},{"taxonomy":"product_tag","embeddable":true,"href":"https:\/\/original-militaria.com\/en\/wp-json\/wp\/v2\/product_tag?post=6259"}],"curies":[{"name":"wp","href":"https:\/\/api.w.org\/{rel}","templated":true}]}}