{"id":6245,"date":"2017-09-05T11:33:45","date_gmt":"2017-09-05T11:33:45","guid":{"rendered":"https:\/\/original-militaria.com\/?post_type=product&#038;p=6245"},"modified":"2018-06-08T10:12:55","modified_gmt":"2018-06-08T10:12:55","slug":"metopa-de-la-jefatura-logistica-de-murcia","status":"publish","type":"product","link":"https:\/\/original-militaria.com\/en\/producto\/metopa-de-la-jefatura-logistica-de-murcia\/","title":{"rendered":"Metopa de la Jefatura Log\u00edstica de Murcia"},"content":{"rendered":"<p align=\"justify\"><span style=\"font-size: medium\"><span style=\"font-family: Arial\"><strong><span style=\"font-family: Verdana\">DESCRIPCION<\/span><\/strong><span style=\"font-family: Verdana\">: Metopa cer\u00e1mica a\u00f1os 80, \u00e9poca Monarqu\u00eda con placa dedicatoria de <\/span><\/span><\/span><span style=\"font-family: Arial\"><span style=\"font-size: 9pt;font-family: Verdana\"><span style=\"font-size: medium\">la Jefatura Log\u00edstica<\/span><span style=\"font-size: medium\"> territorial de Murcia. Mide <\/span><span style=\"font-size: medium\">28 cm<\/span><span style=\"font-size: medium\"> de alto X <\/span><span style=\"font-size: medium\">17 cm<\/span><\/span><span style=\"font-size: medium\"><span style=\"font-family: Verdana\"> de ancho.<\/span><\/span><\/span><\/p>\n","protected":false},"excerpt":{"rendered":"<p align=\"justify\"><span style=\"font-size: medium\"><span style=\"font-family: Arial\"><strong><span style=\"font-family: Verdana\">DESCRIPCION<\/span><\/strong><span style=\"font-family: Verdana\">: Metopa cer\u00e1mica a\u00f1os 80, \u00e9poca Monarqu\u00eda con placa dedicatoria de <\/span><\/span><\/span><span style=\"font-family: Arial\"><span style=\"font-size: 9pt;font-family: Verdana\"><span style=\"font-size: medium\">la Jefatura Log\u00edstica<\/span><span style=\"font-size: medium\"> territorial de Murcia. Mide <\/span><span style=\"font-size: medium\">28 cm<\/span><span style=\"font-size: medium\"> de alto X <\/span><span style=\"font-size: medium\">17 cm<\/span><\/span><span style=\"font-size: medium\"><span style=\"font-family: Verdana\"> de ancho.<\/span><\/span><\/span><\/p>\n","protected":false},"featured_media":6246,"template":"","meta":[],"product_brand":[],"product_cat":[211],"product_tag":[],"class_list":{"0":"post-6245","1":"product","2":"type-product","3":"status-publish","4":"has-post-thumbnail","6":"product_cat-metopas-espanolas-2","7":"sales-flash-overlay","8":"woocommerce-text-align-center","9":"woocommerce-image-align-center","10":"do-quantity-buttons","12":"first","13":"instock","14":"purchasable","15":"product-type-simple"},"_links":{"self":[{"href":"https:\/\/original-militaria.com\/en\/wp-json\/wp\/v2\/product\/6245","targetHints":{"allow":["GET"]}}],"collection":[{"href":"https:\/\/original-militaria.com\/en\/wp-json\/wp\/v2\/product"}],"about":[{"href":"https:\/\/original-militaria.com\/en\/wp-json\/wp\/v2\/types\/product"}],"wp:featuredmedia":[{"embeddable":true,"href":"https:\/\/original-militaria.com\/en\/wp-json\/wp\/v2\/media\/6246"}],"wp:attachment":[{"href":"https:\/\/original-militaria.com\/en\/wp-json\/wp\/v2\/media?parent=6245"}],"wp:term":[{"taxonomy":"product_brand","embeddable":true,"href":"https:\/\/original-militaria.com\/en\/wp-json\/wp\/v2\/product_brand?post=6245"},{"taxonomy":"product_cat","embeddable":true,"href":"https:\/\/original-militaria.com\/en\/wp-json\/wp\/v2\/product_cat?post=6245"},{"taxonomy":"product_tag","embeddable":true,"href":"https:\/\/original-militaria.com\/en\/wp-json\/wp\/v2\/product_tag?post=6245"}],"curies":[{"name":"wp","href":"https:\/\/api.w.org\/{rel}","templated":true}]}}