{"id":6069,"date":"2017-09-05T11:33:01","date_gmt":"2017-09-05T11:33:01","guid":{"rendered":"https:\/\/original-militaria.com\/?post_type=product&#038;p=6069"},"modified":"2022-01-31T19:05:25","modified_gmt":"2022-01-31T18:05:25","slug":"luftschutz-casco-modelo-39-gladiator","status":"publish","type":"product","link":"https:\/\/original-militaria.com\/en\/producto\/luftschutz-casco-modelo-39-gladiator\/","title":{"rendered":"Luftschutz\/ M39 Gladiator Helmet, Mint &#8212;  Luftschutz\/ Casco M39 &#8220;Gladiator&#8221; de &#8220;BEUTTENM\u00dcLLER BRETEN&#8221;&#8212;-"},"content":{"rendered":"<p style=\"text-align: justify\" align=\"justify\"><span style=\"font-size: 12pt;font-family: verdana, geneva, sans-serif\"><strong>ANTECEDENTES:<\/strong>\u00a0El RLB, Reichs\u00a0Luftschutz Bund apareci\u00f3 como como tal el 29 de abril de 1933. El 26 de septiembre de 1938 un casco espec\u00edfico para el RLB naci\u00f3. Ha este tipo de cascos se les llam\u00f3 com\u00fanmente &#8220;Gladiator&#8221;, y lleg\u00f3 en cuatro versiones ligeramente diferentes, de tres piezas modelo M38,\u00a0de dos piezas los modelos M39 y de \u00fanica sola pieza el M44. El\u00a0 casco&#8221;Gladiator&#8221; tambi\u00e9n se complementa con los cascos M35, M40 y la M42,\u00a0tambi\u00e9n se utiliza una gran variedad de cascos capturados. <\/span><\/p>\n<p style=\"text-align: justify\"><span style=\"font-size: 12pt;font-family: verdana, geneva, sans-serif\"><strong>DESECRIPCION:<\/strong> De dos piezas, M39,\u00a0(Stahlhelm M38) estampado, construcci\u00f3n de chapa de acero\u00a0el casco conserva al 100% toda su pintura\u00a0original, suave, sin calcamon\u00eda en el frontal, tiene dos orificios de ventilaci\u00f3n en los laterales. En interior est\u00e1 completo\u00a0con guarnici\u00f3n para este modelo en cuero y barboquejo con hebilla, tiene en la guarnici\u00f3n labrada en la piel la manufactura del fabricante &#8220;BEUTTENM\u00dcLLER BRETEN&#8221;, la talla &#8220;56&#8221;, y estampada en la chapa el c\u00f3digo con el a\u00f1o &#8220;1939&#8221;. En estado 1.<\/span><\/p>\n","protected":false},"excerpt":{"rendered":"<p align=\"justify\"><span style=\"font-size: medium\"><span style=\"font-family: Verdana\"><strong>ANTECEDENTES:<\/strong> Formada a finales de 1932 la Deutscher Luftschutzverband, fue una organizaci\u00f3n de voluntarios dise\u00f1ada para proporcionar la protecci\u00f3n civil ante un ataque a\u00e9reo en los grandes centros civiles. Poco despu\u00e9s de la ascensi\u00f3n de Hitler al poder el Deutscher Luftschutzverband fue reestructurada y puesta bajo la supervisi\u00f3n de RLM, Reichs Luftfahrt Ministerium (Ministerio Nacional de Aviaci\u00f3n), bajo el control de Hermann G\u00f6ring. El 29 de abril de\u00a01933, el Deutscher Luftschutzverband\u00a0 fue rebautizado RLB, Reichs\u00a0Luftschutz Bund, y se le dio estatus de organizaci\u00f3n nacional oficial encargada de todos los aspectos de defensa civil de los bombardeos a\u00e9reos. La RLB siendo una organizaci\u00f3n voluntaria con un peque\u00f1o grupo de pago, a tiempo completo, los funcionarios uniformados para supervisar las funciones de las organizaciones hasta junio de 1935, cuando se introdujo el servicio obligatorio. S\u00f3lo uniformes y\u00a0complementos m\u00e1s b\u00e1sicos de equipo fueron suministrados,\u00a0el resto ten\u00eda que ser comprado personalmente por los miembros. El 26 de septiembre de 1938 un casco espec\u00edfico para el RLB. Estos cascos com\u00fanmente llamados &#8220;Gladiator&#8221;\u00a0lleg\u00f3 en cuatro versiones ligeramente diferentes,\u00a0tres piezas modelo M38,\u00a0de dos piezas, los modelos M39 y de \u00fanica sola pieza el M44. El\u00a0 casco&#8221;Gladiator&#8221; tambi\u00e9n se complementa con los cascos M35, M40 y la M42,\u00a0tambi\u00e9n se utiliza una gran variedad de cascos capturados. <\/span><\/span><\/p>\n<p><strong>DESECRIPCION:<\/strong> De dos piezas, M39,\u00a0(Stahlhelm M38) estampado, construcci\u00f3n de chapa de acero\u00a0el casco conserva al 100% toda su pintura\u00a0original, suave, sin calcamon\u00eda en el frontal, <span style=\"font-family: Verdana\">tiene dos orificios de ventilaci\u00f3n en los laterales. En interior est\u00e1 completo\u00a0con guarnici\u00f3n para este modelo en cuero y barboquejo con hebilla, tiene en la guarnici\u00f3n labrada en la piel la manufactura del fabricante <span style=\"color: #ff0000\">&#8220;BEUTTENM\u00dcLLER BRETEN&#8221;<\/span>, la talla &#8220;<span style=\"color: #ff0000\">56&#8243;<\/span>, y estampada en la chapa el c\u00f3digo con el a\u00f1o <span style=\"color: #ff0000\">&#8220;1939&#8221;<\/span>.\u00a0<\/span><\/p>\n","protected":false},"featured_media":6070,"template":"","meta":[],"product_brand":[],"product_cat":[224],"product_tag":[],"class_list":{"0":"post-6069","1":"product","2":"type-product","3":"status-publish","4":"has-post-thumbnail","6":"product_cat-archivo-vendidos","7":"sales-flash-overlay","8":"woocommerce-text-align-center","9":"woocommerce-image-align-center","10":"do-quantity-buttons","12":"first","13":"outofstock","14":"product-type-simple"},"_links":{"self":[{"href":"https:\/\/original-militaria.com\/en\/wp-json\/wp\/v2\/product\/6069","targetHints":{"allow":["GET"]}}],"collection":[{"href":"https:\/\/original-militaria.com\/en\/wp-json\/wp\/v2\/product"}],"about":[{"href":"https:\/\/original-militaria.com\/en\/wp-json\/wp\/v2\/types\/product"}],"wp:featuredmedia":[{"embeddable":true,"href":"https:\/\/original-militaria.com\/en\/wp-json\/wp\/v2\/media\/6070"}],"wp:attachment":[{"href":"https:\/\/original-militaria.com\/en\/wp-json\/wp\/v2\/media?parent=6069"}],"wp:term":[{"taxonomy":"product_brand","embeddable":true,"href":"https:\/\/original-militaria.com\/en\/wp-json\/wp\/v2\/product_brand?post=6069"},{"taxonomy":"product_cat","embeddable":true,"href":"https:\/\/original-militaria.com\/en\/wp-json\/wp\/v2\/product_cat?post=6069"},{"taxonomy":"product_tag","embeddable":true,"href":"https:\/\/original-militaria.com\/en\/wp-json\/wp\/v2\/product_tag?post=6069"}],"curies":[{"name":"wp","href":"https:\/\/api.w.org\/{rel}","templated":true}]}}