{"id":5993,"date":"2017-09-05T11:32:40","date_gmt":"2017-09-05T11:32:40","guid":{"rendered":"https:\/\/original-militaria.com\/?post_type=product&#038;p=5993"},"modified":"2022-11-17T18:05:41","modified_gmt":"2022-11-17T17:05:41","slug":"siglo-xix-libro-dedicado-sobre-la-vida-de-napoleon-bonaparte","status":"publish","type":"product","link":"https:\/\/original-militaria.com\/en\/producto\/siglo-xix-libro-dedicado-sobre-la-vida-de-napoleon-bonaparte\/","title":{"rendered":"19th century \/ Dedicated Book on the Life of Napoleon Bonaparte&#8212; Siglo XIX\/ Libro Dedicado Sobre la Vida de Napole\u00f3n Bonaparte"},"content":{"rendered":"<p align=\"justify\"><span style=\"font-size: 12pt; font-family: verdana, geneva, sans-serif;\">Excelente libro editado en Francia a finales del siglo &#8220;XIX&#8221; sobre la vida de Napole\u00f3n Bonaparte. Este libro lleva una dedicatoria manuscrita &#8220;Regalado a m\u00ed, por Padre en Madrid-Febrero 27\/1932&#8221;, que aunque no la lleva firma, se refiere a un regalo del &#8220;Exmo. Sr General D. Jos\u00e9 Villalba Riquelme&#8221; a su hijo &#8220;D. Joaqu\u00edn Villalba S\u00e1nchez de Oca\u00f1a&#8221; (Se puede documentar mediante otros libros de la familia firmados que tengo en mi poder). Este extraordinario ejemplar escrito en franc\u00e9s con gran cantidad de gravados en blanco y negro est\u00e1 encuadernado en tapa dura de piel con color verde la letra en oro &#8220;N&#8221; de Napole\u00f3n Coronada labrada en el cuero, y en el reverso tambi\u00e9n, pero no le queda dorado. El libro empieza desde su infancia pasando por diversas etapas de su vida hasta Llegar a su fallecimiento, pasando por su \u00e9poca dorada y con diversos aut\u00f3grafos del mismo. Una joya de la literatura biogr\u00e1fica de la \u00e9poca en su primera edici\u00f3n.<\/span><\/p>\n","protected":false},"excerpt":{"rendered":"<p align=\"justify\"><span style=\"font-size: medium;\"><span style=\"font-family: Verdana;\"><strong>DESCRIPCION:<\/strong> Excelente libro editado en Francia a finales del siglo <span style=\"color: #ff0000;\">&#8220;XIX&#8221;<\/span> sobre la vida de Napole\u00f3n Bonaparte. Este libro lleva una dedicatoria manuscrita <span style=\"color: #ff0000;\">&#8220;Regalado a m\u00ed, por Padre en Madrid-Febrero 27\/1932&#8221;<\/span>, que aunque no la lleva firma, se refiere a un regalo del <span style=\"color: #ff0000;\">&#8220;Exmo. Sr General D. Jos\u00e9 Villalba Riquelme&#8221; <span style=\"color: #ffffff;\">a su hijo <\/span>&#8220;<\/span><span style=\"color: #ff0000;\">D. Joaqu\u00edn Villalba S\u00e1nchez de Oca\u00f1a&#8221;<\/span> (Se puede documentar mediante otros libros de la familia firmados que tengo en mi poder). Este extraordinario ejemplar escrito en frances con gran cantidad de gravados en blanco y negro\u00a0est\u00e1 encuadernado en tapa dura de piel con color verde la<span style=\"color: #ff0000;\"> <span style=\"color: #ffffff;\">letra en oro<\/span> &#8220;N&#8221;<\/span> de Napole\u00f3n Coronada labrada en el cuero, y en el reverso tambi\u00e9n, pero no le queda dorado. El libro empieza desde su infancia pasando por diversas etapas de su vida hasta Llegar a su fallecimiento, pasando por su \u00e9poca dorada y con diversos aut\u00f3grafos del mismo. Una joya de la literatura biogr\u00e1fica de la \u00e9poca en su primera edici\u00f3n .<\/span><\/span><\/p>\n","protected":false},"featured_media":5994,"template":"","meta":[],"product_brand":[],"product_cat":[224],"product_tag":[],"class_list":{"0":"post-5993","1":"product","2":"type-product","3":"status-publish","4":"has-post-thumbnail","6":"product_cat-archivo-vendidos","7":"sales-flash-overlay","8":"woocommerce-text-align-center","9":"woocommerce-image-align-center","10":"do-quantity-buttons","12":"first","13":"outofstock","14":"product-type-simple"},"_links":{"self":[{"href":"https:\/\/original-militaria.com\/en\/wp-json\/wp\/v2\/product\/5993","targetHints":{"allow":["GET"]}}],"collection":[{"href":"https:\/\/original-militaria.com\/en\/wp-json\/wp\/v2\/product"}],"about":[{"href":"https:\/\/original-militaria.com\/en\/wp-json\/wp\/v2\/types\/product"}],"wp:featuredmedia":[{"embeddable":true,"href":"https:\/\/original-militaria.com\/en\/wp-json\/wp\/v2\/media\/5994"}],"wp:attachment":[{"href":"https:\/\/original-militaria.com\/en\/wp-json\/wp\/v2\/media?parent=5993"}],"wp:term":[{"taxonomy":"product_brand","embeddable":true,"href":"https:\/\/original-militaria.com\/en\/wp-json\/wp\/v2\/product_brand?post=5993"},{"taxonomy":"product_cat","embeddable":true,"href":"https:\/\/original-militaria.com\/en\/wp-json\/wp\/v2\/product_cat?post=5993"},{"taxonomy":"product_tag","embeddable":true,"href":"https:\/\/original-militaria.com\/en\/wp-json\/wp\/v2\/product_tag?post=5993"}],"curies":[{"name":"wp","href":"https:\/\/api.w.org\/{rel}","templated":true}]}}