{"id":5797,"date":"2017-09-05T11:31:49","date_gmt":"2017-09-05T11:31:49","guid":{"rendered":"https:\/\/original-militaria.com\/?post_type=product&#038;p=5797"},"modified":"2022-01-31T19:05:17","modified_gmt":"2022-01-31T18:05:17","slug":"casco-m35-stahlhem-de-un-mayor","status":"publish","type":"product","link":"https:\/\/original-militaria.com\/en\/producto\/casco-m35-stahlhem-de-un-mayor\/","title":{"rendered":"Wehrmacht\/ M35 DD Helmet with Name&#8212;WH\/ Casco M35 de un Comandante"},"content":{"rendered":"<p align=\"justify\"><span style=\"font-size: medium\"><strong><span style=\"font-family: Verdana\">ANTECEDENTES:<\/span><\/strong><span style=\"font-family: Verdana\"> En el tercer Reich se desarrollo un casco m\u00e1s peque\u00f1o y m\u00e1s ligero en junio de 1935. En un esfuerzo por ahorrar tiempo en la construcci\u00f3n y costes de trabajo en Marzo de 1940 fueron introducidas modificaciones de menor importancia\u00a0dando por resultado el casco M40. Nuevas modificaciones en la construcci\u00f3n fueron emprendidas en agosto de 1942 dando por resultado el casco M42. El 28 de agosto de 1943 suprimieron la etiqueta del \u00e1guila de Wehrmacht y dictaron que deb\u00eda tambi\u00e9n ser quitada de todos los cascos aunque no fueron adheridos totalmente. <\/span><\/span><\/p>\n<p align=\"justify\"><span style=\"font-size: medium\"><span style=\"font-family: Verdana\"><strong><span style=\"font-family: Verdana\">DESCRIPCION:<\/span><\/strong><span style=\"font-family: Verdana\"> Wehrmacht, Casco M35 de doble calca en color verde gris\u00e1ceo liso del Mayor (Comandante) Glasl de la 10\u00aa divisi\u00f3n de infanter\u00eda, la calca con el \u00e1guila la tiene impecable, como reci\u00e9n puesta (aunque todo el casco est\u00e1 en las mismas condiciones) y la tricolor le falta un peque\u00f1o trozo de la parte inferior, tiene el interior completo con el nombre escrito &#8220;Mayor Glasl&#8221; en el cuero y la talla &#8220;57&#8221;, en la parte interior del casco lleva el nombre<strong> &#8220;Mayor Glasl y 10 Div.&#8221;,<\/strong> el barboquejo color marr\u00f3n tambi\u00e9n est\u00e1 marcado. Es un Q64 y n\u00famero de casco 555. Magnifico ejemplo de casco, una preciosidad.<\/span><\/span><\/span><\/p>\n","protected":false},"excerpt":{"rendered":"<p align=\"justify\"><span style=\"font-size: medium\"><strong><span style=\"font-family: Verdana\">ANTECEDENTES:<\/span><\/strong><span style=\"font-family: Verdana\"> En el tercer Reich se desarrollo un casco m\u00e1s peque\u00f1o y m\u00e1s ligero en junio de 1935. En un esfuerzo por ahorrar tiempo en la construcci\u00f3n y costes de trabajo en Marzo de 1940 fueron introducidas modificaciones de menor importancia\u00a0dando por resultado el casco M40. Nuevas modificaciones en la construcci\u00f3n fueron emprendidas en agosto de 1942 dando por resultado el casco M42. El 28 de agosto de 1943 suprimieron la etiqueta del \u00e1guila de Wehrmacht y dictaron que deb\u00eda tambi\u00e9n ser quitada de todos los cascos aunque no fueron adheridos totalmente. <\/span><\/span><\/p>\n<p align=\"justify\"><span style=\"font-size: medium\"><span style=\"font-family: Verdana\"><strong><span style=\"font-family: Verdana\">DESCRIPCION:<\/span><\/strong><span style=\"font-family: Verdana\"> Wehrmacht, Casco M35 de doble calca en color verde grisaceo liso del Mayor (Comandante) Glasl de la 10\u00aa divisi\u00f3n de infanter\u00eda, la calca con el \u00e1guila la tiene impecable, como reci\u00e9n puesta (aunque todo el casco est\u00e1 en las mismas condiciones) y la tricolor le falta un peque\u00f1o trozo de la parte inferior, tiene el\u00a0interior completo con el nombre escrito &#8220;Mayor Glasl&#8221;\u00a0en el cuero y la talla &#8220;57&#8221;, en la parte interior del casco lleva el nombre <span style=\"color: #ff0000\">&#8220;Mayor Glasl y 10 Div.&#8221;<\/span>, el\u00a0barboquejo color marr\u00f3n tambi\u00e9n est\u00e1 marcado. Es un Q64 y n\u00famero de casco 555. Magnifico ej\u00e9mplo de casco, una preciosidad.<\/span><\/span><\/span><\/p>\n","protected":false},"featured_media":5798,"template":"","meta":[],"product_brand":[],"product_cat":[224],"product_tag":[],"class_list":{"0":"post-5797","1":"product","2":"type-product","3":"status-publish","4":"has-post-thumbnail","6":"product_cat-archivo-vendidos","7":"sales-flash-overlay","8":"woocommerce-text-align-center","9":"woocommerce-image-align-center","10":"do-quantity-buttons","12":"first","13":"outofstock","14":"purchasable","15":"product-type-simple"},"_links":{"self":[{"href":"https:\/\/original-militaria.com\/en\/wp-json\/wp\/v2\/product\/5797","targetHints":{"allow":["GET"]}}],"collection":[{"href":"https:\/\/original-militaria.com\/en\/wp-json\/wp\/v2\/product"}],"about":[{"href":"https:\/\/original-militaria.com\/en\/wp-json\/wp\/v2\/types\/product"}],"wp:featuredmedia":[{"embeddable":true,"href":"https:\/\/original-militaria.com\/en\/wp-json\/wp\/v2\/media\/5798"}],"wp:attachment":[{"href":"https:\/\/original-militaria.com\/en\/wp-json\/wp\/v2\/media?parent=5797"}],"wp:term":[{"taxonomy":"product_brand","embeddable":true,"href":"https:\/\/original-militaria.com\/en\/wp-json\/wp\/v2\/product_brand?post=5797"},{"taxonomy":"product_cat","embeddable":true,"href":"https:\/\/original-militaria.com\/en\/wp-json\/wp\/v2\/product_cat?post=5797"},{"taxonomy":"product_tag","embeddable":true,"href":"https:\/\/original-militaria.com\/en\/wp-json\/wp\/v2\/product_tag?post=5797"}],"curies":[{"name":"wp","href":"https:\/\/api.w.org\/{rel}","templated":true}]}}