{"id":5787,"date":"2017-09-05T11:31:48","date_gmt":"2017-09-05T11:31:48","guid":{"rendered":"https:\/\/original-militaria.com\/?post_type=product&#038;p=5787"},"modified":"2022-01-31T19:05:16","modified_gmt":"2022-01-31T18:05:16","slug":"uniforme-de-feldwebel-de-1-division-panzer","status":"publish","type":"product","link":"https:\/\/original-militaria.com\/en\/producto\/uniforme-de-feldwebel-de-1-division-panzer\/","title":{"rendered":"Wehrmacht\/ 1st Panzer Division Sergeant Uniform Grouping with their Medals and Awards&#8211;WH\/Pz Uniforme (Guerrera), Medallas y Concesiones del Sargento de 1\u00aa Divisi\u00f3n Panzer."},"content":{"rendered":"<p align=\"justify\"><span style=\"font-size: medium\"><span style=\"font-family: Verdana\"><strong>ANTECEDENTES:<\/strong> La 1\u00aa Panzer Divisi\u00f3n Panzer fue una Divisi\u00f3n blindada de la Wehrmacht activa durante la WW2, con destacada participaci\u00f3n en varios frentes de combate, fundada en 1935 y disuelta al finalizar la guerra, el 8 de mayo de 1945. Entre los jefes que la mandaron se encuentran algunos de los mejores especialistas de la <em>Wehrmacht<\/em> en la llamada Blitzkrieg. La <em>1. Panzer-Division<\/em> se cre\u00f3 el 15 de octubre de 1935 en la ciudad de Weimar, sobre la base de la 3\u00aa Divisi\u00f3n de Caballer\u00eda, disponiendo de dos Brigadas, una de infanter\u00eda motorizada con guarnici\u00f3n en Weimar y otra blindada, cuya guarnici\u00f3n se encontraba en Erfurt, adem\u00e1s de un batall\u00f3n de reconocimiento y un regimiento de artiller\u00eda divisionaria. La Brigada blindada estaba formada por dos regimientos blindados. Su primer comandante en jefe fue el General de Caballer\u00eda &#8220;Maximilian Maria Joseph Reichsfreiherr von Weichs zu Glon&#8221;, que posteriormente alcanzar\u00eda el rango de mariscal. Los primeros componentes de la Divisi\u00f3n eran reclutas que proced\u00edan de los estados de Sajonia y Turingia.<\/span> <\/span><\/p>\n<p align=\"justify\"><span style=\"font-size: medium\"><strong><span style=\"font-family: Verdana\">DESCRIPCION:<\/span><\/strong><span style=\"font-family: Verdana\"> Uniforme completo (pantal\u00f3n, guerrera y gorro), chapa de identificaci\u00f3n, y todas sus condecoraciones con sus respectivas concesiones de: Fortificaci\u00f3n 15 de marzo de 1940, \u00a0cruz de hierro de 2\u00aa clase el d\u00eda 6 de diciembre de 1943, herido en negro y plata para el 14 de julio de 1942 y 21 de enero de 1944, <\/span><span style=\"font-family: Verdana\">Credencial Panzer en Plata del 24 de septiembre de 1942, <\/span><span style=\"font-family: Verdana\">certificado del tribunal de 1947 con sus datos y huella dactilar y fotocopia de su identificaci\u00f3n militar (La original la necesitaba el propietario para su pensi\u00f3n) del Sargento (Feldwebel) candidato a oficial \u201cHerbert Fichter\u201d del 1er Regimiento Panzer. Consta de gorrillo de barco (Schiffchen) en lana negra con forro de algod\u00f3n de color verde gris marcado con sello del fabricante y sello con el tama\u00f1o 58. \u00c1guila tejida en bevo de tropas panzer, lleva hoja de roble en el lateral de los miembros de la 1 \u00aa Divisi\u00f3n Panzer. Guerrera de lana negra con forro de algod\u00f3n marr\u00f3n con lo sellos del tama\u00f1o, acompa\u00f1ada de hombreras como candidato a oficial y con los parches de cuello negro con las calaveras met\u00e1licas y el vivo rosa del color del arma. Lleva puestos en el uniforme: distintivo de herido en plata, cord\u00f3n de tirador distinguido de tanques, insignia de asalto de Panzer, Cruz de Hierro de primera clase, pasador de la Medalla de la defensa del muro del Atl\u00e1ntico o Medalla del Muro Occidental, y cinta de EK2 1939. Los pantalones en lana negro con forro de algod\u00f3n blanco y sus sellos, est\u00e1n gastados, y algunos botones sustituidos, tiene alg\u00fan remiendo de \u00e9poca y le falta el cintur\u00f3n ajustador, pero es el uniforme completo de combate de este sargento. Se acompa\u00f1a foto del Feldwebel con este mismo uniforme con sus condecoraciones. Est\u00e1 en excelente estado, talla mediana-grande. <\/span><\/span><\/p>\n","protected":false},"excerpt":{"rendered":"<p align=\"justify\"><span style=\"font-size: medium\"><span style=\"font-family: Verdana\"><strong>ANTECEDENTES:<\/strong> La 1\u00aa Panzer Divisi\u00f3n Panzer fue una Divisi\u00f3n blindada de la Wehrmacht activa durante la WW2, con destacada participaci\u00f3n en varios frentes de combate, fundada en 1935 y disuelta al finalizar la guerra, el 8 de mayo de 1945. Entre los jefes que la mandaron se encuentran algunos de los mejores especialistas de la <em>Wehrmacht<\/em> en la llamada Blitzkrieg. La <em>1. Panzer-Division<\/em> se cre\u00f3 el 15 de octubre de 1935 en la ciudad de Weimar, sobre la base de la 3\u00aa Divisi\u00f3n de Caballer\u00eda, disponiendo de dos Brigadas, una de infanter\u00eda motorizada con guarnici\u00f3n en Weimar y otra blindada, cuya guarnici\u00f3n se encontraba en Erfurt, adem\u00e1s de un batall\u00f3n de reconocimiento y un regimiento de artiller\u00eda divisionaria. La Brigada blindada estaba formada por dos regimientos blindados. Su primer comandante en jefe fue el General de Caballer\u00eda &#8220;Maximilian Maria Joseph Reichsfreiherr von Weichs zu Glon&#8221;, que posteriormente alcanzar\u00eda el rango de mariscal. Los primeros componentes de la Divisi\u00f3n eran reclutas que proced\u00edan de los estados de Sajonia y Turingia.<\/span> <\/span><\/p>\n<p align=\"justify\"><span style=\"font-size: medium\"><strong><span style=\"font-family: Verdana\">DESCRIPCION:<\/span><\/strong><span style=\"font-family: Verdana\"> Uniforme completo (pantal\u00f3n, guerrera y gorrillo de barco y con todas sus condecoraciones con sus respectivas concesiones de: Fortificaci\u00f3n 15 de marzo de 1940, \u00a0cruz de hierro de 2\u00aa clase el d\u00eda 6 de diciembre de 1943, herido en negro y plata para el 14 de julio de 1942 y 21 de enero de 1944, <\/span><span style=\"font-family: Verdana\">Credencial Panzer en Plata del 24 de septiembre de 1942, <\/span><span style=\"font-family: Verdana\">certificado del tribunal de 1947 con sus datos y huella dactilar y fotocopia de su identificaci\u00f3n militar (La original la necesitaba el propietario para su pensi\u00f3n) del Sargento (Feldwebel) candidato a oficial \u201cHerbert Fichter\u201d del 1er Regimiento Panzer. Consta de gorrillo de barco (Schiffchen) en lana negra con forro de algod\u00f3n de color verde gris marcado con sello del fabricante y sello con el tama\u00f1o 58. \u00c1guila tejida en bevo de tropas panzer, lleva hoja de roble en el lateral de los miembros de la 1 \u00aa Divisi\u00f3n Panzer. Guerrera de lana negra con forro de algod\u00f3n marr\u00f3n con lo sellos del tama\u00f1o, acompa\u00f1ada de hombreras como candidato a oficial y con los parches de cuello negro con las calaveras met\u00e1licas y el vivo rosa del color del arma.\u00a0Lleva puestos en el uniforme: distintivo de herido en plata, cord\u00f3n de tirador distinguido de tanques, insignia de asalto de Panzer, Cruz de Hierro de primera clase, pasador\u00a0y cinta de la Cruz de Hierro de segunda clase. Los pantalones en lana negro con forro de algod\u00f3n blanco y sus sellos, est\u00e1n gastados, y algunos botones sustituidos, tiene alg\u00fan remiendo de \u00e9poca y le falta el cintur\u00f3n ajustador, pero es el uniforme completo de combate de este sargento. Se acompa\u00f1a foto del Feldwebel con este mismo uniforme con sus condecoraciones.\u00a0Lleva ademas\u00a0chapa de identificaci\u00f3n y Ek1 modelo de rosca L\/21 en su estuche (Precio aparte). Est\u00e1 en excelente estado, es de talla mediana-grande. <\/span><\/span><\/p>\n<p>&nbsp;<\/p>\n<p align=\"justify\"><span style=\"font-family: Verdana\"><strong><span style=\"color: #ff0000\">Nota:<\/span><\/strong>\u00a0\u00a0<span style=\"color: #ff0000\"><span style=\"font-family: Verdana\">Este uniforme proviene de una colecci\u00f3n privada de la cual se ir\u00e1n poniendo piezas a la venta que a su vez provienen todas de distintas subastas de una sala de\u00a0Alemania. A los compradores se les adjuntara la documentaci\u00f3n acreditativa de dicha subasta con foto de las piezas.<\/span><\/span><\/span><\/p>\n<p>&nbsp;<\/p>\n<p align=\"justify\"><span style=\"font-size: medium\"><span style=\"font-family: Verdana\"><span style=\"font-family: Verdana\"><span style=\"font-family: Verdana;color: black\"><span style=\"color: #ff0000\">En breve se pondr\u00e1n m\u00e1s fotograf\u00edas adicionales, si alguien quiere le ser\u00e1n enviadas cuantas fotos detalladas quiera y las fotos de la documentaci\u00f3n (concesiones etc).<\/span><\/span><\/span><\/span><\/span><\/p>\n<p>&nbsp;<\/p>\n<p><span style=\"font-size: medium\">\u00a0<\/span><\/p>\n","protected":false},"featured_media":5788,"template":"","meta":[],"product_brand":[],"product_cat":[224],"product_tag":[],"class_list":{"0":"post-5787","1":"product","2":"type-product","3":"status-publish","4":"has-post-thumbnail","6":"product_cat-archivo-vendidos","7":"sales-flash-overlay","8":"woocommerce-text-align-center","9":"woocommerce-image-align-center","10":"do-quantity-buttons","12":"first","13":"outofstock","14":"purchasable","15":"product-type-simple"},"_links":{"self":[{"href":"https:\/\/original-militaria.com\/en\/wp-json\/wp\/v2\/product\/5787","targetHints":{"allow":["GET"]}}],"collection":[{"href":"https:\/\/original-militaria.com\/en\/wp-json\/wp\/v2\/product"}],"about":[{"href":"https:\/\/original-militaria.com\/en\/wp-json\/wp\/v2\/types\/product"}],"wp:featuredmedia":[{"embeddable":true,"href":"https:\/\/original-militaria.com\/en\/wp-json\/wp\/v2\/media\/5788"}],"wp:attachment":[{"href":"https:\/\/original-militaria.com\/en\/wp-json\/wp\/v2\/media?parent=5787"}],"wp:term":[{"taxonomy":"product_brand","embeddable":true,"href":"https:\/\/original-militaria.com\/en\/wp-json\/wp\/v2\/product_brand?post=5787"},{"taxonomy":"product_cat","embeddable":true,"href":"https:\/\/original-militaria.com\/en\/wp-json\/wp\/v2\/product_cat?post=5787"},{"taxonomy":"product_tag","embeddable":true,"href":"https:\/\/original-militaria.com\/en\/wp-json\/wp\/v2\/product_tag?post=5787"}],"curies":[{"name":"wp","href":"https:\/\/api.w.org\/{rel}","templated":true}]}}