{"id":5658,"date":"2017-09-05T11:31:09","date_gmt":"2017-09-05T11:31:09","guid":{"rendered":"https:\/\/original-militaria.com\/?post_type=product&#038;p=5658"},"modified":"2024-10-16T17:22:11","modified_gmt":"2024-10-16T15:22:11","slug":"alemania-pistola-de-tiro-de-sala-segunda-mitad-siglo-xix","status":"publish","type":"product","link":"https:\/\/original-militaria.com\/en\/producto\/alemania-pistola-de-tiro-de-sala-segunda-mitad-siglo-xix\/","title":{"rendered":"Germany, Indoor Shooting Pistol, Second Half of the 19th Century &#8212; Alemania, Pistola de Tiro de Sala, Segunda Mitad Siglo XIX"},"content":{"rendered":"<p align=\"justify\"><span style=\"font-family: Verdana;\"><span style=\"font-size: medium;\">Rara pistola alemana de tiro de sala de la segunda mitad del siglo XIX. De largo ca\u00f1\u00f3n ochavado en su primera cuarta, y despu\u00e9s cil\u00edndrico con anima lisa con punto de mira y alza. En el lado izquierdo del ca\u00f1\u00f3n esta marcada <strong>&#8220;0,2 gr N.G.P. IV\/71 &#8211; 4 gr R.I.&#8221;<\/strong>, debajo del ca\u00f1\u00f3n tiene punz\u00f3n <strong>Imperial y &#8220;129,43&#8221;<\/strong>, en el lateral izquierdo de la platina tiene la palanca de apertura para carga . La empu\u00f1adura cuadrillada de baquelita se sujeta por medio de un tornillo central, curiosamente tiene una muesca. Perfecto funcionamiento y estado. Longitud 37 cm. <\/span><\/span><\/p>\n<p align=\"justify\"><span style=\"font-family: Verdana;\"><span style=\"font-size: medium;\"><strong>Nota.-<\/strong> Est\u00e1 inscrita en el libro de coleccionista, si no lo tiene, lo puede solicitar gratuitamente sin tener licencia en su Intervenci\u00f3n de armas de la Guardia Civil. <\/span><\/span><\/p>\n<p align=\"justify\"><span style=\"font-family: verdana, geneva, sans-serif; font-size: 12pt;\"><strong>AVISO:<\/strong> Revisa la normativa espa\u00f1ola para la tenencia de armas antes de realizar la compra<\/span><br \/>\n<span style=\"font-family: verdana, geneva, sans-serif;\"> <small><a title=\"Normativa espa\u00f1ola para la tenencia de armas. Guardia Civil.\" href=\"http:\/\/www.guardiacivil.es\/es\/servicios\/armasyexplosivo\/index.html\" target=\"_blank\" rel=\"noopener noreferrer nofollow\"> Guardia Civil (Intervenci\u00f3n de Armas Virtual)<\/a><\/small><\/span><\/p>\n<p>&nbsp;<\/p>\n","protected":false},"excerpt":{"rendered":"<p align=\"justify\"><span style=\"font-family: Verdana;\"><span style=\"font-size: medium;\"><strong>DESCRIPCION:<\/strong> Rara pistola alemana de tiro de sala de la segunda mitad del siglo XIX. De largo ca\u00f1\u00f3n ochavado en su primera cuarta, y despu\u00e9s cil\u00edndrico con anima lisa con punto de mira y alza. En el lado izquierdo del ca\u00f1\u00f3n esta marcada <span style=\"color: #ff0000;\">&#8220;0,2 gr N.G.P. IV\/71 &#8211; 4 gr R.I.&#8221;<\/span>, debajo del ca\u00f1\u00f3n tiene punz\u00f3n <span style=\"color: #ff0000;\">Imperial<\/span> y <span style=\"color: #ff0000;\">&#8220;129,43&#8221;<\/span>, en el lateral izquierdo de la platina tiene la palanca de apertura para carga . La empu\u00f1adura cuadrillada de baquelita se sujeta por medio de un tornillo central, curiosamente tiene una muesca. Perfecto funcionamiento y estado. Longitud <span style=\"color: #ff0000;\">37 cm<\/span>. <\/span><\/span><\/p>\n<p align=\"justify\"><span style=\"font-family: Verdana;\"><span style=\"font-size: medium;\"><span style=\"color: #ff0000;\">Est\u00e1 inscrita en el libro de coleccionista, si no lo tiene, lo puede solicitar gratuitamente sin tener licencia en su Intervenci\u00f3n de armas de la Guardia Civil.<\/span> <\/span><\/span><\/p>\n<p align=\"justify\"><span style=\"font-family: Verdana;\"><span style=\"font-size: large;\"><span style=\"font-size: medium;\"><strong>Nota.-<\/strong> Seg\u00fan el <strong>Art. 107<\/strong>, del <strong>Cap\u00edtulo V<\/strong>,\u00a0<strong>Secci\u00f3n I<\/strong>,\u00a0<strong>parrafo E<\/strong>, del Reglamento de Armas, tambien se puede comprar <strong>sin tener libro de coleccionista<\/strong> ateniendose a la siguiente disposici\u00f3n:\u00a0\u00a0<\/span><\/span><\/span><\/p>\n<p align=\"justify\"><span style=\"font-family: Verdana;\"><span style=\"font-size: large;\"><span style=\"font-size: medium;\">No obstante lo dispuesto en otros preceptos de este Reglamento, se considerar\u00e1 autorizada la posesi\u00f3n en el propio domicilio, sin los requisitos determinados en ellos, <strong>de un arma de fuego corta o larga<\/strong> de las no prohibidas a particulares, acreditando su especial valor hist\u00f3rico o art\u00edstico, o de <strong>dos armas de avancarga<\/strong>, documentadas con las correspondientes gu\u00edas de pertenencia, <strong>previa aportaci\u00f3n del informe de aptitud regulado en el art\u00edculo 98<\/strong>, adoptando las medidas de seguridad necesarias para su custodia y no pudiendo utilizarlas ni enajenarlas, salvo dando cumplimiento a lo dispuesto al respecto en los preceptos espec\u00edficos de este Reglamento. La infracci\u00f3n de lo dispuesto en este apartado tendr\u00e1 la consideraci\u00f3n de grave y llevar\u00e1 aparejada en todo caso la retirada definitiva de las armas de que se trate.\u00a0<\/span><\/span><\/span><\/p>\n<p>&nbsp;<\/p>\n","protected":false},"featured_media":5659,"template":"","meta":[],"product_brand":[],"product_cat":[235],"product_tag":[],"class_list":{"0":"post-5658","1":"product","2":"type-product","3":"status-publish","4":"has-post-thumbnail","6":"product_cat-armas-historicas","7":"sales-flash-overlay","8":"woocommerce-text-align-center","9":"woocommerce-image-align-center","10":"do-quantity-buttons","12":"first","13":"instock","14":"purchasable","15":"product-type-simple"},"_links":{"self":[{"href":"https:\/\/original-militaria.com\/en\/wp-json\/wp\/v2\/product\/5658","targetHints":{"allow":["GET"]}}],"collection":[{"href":"https:\/\/original-militaria.com\/en\/wp-json\/wp\/v2\/product"}],"about":[{"href":"https:\/\/original-militaria.com\/en\/wp-json\/wp\/v2\/types\/product"}],"wp:featuredmedia":[{"embeddable":true,"href":"https:\/\/original-militaria.com\/en\/wp-json\/wp\/v2\/media\/5659"}],"wp:attachment":[{"href":"https:\/\/original-militaria.com\/en\/wp-json\/wp\/v2\/media?parent=5658"}],"wp:term":[{"taxonomy":"product_brand","embeddable":true,"href":"https:\/\/original-militaria.com\/en\/wp-json\/wp\/v2\/product_brand?post=5658"},{"taxonomy":"product_cat","embeddable":true,"href":"https:\/\/original-militaria.com\/en\/wp-json\/wp\/v2\/product_cat?post=5658"},{"taxonomy":"product_tag","embeddable":true,"href":"https:\/\/original-militaria.com\/en\/wp-json\/wp\/v2\/product_tag?post=5658"}],"curies":[{"name":"wp","href":"https:\/\/api.w.org\/{rel}","templated":true}]}}