{"id":5574,"date":"2017-09-05T11:30:43","date_gmt":"2017-09-05T11:30:43","guid":{"rendered":"https:\/\/original-militaria.com\/?post_type=product&#038;p=5574"},"modified":"2022-01-31T19:05:12","modified_gmt":"2022-01-31T18:05:12","slug":"wh-dak-salacot-ingles-reutilizado","status":"publish","type":"product","link":"https:\/\/original-militaria.com\/en\/producto\/wh-dak-salacot-ingles-reutilizado\/","title":{"rendered":"WH\/DAK, English Tropical Pith Helmet Repurposed&#8212;WH\/DAK\/ Salacot Ingl\u00e9s Reutilizado"},"content":{"rendered":"<p style=\"text-align: justify\"><strong><span style=\"font-size: medium\"><span style=\"font-family: Verdana\">ANTECEDENTES:<\/span><\/span><\/strong><span style=\"font-size: medium\"><span style=\"font-family: Verdana\"> A finales de 1940, con la entrada inminente de Alemania en la campa\u00f1a de \u00c1frica del norte, todos los equipos tropicales fueron desarrollados r\u00e1pidamente para DAK, Deutsches Afrika Korps, para la llegada de las tropas a Tr\u00edpoli en febrero de 1941. Uno de los nuevos art\u00edculos introducidos era el casco tropical. En su principio el casco fue construido con una base formada de corcho con una cubierta de tela cruzada de algod\u00f3n, hasta que un segundo casco fue introducido con una base formada de corcho con una cubierta del fieltro. El segundo casco sigui\u00f3 el mismo dise\u00f1o b\u00e1sico que el primero pero fue modificado para facilitar costes, tiempo y material en la producci\u00f3n. El uso de los cascos fue ampliado a las tropas en \u00e1reas meridionales de Europa continental, pero los cascos probaron su ineficacia y su impopularidad y la fabricaci\u00f3n solo continuo hasta 1942.<\/span><\/span><\/p>\n<p style=\"text-align: justify\"><strong><span style=\"font-size: medium\"><span style=\"font-family: Verdana\">DESCRIPCION:<\/span><\/span><\/strong><span style=\"font-size: medium\"><span style=\"font-family: Verdana\"> Rar\u00edsimo\u00a0salacot\u00a0Ingl\u00e9s reutilizado por un miembro del DAK (hay fotos de este hecho durante la campa\u00f1a de \u00c1frica) el cual le puso\u00a0escudo tropicales, modelo en lona de color caqui, completo con su barboquejo, en el interior en perfectas condiciones (es muy traro que conserve el papel plata) manufactura de Londres. Est\u00e1 en muy buen estado. Talla 56.<br \/>\n<\/span><\/span><\/p>\n","protected":false},"excerpt":{"rendered":"<p style=\"text-align: justify\"><strong><span style=\"font-size: medium\"><span style=\"font-family: Verdana\">ANTECEDENTES:<\/span><\/span><\/strong><span style=\"font-size: medium\"><span style=\"font-family: Verdana\"> A finales de 1940, con la entrada inminente de Alemania en la campa\u00f1a de \u00c1frica del norte, todos los equipos tropicales fueron desarrollados r\u00e1pidamente para DAK, Deutsches Afrika Korps, para la llegada de las tropas a Tr\u00edpoli en febrero de 1941. Uno de los nuevos art\u00edculos introducidos era el casco tropical. En su principio el casco fue construido con una base formada de corcho con una cubierta de tela cruzada de algod\u00f3n, hasta que un segundo casco fue introducido con una base formada de corcho con una cubierta del fieltro. El segundo casco sigui\u00f3 el mismo dise\u00f1o b\u00e1sico que el primero pero fue modificado para facilitar costes, tiempo y material en la producci\u00f3n. El uso de los cascos fue ampliado a las tropas en \u00e1reas meridionales de Europa continental, pero los cascos probaron su ineficacia y su impopularidad y la fabricaci\u00f3n solo continuo hasta 1942.<\/span><\/span><\/p>\n<p style=\"text-align: justify\"><strong><span style=\"font-size: medium\"><span style=\"font-family: Verdana\">DESCRIPCION:<\/span><\/span><\/strong><span style=\"font-size: medium\"><span style=\"font-family: Verdana\"> Rar\u00edsimo\u00a0salacot\u00a0Ingl\u00e9s reutilizado por un miembro del DAK (hay fotos de este hecho durante la campa\u00f1a de \u00c1frica) el cual le puso\u00a0escudo tropicales, modelo en lona de color caqui, completo con su barboquejo, en el interior en perfectas condiciones (es muy traro que conserve el papel plata) manufactura de Londres. Est\u00e1 en muy buen estado. Talla 56.<br \/>\n<\/span><\/span><\/p>\n","protected":false},"featured_media":5575,"template":"","meta":[],"product_brand":[],"product_cat":[224],"product_tag":[],"class_list":{"0":"post-5574","1":"product","2":"type-product","3":"status-publish","4":"has-post-thumbnail","6":"product_cat-archivo-vendidos","7":"sales-flash-overlay","8":"woocommerce-text-align-center","9":"woocommerce-image-align-center","10":"do-quantity-buttons","12":"first","13":"outofstock","14":"purchasable","15":"product-type-simple"},"_links":{"self":[{"href":"https:\/\/original-militaria.com\/en\/wp-json\/wp\/v2\/product\/5574","targetHints":{"allow":["GET"]}}],"collection":[{"href":"https:\/\/original-militaria.com\/en\/wp-json\/wp\/v2\/product"}],"about":[{"href":"https:\/\/original-militaria.com\/en\/wp-json\/wp\/v2\/types\/product"}],"wp:featuredmedia":[{"embeddable":true,"href":"https:\/\/original-militaria.com\/en\/wp-json\/wp\/v2\/media\/5575"}],"wp:attachment":[{"href":"https:\/\/original-militaria.com\/en\/wp-json\/wp\/v2\/media?parent=5574"}],"wp:term":[{"taxonomy":"product_brand","embeddable":true,"href":"https:\/\/original-militaria.com\/en\/wp-json\/wp\/v2\/product_brand?post=5574"},{"taxonomy":"product_cat","embeddable":true,"href":"https:\/\/original-militaria.com\/en\/wp-json\/wp\/v2\/product_cat?post=5574"},{"taxonomy":"product_tag","embeddable":true,"href":"https:\/\/original-militaria.com\/en\/wp-json\/wp\/v2\/product_tag?post=5574"}],"curies":[{"name":"wp","href":"https:\/\/api.w.org\/{rel}","templated":true}]}}