{"id":5531,"date":"2017-09-05T11:30:34","date_gmt":"2017-09-05T11:30:34","guid":{"rendered":"https:\/\/original-militaria.com\/?post_type=product&#038;p=5531"},"modified":"2022-01-31T19:05:10","modified_gmt":"2022-01-31T18:05:10","slug":"cordon-de-oficial-ayudante","status":"publish","type":"product","link":"https:\/\/original-militaria.com\/en\/producto\/cordon-de-oficial-ayudante\/","title":{"rendered":"WH\/Heer Cord\u00f3n de Parada de Oficial"},"content":{"rendered":"<p style=\"text-align: justify\"><span style=\"font-size: medium\"><span style=\"font-family: Verdana\"><strong>ANTECEDENTES:<\/strong> Los cordones puede remontarse hasta 1730, cuando un tipo de cord\u00f3n\u00a0fue presentado por\u00a0un oficial del ej\u00e9rcito prusiano como\u00a0tema ornamental puramente decorativo. Con los a\u00f1os diversos tipos de cordones\u00a0se siguieron usando con ciertos uniformes,\u00a0principalmente para ocasiones ceremoniales, el 22 de julio de\u00a01927 (Weimar Reichswehr) se present\u00f3 un nuevo modelo de cord\u00f3n para ayudante. A pesar de que el era un elemento puramente decorativo en los oficiales para usarlo en los uniformes en los desfiles\u00a0cuando Hitler estaba presente o en desfiles en conmemoraci\u00f3n de su cumplea\u00f1os,\u00a0se orden\u00f3 su uso\u00a0oficial en las ceremonias en los\u00a0oficiales y en los ayudantes.\u00a0<\/span><span style=\"font-family: Verdana\">Son un rasgo distintivo de una posici\u00f3n. El cord\u00f3n de ayudante fue similar\u00a0al de oficial\u00a0con peque\u00f1as variaciones y se construyo\u00a0en plata mate para oficiales\u00a0y dorada para los Generales. El 29 de junio de\u00a01935 un nuevo cord\u00f3n m\u00e1s brillante fue presentado.\u00a0El cord\u00f3n de ayudante se uso suspendido del hombro derecho y\u00a0se llev\u00f3 con la mayor\u00eda de los tipos de uniformes para mostrar su posici\u00f3n. <\/span><\/span><\/p>\n<p style=\"text-align: justify\"><span style=\"font-family: Verdana\"><span style=\"font-size: medium\"><strong>DESCRIPCION:<\/strong> Cord\u00f3n de Oficial para parada, (WH\/Heer Paradefangschnur (Achselband) f\u00fcr Offiziere)\u00a0<\/span><\/span><span style=\"font-family: Verdana\"><span style=\"font-size: medium\">similar a los usados por lo generales, pero en hilos de aluminio y plata trenzados de color plata mate, se usaban en el hombro derecho por todos los oficiales ayudantes entre 1934 y 1939 en los uniformes de gala. Lo raro es que conserva sus dos puntas de cord\u00f3n.<\/span><\/span><\/p>\n","protected":false},"excerpt":{"rendered":"<p>&nbsp;<\/p>\n<p style=\"text-align: justify\">\u00a0<span style=\"font-size: medium\"><span style=\"font-family: Verdana\"><strong>ANTECEDENTES:<\/strong> Los cordones puede remontarse hasta 1730, cuando un tipo de cord\u00f3n\u00a0fue presentado por\u00a0un oficial del ej\u00e9rcito prusiano como\u00a0tema ornamental puramente decorativo. Con los a\u00f1os diversos tipos de cordones\u00a0se siguier\u00f3n usando con ciertos uniformes,\u00a0principalmente para ocasiones ceremoniales, el 22 de julio de\u00a01927 (Weimar Reichswehr) se present\u00f3 un nuevo modelo de cord\u00f3n para ayudante. A pesar de que el era un elemento puramente decorativo en los oficiales para usarlo en los uniformes en los desfiles\u00a0cuando Hitler estaba presente o en desfiles en conmemoraci\u00f3n de su cumplea\u00f1os,\u00a0se orden\u00f3 su uso\u00a0oficial en las ceremonias en los\u00a0oficiales y en los ayudantes.\u00a0<\/span><span style=\"font-family: Verdana\">Son un rasgo distintivo de una posici\u00f3n. El cord\u00f3n de ayudante fue similar\u00a0al de oficial\u00a0con peque\u00f1as variaciones y se construyo\u00a0en plata mate para oficiales\u00a0y dorada para los Generales. El 29 de junio de\u00a01935 un nuevo cord\u00f3n m\u00e1s brillante fue presentado.\u00a0El cord\u00f3n de ayudante se uso suspendido del hombro derecho y\u00a0se llev\u00f3 con la mayor\u00eda de los tipos de uniformes para mostrar su posici\u00f3n. <\/span><\/span><\/p>\n<p style=\"text-align: justify\"><span style=\"font-family: Verdana\"><span style=\"font-size: medium\"><strong>DESCRIPCION:<\/strong> Cord\u00f3n de Oficial ayudante, (Paradefangschnur f\u00fcr Adjutanten der Wehrmacht) similar a los usados por lo generales, pero en hilos de aluminio y plata trenzados de color plata mate, se usaban en el hombro derecho por todos los oficiales ayudantes entre 1934 y 1939 en los uniformes de gala. Lo raro es que conserva sus dos puntas de cord\u00f3n.<\/span><\/span><\/p>\n","protected":false},"featured_media":5532,"template":"","meta":[],"product_brand":[],"product_cat":[172,224],"product_tag":[],"class_list":{"0":"post-5531","1":"product","2":"type-product","3":"status-publish","4":"has-post-thumbnail","6":"product_cat-militaria-alemana-ww2","7":"product_cat-archivo-vendidos","8":"sales-flash-overlay","9":"woocommerce-text-align-center","10":"woocommerce-image-align-center","11":"do-quantity-buttons","13":"first","14":"outofstock","15":"product-type-simple"},"_links":{"self":[{"href":"https:\/\/original-militaria.com\/en\/wp-json\/wp\/v2\/product\/5531","targetHints":{"allow":["GET"]}}],"collection":[{"href":"https:\/\/original-militaria.com\/en\/wp-json\/wp\/v2\/product"}],"about":[{"href":"https:\/\/original-militaria.com\/en\/wp-json\/wp\/v2\/types\/product"}],"wp:featuredmedia":[{"embeddable":true,"href":"https:\/\/original-militaria.com\/en\/wp-json\/wp\/v2\/media\/5532"}],"wp:attachment":[{"href":"https:\/\/original-militaria.com\/en\/wp-json\/wp\/v2\/media?parent=5531"}],"wp:term":[{"taxonomy":"product_brand","embeddable":true,"href":"https:\/\/original-militaria.com\/en\/wp-json\/wp\/v2\/product_brand?post=5531"},{"taxonomy":"product_cat","embeddable":true,"href":"https:\/\/original-militaria.com\/en\/wp-json\/wp\/v2\/product_cat?post=5531"},{"taxonomy":"product_tag","embeddable":true,"href":"https:\/\/original-militaria.com\/en\/wp-json\/wp\/v2\/product_tag?post=5531"}],"curies":[{"name":"wp","href":"https:\/\/api.w.org\/{rel}","templated":true}]}}