{"id":5463,"date":"2017-09-05T11:30:18","date_gmt":"2017-09-05T11:30:18","guid":{"rendered":"https:\/\/original-militaria.com\/?post_type=product&#038;p=5463"},"modified":"2022-01-31T19:05:04","modified_gmt":"2022-01-31T18:05:04","slug":"estuche-con-insignia-de-paracaidista","status":"publish","type":"product","link":"https:\/\/original-militaria.com\/en\/producto\/estuche-con-insignia-de-paracaidista\/","title":{"rendered":"Luftwaffe\/Paratrooper, Badge by &#8220;P.\u00a0Meybauer en Berl\u00edn&#8221; in Case&#8211;Estuche con Insignia de Paracaidista &#8220;P.\u00a0Meybauer en Berl\u00edn&#8221;"},"content":{"rendered":"<div dir=\"ltr\" align=\"justify\"><span style=\"font-family: verdana, geneva, sans-serif;font-size: 12pt\"><strong>ANTECEDENTES:<\/strong> Como resultado de las observaciones de la experimentaci\u00f3n de Rusia con la de reciente desarrollo de los paracaidistas\u00a0en 1928 los alemanes iniciaron tambi\u00e9n un examen serio de desarrollo de unidades de paracaidistas y se elaboraron planes para la formaci\u00f3n de esas unidades a finales de 1935. Tanto el Ej\u00e9rcito (Heer) como la Luftwaffe y establecieron eventualmente\u00a0unidades de paracaidistas, compuestas por personal voluntario, el 29 de enero de\u00a01936 y el 31 de marzo de 1937 respectivamente, una escuela de formaci\u00f3n de paracaidistas se estableci\u00f3 en\u00a0Stendal a principios de 1937.\u00a0La insignia fue creada por Hermann G\u00f6ring el 5 de noviembre de\u00a01936 para los que hab\u00edan pasado las pruebas\u00a0necesarias y completado seis saltos de paraca\u00eddas. Los soldados a los que se le concedi\u00f3 ese distintivo estaban\u00a0obligados a recalificar anualmente con el fin de mantenerla. El 2 de mayo de\u00a01944 la concesi\u00f3n de la insignia se ampli\u00f3 para incluir a los m\u00e9dicos de la Luftwaffe, personal de administraci\u00f3n, jur\u00eddico y al personal que han aprobado las pruebas y realizado un salto en paraca\u00eddas. Como con la mayor\u00eda de las insignias de la\u00a0Luftwaffe se creo una versi\u00f3n\u00a0en pa\u00f1o\u00a0de la insignia de paracaidista y \u00a0fue autorizado para usar en el vuelo bordada en la camisa.<\/span><\/div>\n<div dir=\"ltr\" align=\"justify\">\n<p><span style=\"font-family: verdana, geneva, sans-serif;font-size: 12pt\"><strong>DESCRIPCI\u00d3N:<\/strong>\u00a0Es de principio de guerra, (Fallschirmsch\u00fctzenabzeichen) construida en dos piezas, el \u00e1guila ha perdido casi todo su ba\u00f1o dorado\u00a0en la parte exterior, mientras que en el reverso lo mantiene, tiene alrededor del \u00e1guila una orla con hojas de roble, de construcci\u00f3n s\u00f3lida no como los de final de guerra. Mantiene su alfiler intacto, su estuche original y\u00a0marcaje del fabricante <strong>&#8220;P.\u00a0Meybauer en Berl\u00edn&#8221;<\/strong>.\u00a0<\/span><\/p>\n<\/div>\n","protected":false},"excerpt":{"rendered":"<div dir=\"ltr\" align=\"justify\"><\/div>\n<div dir=\"ltr\" align=\"justify\">\n<p><span style=\"font-family: Verdana\"><strong><span style=\"font-family: Verdana;font-size: 9pt\">ANTECEDENTES:<\/span><\/strong><span style=\"font-family: Verdana;font-size: 9pt\"> Como resultado de las observaciones de la experimentaci\u00f3n de Rusia con la de reciente desarrollo de los paracaidistas\u00a0en 1928 los alemanes iniciaron tambi\u00e9n un examen serio de desarrollo de unidades de paracaidistas y se elaboraron planes para la formaci\u00f3n de esas unidades a finales de 1935. Tanto el Ej\u00e9rcito (Heer) como la Luftwaffe y establecieron eventualmente\u00a0unidades de paracaidistas, compuestas por personal voluntario, el 29 de enero de\u00a01936 y el 31 de marzo de 1937 respectivamente, una escuela de formaci\u00f3n de paracaidistas se estableci\u00f3 en\u00a0Stendal a principios de 1937.\u00a0La insignia fue creada por Hermann G\u00f6ring el 5 de noviembre de\u00a01936 para los que hab\u00edan pasado las pruebas\u00a0necesarias y completado seis saltos de paraca\u00eddas. Los soldados a los que se le concedi\u00f3 ese distintivo estaban\u00a0obligados a recalificar anualmente con el fin de mantenerla. El 2 de mayo de\u00a01944 la concesi\u00f3n de la insignia se ampli\u00f3 para incluir a los m\u00e9dicos de la Luftwaffe, personal de administraci\u00f3n, jur\u00eddico y al personal que han aprobado las pruebas y realizado un salto en paraca\u00eddas. Como con la mayor\u00eda de las insignias de la\u00a0Luftwaffe se creo una versi\u00f3n\u00a0en pa\u00f1o\u00a0de la insignia de paracaidista y \u00a0fue autorizado para usar en el vuelo bordada en la camisa. <\/span><\/span><\/p>\n<p><strong><span style=\"font-family: Verdana\">DESCRIPCI\u00d3N:<\/span><\/strong>\u00a0Es de principio de guerra, (Fallschirmsch\u00fctzenabzeichen) construida en dos piezas, el \u00e1guila ha perdido casi todo su ba\u00f1o dorado\u00a0en la parte exterior, mientras que en el reverso lo mantiene, tiene alrededor del \u00e1guila una orla con hojas de roble, de construcci\u00f3n s\u00f3lida no como los de final de guerra. Mantiene su alfiler intacto, su estuche original y\u00a0marcaje del fabricante &#8220;P.\u00a0Meybauer en Berl\u00edn&#8221;. Lleva documento de autenticidad con fotos del expertise &#8220;Weitze&#8221; de Alemania.<\/p>\n<\/div>\n","protected":false},"featured_media":5464,"template":"","meta":[],"product_brand":[],"product_cat":[224],"product_tag":[],"class_list":{"0":"post-5463","1":"product","2":"type-product","3":"status-publish","4":"has-post-thumbnail","6":"product_cat-archivo-vendidos","7":"sales-flash-overlay","8":"woocommerce-text-align-center","9":"woocommerce-image-align-center","10":"do-quantity-buttons","12":"first","13":"outofstock","14":"purchasable","15":"product-type-simple"},"_links":{"self":[{"href":"https:\/\/original-militaria.com\/en\/wp-json\/wp\/v2\/product\/5463","targetHints":{"allow":["GET"]}}],"collection":[{"href":"https:\/\/original-militaria.com\/en\/wp-json\/wp\/v2\/product"}],"about":[{"href":"https:\/\/original-militaria.com\/en\/wp-json\/wp\/v2\/types\/product"}],"wp:featuredmedia":[{"embeddable":true,"href":"https:\/\/original-militaria.com\/en\/wp-json\/wp\/v2\/media\/5464"}],"wp:attachment":[{"href":"https:\/\/original-militaria.com\/en\/wp-json\/wp\/v2\/media?parent=5463"}],"wp:term":[{"taxonomy":"product_brand","embeddable":true,"href":"https:\/\/original-militaria.com\/en\/wp-json\/wp\/v2\/product_brand?post=5463"},{"taxonomy":"product_cat","embeddable":true,"href":"https:\/\/original-militaria.com\/en\/wp-json\/wp\/v2\/product_cat?post=5463"},{"taxonomy":"product_tag","embeddable":true,"href":"https:\/\/original-militaria.com\/en\/wp-json\/wp\/v2\/product_tag?post=5463"}],"curies":[{"name":"wp","href":"https:\/\/api.w.org\/{rel}","templated":true}]}}