{"id":5400,"date":"2017-09-05T11:30:03","date_gmt":"2017-09-05T11:30:03","guid":{"rendered":"https:\/\/original-militaria.com\/?post_type=product&#038;p=5400"},"modified":"2022-01-31T19:05:02","modified_gmt":"2022-01-31T18:05:02","slug":"estuche-con-la-orden-del-guila-de-1-clase-900","status":"publish","type":"product","link":"https:\/\/original-militaria.com\/en\/producto\/estuche-con-la-orden-del-guila-de-1-clase-900\/","title":{"rendered":"German Eagle Order 1st Class in Case &#8220;900&#8221; &#8212; Estuche con la Orden del \u00c1guila de 1\u00aa Clase &#8220;900&#8221;"},"content":{"rendered":"<p style=\"text-align: justify\" align=\"justify\"><span style=\"font-family: verdana, geneva, sans-serif;font-size: 12pt\"><strong>ANTECEDENTES:<\/strong> La Orden del \u00c1guila Alemana (Verdinenstorden vom Deutschen Adler) se instituy\u00f3 el 1\u00ba de mayo de 1937 por Adolf Hitler. Fue galardonado con espadas al personal militar, y sin espadas a los civiles. La Cruz se basa en la Cruz de Malta, con \u00e1guilas en cada esquina con una Cruz Gamada. Realmente era una imitaci\u00f3n de la Orden del \u00c1guila Negra Prusiana y de la Orden del \u00c1guila Roja. Se conced\u00eda a no alemanes que fueran considerados meritorios. Solo dos excepciones fueron hechas. Hab\u00eda diferentes clases de esta condecoraci\u00f3n que se divid\u00eda entre las pertenecientes desde 1937 a 1943 y las pertenecientes a partir de diciembre de 1943, en donde ya aparece la Orden del \u00c1guila de 5\u00aa Clase (Deutscher Adlerorden, F\u00fcnfte Stufe). <\/span><\/p>\n<p style=\"text-align: justify\"><span style=\"font-family: verdana, geneva, sans-serif;font-size: 12pt\"><strong>DESCRIPCION:<\/strong> Extraordinario estuche con la Orden del \u00c1guila sin espadas de\u00a01 \u00aa clase 1943 (Deutscher Adlerorden Verdienstkreuz 1. Stufe) con su cinta completa de 45 mm de anchura y de color rojo con bordes blanco-negro-blanco sobre ambos lados para llevar colgada al cuello. Fabricada en plata y oro con la Cruz de Malta de 50 mm en el centro finamente esmaltada\u00a0al fuego en blanco, tiene cuatro \u00e1guilas, una en cada esquina sujetando entre sus garras cada una la Cruz Gamada. En la anilla que una la Cruz a la cinta, tiene bien bien marcada la finura de la plata &#8220;900&#8221; y el n\u00famero\u00a0RZM &#8220;21&#8221;, c\u00f3digo del fabricante perteneciente a\u00a0&#8220;Gebr. Godet &amp; Co. Berl\u00edn&#8221;, \u00fanicos joyeros autorizados a fabricar las condecoraciones.\u00a0El estuche de cuero rojo tiene un \u00e1guila dorada en relieve, esta est\u00e1 en perfecto estado, en el interior \u00a0viene marcado\u00a0&#8220;Deutscher Adlerorden 1. Stufe&#8221;.\u00a0\u00a0La Orden del \u00c1guila Alemana se adjudic\u00f3 su mayor parte a los diplom\u00e1ticos extranjeros desde 1937 hasta 1945.\u00a0Sin estrenar, totalmente en perfecto estado.\u00a0<\/span><\/p>\n","protected":false},"excerpt":{"rendered":"<p align=\"justify\"><span style=\"font-family: Verdana\"><span style=\"font-size: medium\"><strong>ANTECEDENTES:<\/strong> La Orden del \u00c1guila Alemana (Verdinenstorden vom Deutschen Adler) se instituy\u00f3 el 1\u00ba de mayo de 1937 por Adolf Hitler. Fue galardonado con espadas al personal militar, y sin espadas a los civiles. La Cruz se basa en la Cruz de Malta, con \u00e1guilas en cada esquina con una Cruz Gamada. Realmente era una imitaci\u00f3n de la Orden del \u00c1guila Negra Prusiana y de la Orden del \u00c1guila Roja. Se conced\u00eda a no alemanes que fueran considerados meritorios. Solo dos excepciones fueron hechas. Hab\u00eda diferentes clases de esta condecoraci\u00f3n que se divid\u00eda entre las pertenecientes desde 1937 a 1943 y las pertenecientes a partir de diciembre de 1943, en donde ya aparece la Orden del \u00c1guila de 5\u00aa Clase (Deutscher Adlerorden, F\u00fcnfte Stufe). <\/span><\/span><\/p>\n<p><strong>DESCRIPCION:<\/strong> Extraordinario estuche con la Orden del \u00c1guila sin espadas de\u00a01 \u00aa clase 1943 (Deutscher Adlerorden Verdienstkreuz 1. Stufe) con su cinta completa de 45 mm de anchura y de color rojo con bordes blanco-negro-blanco sobre ambos lados para llevar colgada al cuello. Fabricada en plata y oro con la Cruz de Malta de 50 mm en el centro finamente esmaltada\u00a0al fuego en blanco, tiene cuatro \u00e1guilas, una en cada esquina sujetando entre sus garras cada una la Cruz Gamada. En la anilla que una la Cruz a la cinta, tiene bien bien marcada la finura de la plata <span style=\"color: #ff0000\">&#8220;900&#8221;<\/span> y el n\u00famero\u00a0RZM <span style=\"color: #ff0000\">&#8220;21&#8221;<\/span>, c\u00f3digo del fabricante perteneciente a\u00a0<span style=\"color: #ff0000\">&#8220;Gebr. Godet &amp; Co. Berl\u00edn&#8221;<\/span>, \u00fanicos joyeros autorizados a fabricar las condecoraciones.\u00a0El estuche de cuero rojo tiene un \u00e1guila dorada en relieve, esta est\u00e1 en perfecto estado, en el interior \u00a0viene marcado\u00a0<span style=\"color: #ff0000\">&#8220;Deutscher Adlerorden 1. Stufe&#8221;<\/span>.\u00a0\u00a0La Orden del \u00c1guila Alemana se adjudic\u00f3 su mayor parte a los diplom\u00e1ticos extranjeros desde 1937 hasta 1945.\u00a0Sin estrenar, totalmente en perfecto estado.<\/p>\n<p align=\"justify\"><span style=\"font-family: Verdana\"><span style=\"color: #ff0000;font-size: medium\"><strong>Viene con certficado de autenticidad de uno de los expertos m\u00e1s famosos de Alemania<\/strong><\/span><\/span><\/p>\n","protected":false},"featured_media":5401,"template":"","meta":[],"product_brand":[],"product_cat":[224],"product_tag":[],"class_list":{"0":"post-5400","1":"product","2":"type-product","3":"status-publish","4":"has-post-thumbnail","6":"product_cat-archivo-vendidos","7":"sales-flash-overlay","8":"woocommerce-text-align-center","9":"woocommerce-image-align-center","10":"do-quantity-buttons","12":"first","13":"outofstock","14":"purchasable","15":"product-type-simple"},"_links":{"self":[{"href":"https:\/\/original-militaria.com\/en\/wp-json\/wp\/v2\/product\/5400","targetHints":{"allow":["GET"]}}],"collection":[{"href":"https:\/\/original-militaria.com\/en\/wp-json\/wp\/v2\/product"}],"about":[{"href":"https:\/\/original-militaria.com\/en\/wp-json\/wp\/v2\/types\/product"}],"wp:featuredmedia":[{"embeddable":true,"href":"https:\/\/original-militaria.com\/en\/wp-json\/wp\/v2\/media\/5401"}],"wp:attachment":[{"href":"https:\/\/original-militaria.com\/en\/wp-json\/wp\/v2\/media?parent=5400"}],"wp:term":[{"taxonomy":"product_brand","embeddable":true,"href":"https:\/\/original-militaria.com\/en\/wp-json\/wp\/v2\/product_brand?post=5400"},{"taxonomy":"product_cat","embeddable":true,"href":"https:\/\/original-militaria.com\/en\/wp-json\/wp\/v2\/product_cat?post=5400"},{"taxonomy":"product_tag","embeddable":true,"href":"https:\/\/original-militaria.com\/en\/wp-json\/wp\/v2\/product_tag?post=5400"}],"curies":[{"name":"wp","href":"https:\/\/api.w.org\/{rel}","templated":true}]}}