{"id":5345,"date":"2017-09-05T11:29:52","date_gmt":"2017-09-05T11:29:52","guid":{"rendered":"https:\/\/original-militaria.com\/?post_type=product&#038;p=5345"},"modified":"2022-01-31T19:04:59","modified_gmt":"2022-01-31T18:04:59","slug":"waffen-ss-medalla-por-4-anos-de-servicio","status":"publish","type":"product","link":"https:\/\/original-militaria.com\/en\/producto\/waffen-ss-medalla-por-4-anos-de-servicio\/","title":{"rendered":"Waffen SS\/ Medal for 4 years of Service&#8212;Waffen-SS, Medalla por 4 a\u00f1os de Servicio"},"content":{"rendered":"<p align=\"justify\"><span style=\"font-size: medium\"><strong><span style=\"font-family: Verdana\">ANTECEDENTES:<\/span><\/strong><span style=\"font-family: Verdana\"> El 30 de enero de 1938 Adolf Hitler present\u00f3 una serie de cuatro medallas de servicio como premio a la lealtad para los miembros de la SS &#8211; Verf\u00fcgungstruppen, SS &#8211; Totenkopfverb\u00e4nde,\u00a0 y SS &#8211; Junkerschulen. Las cuatro clases consisti\u00f3 en la adjudicaci\u00f3n de primera clase para veinticinco a\u00f1os de servicio, la segunda clase de doce a\u00f1os de servicio, la tercera clase de para ocho a\u00f1os y la cuarta clase de cuatro a\u00f1os de servicio. S\u00f3lo la EM y la de suboficial fueron elegibles para la cuarta clase, si bien todas las filas eran elegibles para las otras tres clases. La autorizaci\u00f3n para la prestaci\u00f3n de los premios vinieron directamente de la oficina del Reichf\u00fchrer Himmler.\u00a0<\/span><\/span><\/p>\n<p class=\"MsoNormal\" align=\"justify\"><span style=\"font-size: medium\"><strong><span style=\"font-family: Verdana\">DESCRIPCION: <\/span><\/strong><span style=\"font-family: Verdana\">De\u00a0cuarta clase, segundo modelo (SS-Dienstauszeichnung 2. Modell, 4. Stufe),\u00a0de 38 mm aproximadamente por\u00a04 a\u00f1os de servicio,\u00a0las runas SS en relieve, el bloque de escritura latina &#8220;F\u00fcr Treue en Dienste der SS&#8221;, ( Por servicios leales en la SS), superpuesta sobre un gran n\u00famero &#8220;4&#8221;, tambi\u00e9n sobre fondo granulado. La medalla tiene\u00a0la anilla en forma de lagrima de una pieza reglamentar\u00eda en estas medallas y\u00a0esta en estado impecable,\u00a0tiene su cinta azul original,\u00a0conserva casi al 99% de su pintura negra original. La medalla no tiene marcas visibles del fabricante.<\/span><\/span><\/p>\n","protected":false},"excerpt":{"rendered":"<p align=\"justify\"><span style=\"font-size: medium\"><strong><span style=\"font-family: Verdana\">ANTECEDENTES:<\/span><\/strong><span style=\"font-family: Verdana\"> El 30 de enero\u00a0de 1938 Adolf Hitler present\u00f3 una serie de cuatro medallas de servicio como premio a la lealtad,\u00a0eran para los\u00a0miembros de la SS &#8211; Verf\u00fcgungstruppen, SS &#8211; Totenkopfverb\u00e4nde,\u00a0 y SS &#8211; Junkerschulen.\u00a0Las cuatro clases consisti\u00f3 en la adjudicaci\u00f3n de primera clase para veinticinco a\u00f1os de servicio, la segunda clase de doce a\u00f1os de servicio, la tercera clase de para ocho a\u00f1os y la cuarta clase de cuatro a\u00f1os de servicio. S\u00f3lo la EM y\u00a0la de suboficial fueron elegibles para la cuarta clase,\u00a0si bien todas las filas eran elegibles para las otras tres clases. La autorizaci\u00f3n para la prestaci\u00f3n de los premios vinieron directamente de los SS &#8211; Reichf\u00fchrer de Himmler oficina.\u00a0<\/span><\/span><\/p>\n<p class=\"MsoNormal\" align=\"justify\"><span style=\"font-size: medium\"><strong><span style=\"font-family: Verdana\">DESCRIPCION: <\/span><\/strong><span style=\"font-family: Verdana\">De\u00a0cuarta clase, segundo modelo (SS-Dienstauszeichnung 2. Modell, 4. Stufe),\u00a0de 38 mm aproximadamente por\u00a04 a\u00f1os de servicio,\u00a0las runas SS en relieve, el bloque de escritura latina <span style=\"color: #ff0000\">&#8220;F\u00fcr Treue en Dienste der SS&#8221;<\/span>, ( Por servicios leales en la SS), superpuesta sobre un gran n\u00famero &#8220;4&#8221;, tambi\u00e9n sobre fondo granulado. La medalla tiene\u00a0la anilla en forma de lagrima de una pieza reglamentar\u00eda en estas medallas y\u00a0esta en estado impecable,\u00a0tiene su cinta azul original,\u00a0conserva casi al 99% de su pintura negra original. La medalla no tiene marcas visibles del fabricante.<\/span><\/span><\/p>\n","protected":false},"featured_media":5346,"template":"","meta":[],"product_brand":[],"product_cat":[224],"product_tag":[],"class_list":{"0":"post-5345","1":"product","2":"type-product","3":"status-publish","4":"has-post-thumbnail","6":"product_cat-archivo-vendidos","7":"sales-flash-overlay","8":"woocommerce-text-align-center","9":"woocommerce-image-align-center","10":"do-quantity-buttons","12":"first","13":"outofstock","14":"product-type-simple"},"_links":{"self":[{"href":"https:\/\/original-militaria.com\/en\/wp-json\/wp\/v2\/product\/5345","targetHints":{"allow":["GET"]}}],"collection":[{"href":"https:\/\/original-militaria.com\/en\/wp-json\/wp\/v2\/product"}],"about":[{"href":"https:\/\/original-militaria.com\/en\/wp-json\/wp\/v2\/types\/product"}],"wp:featuredmedia":[{"embeddable":true,"href":"https:\/\/original-militaria.com\/en\/wp-json\/wp\/v2\/media\/5346"}],"wp:attachment":[{"href":"https:\/\/original-militaria.com\/en\/wp-json\/wp\/v2\/media?parent=5345"}],"wp:term":[{"taxonomy":"product_brand","embeddable":true,"href":"https:\/\/original-militaria.com\/en\/wp-json\/wp\/v2\/product_brand?post=5345"},{"taxonomy":"product_cat","embeddable":true,"href":"https:\/\/original-militaria.com\/en\/wp-json\/wp\/v2\/product_cat?post=5345"},{"taxonomy":"product_tag","embeddable":true,"href":"https:\/\/original-militaria.com\/en\/wp-json\/wp\/v2\/product_tag?post=5345"}],"curies":[{"name":"wp","href":"https:\/\/api.w.org\/{rel}","templated":true}]}}