{"id":5315,"date":"2017-09-05T11:29:44","date_gmt":"2017-09-05T11:29:44","guid":{"rendered":"https:\/\/original-militaria.com\/?post_type=product&#038;p=5315"},"modified":"2022-01-31T19:04:55","modified_gmt":"2022-01-31T18:04:55","slug":"waffenrock-de-un-hauptwachtmeister-del-xiii-distrito-militar","status":"publish","type":"product","link":"https:\/\/original-militaria.com\/en\/producto\/waffenrock-de-un-hauptwachtmeister-del-xiii-distrito-militar\/","title":{"rendered":"Wehrmacht\/  Cavalry Sergeant Major M35 Dress Tunic&#8211; Guerrera-uniforme de Gala de un Sargento Mayor del XIII Distrito Militar"},"content":{"rendered":"<p align=\"justify\"><span style=\"font-family: verdana, geneva, sans-serif;font-size: 12pt\"><strong>ANTECEDENTES:<\/strong> Adoptada en junio de 1935, esta guerrera era la prenda mas importante del uniforme alem\u00e1n. Su uso estaba reservado para las grandes ocasiones (desfiles, actos de sociedad, etc.), formaba parte de la dotaci\u00f3n que gratuitamente entregaba la unidad a cada soldado o suboficial. Por el contrario los oficiales deb\u00edan costearla de su bolsillo. Asimismo si lo deseaban, los primeros pod\u00edan acudir a los mismos establecimientos que los oficiales para adquirirlas y vestirles en lugar de las que recib\u00edan de la intendencia militar. Las prendas de adquisici\u00f3n particular estaban elaboradas con gabardina y las de dotaci\u00f3n con pa\u00f1o. Todos sus bordes estaban decorados por un ribete del color del arma correspondiente, los pu\u00f1os y el cuello eran de color verde esmeralda y estaban decorados por insignias de similar dise\u00f1o, poseia ocho botones plateados (dorados para los generales). En la parte trasera presentaba dos falsos bolsillos y las mismas costuras que la Rock. El interior estaba completamente forrado. Los distritos se organizaron en una cadena de mando que inclu\u00eda Zona Sede (Wehrersatzbezirk Hauptquartier) y Sub-sede de la zona (Wehrbezirk Hauptquartier). Durante la Segunda Guerra Mundial, Alemania fue dividida en diecinueve distritos militares. Al comienzo de la guerra, s\u00f3lo hab\u00eda quince<\/span><\/p>\n<p align=\"justify\"><span style=\"font-family: verdana, geneva, sans-serif;font-size: 12pt\"><strong>DESCRIPCION:<\/strong>\u00a0Guerrera\u00a0de Parada (Waffenrock) M35 en feldgrau\u00a0para un Hauptwachtmeister de caballer\u00eda del XIII Distrito Militar (Wehrkreis XIII, zona de N\u00fcrnberg: norte de Baviera, Bohemia occidental, Regensburg y\u00a0Eger), est\u00e1 en excepcional estado, magnificas hombreras duras cosidas de origen con n\u00fameros romanos en metal aluminizado identificativos del Distrito Militar al que pertenec\u00eda, botones de oficial marcados, parches de cuello (Litzen) de gran calidad sobre cuello verde esmeralda oscuro, as\u00ed como el \u00e1guila nacional que esta bordado con hilo de aluminio sobre pa\u00f1o verde esmeralda oscuro, forro de seda verde, lazos para Cruz de Hierro de primera clase, distintivo de herido y pasador de diario, bot\u00f3n para cord\u00f3n de tirador distinguido. Rara.<\/span><\/p>\n","protected":false},"excerpt":{"rendered":"<p align=\"justify\"><span style=\"font-family: Verdana;font-size: 9pt\"><strong>ANTECEDENTES:<\/strong> Adoptada en junio de 1935, esta guerrera era la prenda mas importante del uniforme aleman. Su uso estaba reservado para las grandes ocasiones (desfiles, actos de sociedad, etc.), formaba parte de la dotacion que gratuitamente entregaba la unidad a cada soldado o suboficial. Por el contrario los oficiales debian costearla de su bolsillo. Asimismo si lo deseaban, los primeros podian acudir a los mismos establecimientos que los oficiales para adquirirlas y vestirlas en lugar de las que recibian de la intendencia militar. Las prendas de adquisicion particular estaban elaboradas con gabardina y las de dotacion con pa\u00f1o. Todos sus bordes estaban decorados por un ribete del color del arma correspondiente, los pu\u00f1os y el cuello eran de color verde esmeralda y estaban decorados por insignias de similar dise\u00f1o, poseia ocho botones plateados (dorados para los generales). En la parte trasera presentaba dos falsos bolsillos y las mismas costuras que la Rock. El interior estaba completamente forrado. Los distritos se organizaron en una cadena de mando que inclu\u00eda Zona Sede (Wehrersatzbezirk Hauptquartier) y Sub-sede de la zona (Wehrbezirk Hauptquartier). Durante la Segunda Guerra Mundial, Alemania fue dividida en diecinueve distritos militares. Al comienzo de la guerra, s\u00f3lo hab\u00eda quince<\/span><\/p>\n<p align=\"justify\"><strong><span style=\"font-family: Verdana;font-size: 9pt\">DESCRIPCION:<\/span><\/strong><span style=\"font-family: Verdana;font-size: 9pt\">\u00a0Guerrera\u00a0de Parada (<span style=\"font-family: Verdana;font-size: 10pt\">Waffenrock) M35 en feldgrau\u00a0para un Hauptwachtmeister de caballer\u00eda del <span style=\"color: #ff0000\">XIII Distrito Militar<\/span> (Wehrkreis XIII, zona de N\u00fcrnberg: norte de Baviera, Bohemia occidental, Regensburg y\u00a0Eger)<\/span>,\u00a0est\u00e1 en excepcional estado,\u00a0magnificas hombreras duras cosidas de origen con n\u00fameros romanos en metal\u00a0aluminizado identificativos del Distrito Militar al que pertenecia, botones de oficial marcados, parches de cuello (Litzen) de gran calidad sobre cuello verde esmeralda\u00a0oscuro, as\u00ed como el \u00e1guila nacional que esta bordado con hilo de aluminio sobre pa\u00f1o verde esmeralda oscuro, forro de seda verde, lazos para Cruz de Hierro de primera clase, distintivo de herido y pasador de diario, bot\u00f3n para cord\u00f3n de tirador distinguido.\u00a0Rara.<\/span><\/p>\n","protected":false},"featured_media":5316,"template":"","meta":[],"product_brand":[],"product_cat":[224],"product_tag":[],"class_list":{"0":"post-5315","1":"product","2":"type-product","3":"status-publish","4":"has-post-thumbnail","6":"product_cat-archivo-vendidos","7":"sales-flash-overlay","8":"woocommerce-text-align-center","9":"woocommerce-image-align-center","10":"do-quantity-buttons","12":"first","13":"outofstock","14":"purchasable","15":"product-type-simple"},"_links":{"self":[{"href":"https:\/\/original-militaria.com\/en\/wp-json\/wp\/v2\/product\/5315","targetHints":{"allow":["GET"]}}],"collection":[{"href":"https:\/\/original-militaria.com\/en\/wp-json\/wp\/v2\/product"}],"about":[{"href":"https:\/\/original-militaria.com\/en\/wp-json\/wp\/v2\/types\/product"}],"wp:featuredmedia":[{"embeddable":true,"href":"https:\/\/original-militaria.com\/en\/wp-json\/wp\/v2\/media\/5316"}],"wp:attachment":[{"href":"https:\/\/original-militaria.com\/en\/wp-json\/wp\/v2\/media?parent=5315"}],"wp:term":[{"taxonomy":"product_brand","embeddable":true,"href":"https:\/\/original-militaria.com\/en\/wp-json\/wp\/v2\/product_brand?post=5315"},{"taxonomy":"product_cat","embeddable":true,"href":"https:\/\/original-militaria.com\/en\/wp-json\/wp\/v2\/product_cat?post=5315"},{"taxonomy":"product_tag","embeddable":true,"href":"https:\/\/original-militaria.com\/en\/wp-json\/wp\/v2\/product_tag?post=5315"}],"curies":[{"name":"wp","href":"https:\/\/api.w.org\/{rel}","templated":true}]}}