{"id":5301,"date":"2017-09-05T11:29:42","date_gmt":"2017-09-05T11:29:42","guid":{"rendered":"https:\/\/original-militaria.com\/?post_type=product&#038;p=5301"},"modified":"2022-01-31T19:04:55","modified_gmt":"2022-01-31T18:04:55","slug":"pareja-de-pistolas-espanolas-de-canones-paralelos-de-viaje","status":"publish","type":"product","link":"https:\/\/original-militaria.com\/en\/producto\/pareja-de-pistolas-espanolas-de-canones-paralelos-de-viaje\/","title":{"rendered":"Pair of Spanish Pistols of Parallel Cannons &#8212;Pareja de Pistolas Espa\u00f1olas de Ca\u00f1ones Paralelos de Viaje"},"content":{"rendered":"<p style=\"text-align: justify\" align=\"justify\"><span style=\"font-size: 12pt;color: #000000\"><span style=\"font-family: Verdana\"><span style=\"font-family: Verdana\">Magnifica paraje de pistolas de viaje espa\u00f1olas sistema pist\u00f3n de lujo espa\u00f1olas de producci\u00f3n Eibarresa, de dos ca\u00f1ones paralelos, caja de nogal con empu\u00f1adura cuadrillada con baquetero con baqueta de madera con terminaci\u00f3n en hueso, guarniciones en alpaca ornamentadas, tiene\u00a0dobles perrillos con graciosa forma de leones, ca\u00f1\u00f3n con su pavonado de \u00e9poca burilados con ornamentaci\u00f3n en oro, doble gatillo, en perfectas condiciones. Excelente ejemplo de pistolas espa\u00f1olas de viaje. Es necesario libro de coleccionista, lo puede solicitar sin licencia en su Intervenci\u00f3n de armas. <br \/><\/span><\/span><span style=\"font-family: Verdana\">Longitud total<span>\u00a0\u00a0\u00a0\u00a0\u00a0\u00a0\u00a0\u00a0\u00a0\u00a0\u00a0 <\/span>230 mm<\/span><\/span><\/p>\n<p style=\"text-align: justify\"><span style=\"font-family: Verdana;font-size: 12pt;color: #000000\">Longitud del ca\u00f1\u00f3n<span>\u00a0\u00a0\u00a0\u00a0 <\/span>90 mm<\/span><\/p>\n","protected":false},"excerpt":{"rendered":"<p align=\"justify\"><span style=\"font-family: Verdana\"><strong><span style=\"font-family: Verdana;font-size: 9pt\">DESCRIPCION:<\/span><\/strong><span style=\"font-family: Verdana;font-size: 9pt\"> Magnifica paraje de pistolas de viaje espa\u00f1olas sistema pist\u00f3n de lujo espa\u00f1olas de producci\u00f3n Eibarresa, de dos ca\u00f1ones paralelos, caja de nogal con empu\u00f1adura cuadrillada con baquetero con baqueta de madera con terminaci\u00f3n en hueso, guarniciones en alpaca ornamentadas, tiene\u00a0dobles perrillos con graciosa forma de leones, ca\u00f1\u00f3n con su pavonado de \u00e9poca burilados con ornamentaci\u00f3n en oro, doble gatillo, en perfectas condiciones. Excelente ejemplo de pistolas espa\u00f1olas de viaje. <span style=\"color: #ff0000\">Es necesario libro de coleccionista, lo puede solicitar sin licencia en su Intervenci\u00f3n de armas.<\/span> <\/p>\n<p><\/span><\/span><\/p>\n<p><span style=\"font-family: Verdana;font-size: 9pt\">Longitud total<span>\u00a0\u00a0\u00a0\u00a0\u00a0\u00a0\u00a0\u00a0\u00a0\u00a0\u00a0 <\/span>230 mm<\/span><\/p>\n<p><span style=\"font-family: Verdana;font-size: 9pt\">Longitud del ca\u00f1\u00f3n<span>\u00a0\u00a0\u00a0\u00a0 <\/span>90 mm<\/span><\/p>\n","protected":false},"featured_media":5302,"template":"","meta":[],"product_brand":[],"product_cat":[224],"product_tag":[],"class_list":{"0":"post-5301","1":"product","2":"type-product","3":"status-publish","4":"has-post-thumbnail","6":"product_cat-archivo-vendidos","7":"sales-flash-overlay","8":"woocommerce-text-align-center","9":"woocommerce-image-align-center","10":"do-quantity-buttons","12":"first","13":"outofstock","14":"purchasable","15":"product-type-simple"},"_links":{"self":[{"href":"https:\/\/original-militaria.com\/en\/wp-json\/wp\/v2\/product\/5301","targetHints":{"allow":["GET"]}}],"collection":[{"href":"https:\/\/original-militaria.com\/en\/wp-json\/wp\/v2\/product"}],"about":[{"href":"https:\/\/original-militaria.com\/en\/wp-json\/wp\/v2\/types\/product"}],"wp:featuredmedia":[{"embeddable":true,"href":"https:\/\/original-militaria.com\/en\/wp-json\/wp\/v2\/media\/5302"}],"wp:attachment":[{"href":"https:\/\/original-militaria.com\/en\/wp-json\/wp\/v2\/media?parent=5301"}],"wp:term":[{"taxonomy":"product_brand","embeddable":true,"href":"https:\/\/original-militaria.com\/en\/wp-json\/wp\/v2\/product_brand?post=5301"},{"taxonomy":"product_cat","embeddable":true,"href":"https:\/\/original-militaria.com\/en\/wp-json\/wp\/v2\/product_cat?post=5301"},{"taxonomy":"product_tag","embeddable":true,"href":"https:\/\/original-militaria.com\/en\/wp-json\/wp\/v2\/product_tag?post=5301"}],"curies":[{"name":"wp","href":"https:\/\/api.w.org\/{rel}","templated":true}]}}