{"id":5282,"date":"2017-09-05T11:29:36","date_gmt":"2017-09-05T11:29:36","guid":{"rendered":"https:\/\/original-militaria.com\/?post_type=product&#038;p=5282"},"modified":"2022-11-17T17:46:44","modified_gmt":"2022-11-17T16:46:44","slug":"album-de-fotos-de-un-soldado-del-hospital-de-campana-766","status":"publish","type":"product","link":"https:\/\/original-militaria.com\/en\/producto\/album-de-fotos-de-un-soldado-del-hospital-de-campana-766\/","title":{"rendered":"Album de Fotos de un Soldado del Hospital de Campa\u00f1a 766"},"content":{"rendered":"<p style=\"text-align: justify;\"><span style=\"font-size: 12pt; font-family: verdana, geneva, sans-serif;\">\u00c1lbum de Fotos de un soldado alem\u00e1n de WW2. En este \u00e1lbum hay alrededor de 145 fotos. Algunas de estas fotos parece ser que se han tomado por Francia, son fotos particulares, hay de todo, soldados, veh\u00edculos, Cruz Roja Lazarett, etc. Este soldado probablemente sirvi\u00f3 con el Hospital de Campa\u00f1a 766 (Feldlazarett (mot.) 766).<\/span><\/p>\n<p style=\"text-align: justify;\">\n","protected":false},"excerpt":{"rendered":"<p>&nbsp;<\/p>\n<p style=\"text-align: justify;\"><span style=\"font-size: medium;\"><span style=\"font-family: Verdana;\"><strong>DESCRIPCION:<\/strong> Album de Fotos de un soldado alem\u00e1n de WW2. En este \u00e1lbum hay alrededor de 145 fotos. Algunas de estas fotos parece ser que se han tomado por Francia, son fotos particulares, hay de todo, soldados, veh\u00edculos, Cruz Roja Lazarett, etc. Este soldado probablemente sirvio con el Hospital de Campa\u00f1a 766 (Feldlazarett (mot.) 766).<\/span><\/span><\/p>\n<p style=\"text-align: justify;\"><span style=\"font-size: medium;\"><strong>ANTECEDENTES:<\/strong>\u00a0El instinto humano b\u00e1sico dicta los soldados en el campo de batalla independientemente de su nacionalidad el enviar fotos a casa, siempre para sus seres queridos. Como resultado de ello era muy com\u00fan los soldados que se fotografiaban o que fotografiaban a los amigos, escenas de combate, lugares etc las enviaran. Tambi\u00e9n hay muchas otras razones para que se enviaran a casa.<\/span><\/p>\n","protected":false},"featured_media":5283,"template":"","meta":[],"product_brand":[],"product_cat":[172,224],"product_tag":[],"class_list":{"0":"post-5282","1":"product","2":"type-product","3":"status-publish","4":"has-post-thumbnail","6":"product_cat-militaria-alemana-ww2","7":"product_cat-archivo-vendidos","8":"sales-flash-overlay","9":"woocommerce-text-align-center","10":"woocommerce-image-align-center","11":"do-quantity-buttons","13":"first","14":"outofstock","15":"product-type-simple"},"_links":{"self":[{"href":"https:\/\/original-militaria.com\/en\/wp-json\/wp\/v2\/product\/5282","targetHints":{"allow":["GET"]}}],"collection":[{"href":"https:\/\/original-militaria.com\/en\/wp-json\/wp\/v2\/product"}],"about":[{"href":"https:\/\/original-militaria.com\/en\/wp-json\/wp\/v2\/types\/product"}],"wp:featuredmedia":[{"embeddable":true,"href":"https:\/\/original-militaria.com\/en\/wp-json\/wp\/v2\/media\/5283"}],"wp:attachment":[{"href":"https:\/\/original-militaria.com\/en\/wp-json\/wp\/v2\/media?parent=5282"}],"wp:term":[{"taxonomy":"product_brand","embeddable":true,"href":"https:\/\/original-militaria.com\/en\/wp-json\/wp\/v2\/product_brand?post=5282"},{"taxonomy":"product_cat","embeddable":true,"href":"https:\/\/original-militaria.com\/en\/wp-json\/wp\/v2\/product_cat?post=5282"},{"taxonomy":"product_tag","embeddable":true,"href":"https:\/\/original-militaria.com\/en\/wp-json\/wp\/v2\/product_tag?post=5282"}],"curies":[{"name":"wp","href":"https:\/\/api.w.org\/{rel}","templated":true}]}}